{"id":20721,"date":"2024-06-14T15:36:55","date_gmt":"2024-06-14T15:36:55","guid":{"rendered":"https:\/\/simfoniya.az\/?post_type=product&#038;p=20721"},"modified":"2024-09-25T10:05:07","modified_gmt":"2024-09-25T10:05:07","slug":"margaroli-tq-sole-int-460mm-11m-qizili-2","status":"publish","type":"product","link":"https:\/\/simfoniya.az\/en\/product\/margaroli-tq-sole-int-460mm-11m-qizili-2\/","title":{"rendered":"Margoli \/ Dryer"},"content":{"rendered":"<div class=\"flex w-full flex-col gap-1 empty:hidden first:pt-[3px]\">\n<div class=\"markdown prose w-full break-words dark:prose-invert light\">\n<p>Bu mobil d\u0259smal quruducu, parlaq xrom \u00f6rt\u00fcy\u00fc il\u0259 d\u0259bli v\u0259 funksional bir \u0259lav\u0259dir. T\u0259k\u0259rl\u0259ri say\u0259sind\u0259 asan h\u0259r\u0259k\u0259t ed\u0259 bil\u0259r v\u0259 vanna ota\u011f\u0131nda laz\u0131mi yeri asanl\u0131qla d\u0259yi\u015fdir\u0259 bil\u0259rsiniz. Bird\u0259n \u00e7ox \u00e7ubu\u011fu olan bu dizayn, m\u00fcxt\u0259lif \u00f6l\u00e7\u00fcl\u0259rd\u0259 havlular\u0131 asmaq v\u0259 qurutmaq imkan\u0131 verir. Havlu quruducunun korroziyaya qar\u015f\u0131 davaml\u0131 yap\u0131s\u0131 uzun m\u00fcdd\u0259tli istifad\u0259ni t\u0259min ed\u0259r\u0259k, vanna ota\u011f\u0131n\u0131z\u0131n estetik g\u00f6r\u00fcn\u00fc\u015f\u00fcn\u0259 z\u0259rif bir toxunu\u015f \u0259lav\u0259 edir. Bu praktik aksesuar, h\u0259m i\u015fl\u0259kliyi h\u0259m d\u0259 g\u00f6z\u0259l dizayn\u0131 il\u0259 ideal se\u00e7imdir.<\/p>\n<\/div>\n<\/div>\n<div class=\"text-sm text-token-text-error border-token-surface-error\/15 bg-token-surface-error flex w-full items-start gap-3 rounded-2xl border p-4 bg-opacity-5\">\n<div class=\"pt-px\">\n<div class=\"markdown prose w-full break-words dark:prose-invert\">\n<p>&nbsp;<\/p>\n<\/div>\n<\/div>\n<\/div>\n","protected":false},"excerpt":{"rendered":"<p>Bu mobil d\u0259smal quruducu, parlaq xrom \u00f6rt\u00fcy\u00fc il\u0259 d\u0259bli v\u0259 funksional bir \u0259lav\u0259dir. T\u0259k\u0259rl\u0259ri say\u0259sind\u0259 asan h\u0259r\u0259k\u0259t ed\u0259 bil\u0259r v\u0259 vanna ota\u011f\u0131nda laz\u0131mi yeri asanl\u0131qla d\u0259yi\u015fdir\u0259 bil\u0259rsiniz. Bird\u0259n \u00e7ox \u00e7ubu\u011fu olan bu dizayn, m\u00fcxt\u0259lif \u00f6l\u00e7\u00fcl\u0259rd\u0259 havlular\u0131 asmaq v\u0259 qurutmaq imkan\u0131 verir. Havlu quruducunun korroziyaya qar\u015f\u0131 davaml\u0131 yap\u0131s\u0131 uzun m\u00fcdd\u0259tli istifad\u0259ni t\u0259min ed\u0259r\u0259k, vanna ota\u011f\u0131n\u0131z\u0131n estetik g\u00f6r\u00fcn\u00fc\u015f\u00fcn\u0259 z\u0259rif bir toxunu\u015f \u0259lav\u0259\u2026<\/p>","protected":false},"featured_media":20722,"comment_status":"closed","ping_status":"closed","template":"","meta":[],"product_brand":[],"product_cat":[1330],"product_tag":[],"collection":[],"brand":[1439],"category_2":[],"catergory_brand":[],"class_list":{"0":"post-20721","1":"product","2":"type-product","3":"status-publish","4":"has-post-thumbnail","6":"product_cat-heated-towel-rails","7":"brand-margaroli","9":"first","10":"instock","11":"shipping-taxable","12":"product-type-simple"},"_links":{"self":[{"href":"https:\/\/simfoniya.az\/en\/wp-json\/wp\/v2\/product\/20721","targetHints":{"allow":["GET"]}}],"collection":[{"href":"https:\/\/simfoniya.az\/en\/wp-json\/wp\/v2\/product"}],"about":[{"href":"https:\/\/simfoniya.az\/en\/wp-json\/wp\/v2\/types\/product"}],"replies":[{"embeddable":true,"href":"https:\/\/simfoniya.az\/en\/wp-json\/wp\/v2\/comments?post=20721"}],"wp:featuredmedia":[{"embeddable":true,"href":"https:\/\/simfoniya.az\/en\/wp-json\/wp\/v2\/media\/20722"}],"wp:attachment":[{"href":"https:\/\/simfoniya.az\/en\/wp-json\/wp\/v2\/media?parent=20721"}],"wp:term":[{"taxonomy":"product_brand","embeddable":true,"href":"https:\/\/simfoniya.az\/en\/wp-json\/wp\/v2\/product_brand?post=20721"},{"taxonomy":"product_cat","embeddable":true,"href":"https:\/\/simfoniya.az\/en\/wp-json\/wp\/v2\/product_cat?post=20721"},{"taxonomy":"product_tag","embeddable":true,"href":"https:\/\/simfoniya.az\/en\/wp-json\/wp\/v2\/product_tag?post=20721"},{"taxonomy":"collection","embeddable":true,"href":"https:\/\/simfoniya.az\/en\/wp-json\/wp\/v2\/collection?post=20721"},{"taxonomy":"brand","embeddable":true,"href":"https:\/\/simfoniya.az\/en\/wp-json\/wp\/v2\/brand?post=20721"},{"taxonomy":"category_2","embeddable":true,"href":"https:\/\/simfoniya.az\/en\/wp-json\/wp\/v2\/category_2?post=20721"},{"taxonomy":"catergory_brand","embeddable":true,"href":"https:\/\/simfoniya.az\/en\/wp-json\/wp\/v2\/catergory_brand?post=20721"}],"curies":[{"name":"wp","href":"https:\/\/api.w.org\/{rel}","templated":true}]}}