{"id":21075,"date":"2024-07-09T11:42:09","date_gmt":"2024-07-09T11:42:09","guid":{"rendered":"https:\/\/simfoniya.az\/?post_type=product&#038;p=21075"},"modified":"2024-10-01T11:04:03","modified_gmt":"2024-10-01T11:04:03","slug":"tres-monoclasic-190-2-funksiyali-acma-qolu","status":"publish","type":"product","link":"https:\/\/simfoniya.az\/en\/product\/tres-monoclasic-190-2-funksiyali-acma-qolu\/","title":{"rendered":"Tres Monoclasic \/ 2 Function release lever"},"content":{"rendered":"<div class=\"flex max-w-full flex-col flex-grow\">\n<div class=\"min-h-8 text-message flex w-full flex-col items-end gap-2 whitespace-normal break-words [.text-message+&amp;]:mt-5\" dir=\"auto\" data-message-author-role=\"assistant\" data-message-id=\"3c929464-d77e-4a1c-aec4-3513c4d2b313\">\n<div class=\"flex w-full flex-col gap-1 empty:hidden first:pt-[3px]\">\n<div class=\"markdown prose w-full break-words dark:prose-invert light\">\n<p>Bu qar\u0131\u015fd\u0131r\u0131c\u0131 kran, m\u0259tb\u0259x v\u0259 ya hamam\u0131n\u0131z \u00fc\u00e7\u00fcn m\u00fck\u0259mm\u0259l se\u00e7imdir. Y\u00fcks\u0259k keyfiyy\u0259tli materiallardan haz\u0131rlanm\u0131\u015f bu kran, davaml\u0131l\u0131\u011f\u0131 v\u0259 funksionall\u0131\u011f\u0131 il\u0259 se\u00e7ilir. Su temperaturunu v\u0259 t\u0259zyiqini rahatl\u0131qla idar\u0259 etm\u0259y\u0259 imkan ver\u0259n ergonomik dizayna malikdir. M\u00fcasir v\u0259 z\u0259rif g\u00f6r\u00fcn\u00fc\u015f\u00fc il\u0259 interyeriniz\u0259 estetik bir toxunu\u015f qat\u0131r.<\/p>\n<\/div>\n<\/div>\n<\/div>\n<\/div>\n<div class=\"mb-2 flex gap-3 empty:hidden -ml-2\">\n<div class=\"items-center justify-start rounded-xl p-1 z-10 -mt-1 bg-token-main-surface-primary md:absolute md:sr-only\">\n<div class=\"flex items-center\">\n<p>&nbsp;<\/p>\n<div class=\"flex\"><\/div>\n<div class=\"flex items-center pb-0\"><\/div>\n<\/div>\n<\/div>\n<\/div>\n","protected":false},"excerpt":{"rendered":"<p>This mixer tap is the perfect choice for your kitchen or bathroom. Made of high-quality materials, this faucet stands out for its durability and functionality. It has an ergonomic design that allows you to easily control the water temperature and pressure. It adds an aesthetic touch to your interior with its modern and elegant look. &nbsp;<\/p>","protected":false},"featured_media":23521,"comment_status":"closed","ping_status":"closed","template":"","meta":[],"product_brand":[],"product_cat":[1394],"product_tag":[],"collection":[],"brand":[1435],"category_2":[],"catergory_brand":[],"class_list":{"0":"post-21075","1":"product","2":"type-product","3":"status-publish","4":"has-post-thumbnail","6":"product_cat-shower-mixer","7":"brand-tres","9":"first","10":"instock","11":"shipping-taxable","12":"product-type-simple"},"_links":{"self":[{"href":"https:\/\/simfoniya.az\/en\/wp-json\/wp\/v2\/product\/21075","targetHints":{"allow":["GET"]}}],"collection":[{"href":"https:\/\/simfoniya.az\/en\/wp-json\/wp\/v2\/product"}],"about":[{"href":"https:\/\/simfoniya.az\/en\/wp-json\/wp\/v2\/types\/product"}],"replies":[{"embeddable":true,"href":"https:\/\/simfoniya.az\/en\/wp-json\/wp\/v2\/comments?post=21075"}],"wp:featuredmedia":[{"embeddable":true,"href":"https:\/\/simfoniya.az\/en\/wp-json\/wp\/v2\/media\/23521"}],"wp:attachment":[{"href":"https:\/\/simfoniya.az\/en\/wp-json\/wp\/v2\/media?parent=21075"}],"wp:term":[{"taxonomy":"product_brand","embeddable":true,"href":"https:\/\/simfoniya.az\/en\/wp-json\/wp\/v2\/product_brand?post=21075"},{"taxonomy":"product_cat","embeddable":true,"href":"https:\/\/simfoniya.az\/en\/wp-json\/wp\/v2\/product_cat?post=21075"},{"taxonomy":"product_tag","embeddable":true,"href":"https:\/\/simfoniya.az\/en\/wp-json\/wp\/v2\/product_tag?post=21075"},{"taxonomy":"collection","embeddable":true,"href":"https:\/\/simfoniya.az\/en\/wp-json\/wp\/v2\/collection?post=21075"},{"taxonomy":"brand","embeddable":true,"href":"https:\/\/simfoniya.az\/en\/wp-json\/wp\/v2\/brand?post=21075"},{"taxonomy":"category_2","embeddable":true,"href":"https:\/\/simfoniya.az\/en\/wp-json\/wp\/v2\/category_2?post=21075"},{"taxonomy":"catergory_brand","embeddable":true,"href":"https:\/\/simfoniya.az\/en\/wp-json\/wp\/v2\/catergory_brand?post=21075"}],"curies":[{"name":"wp","href":"https:\/\/api.w.org\/{rel}","templated":true}]}}