{"id":21250,"date":"2024-07-11T12:46:13","date_gmt":"2024-07-11T12:46:13","guid":{"rendered":"https:\/\/simfoniya.az\/?post_type=product&#038;p=21250"},"modified":"2024-10-11T02:42:24","modified_gmt":"2024-10-11T02:42:24","slug":"teorema-niagara-vanna-su-qarisdiricisi-91a1605125","status":"publish","type":"product","link":"https:\/\/simfoniya.az\/en\/product\/teorema-niagara-vanna-su-qarisdiricisi-91a1605125\/","title":{"rendered":"Teorema Niagara \/ Valve water mixer"},"content":{"rendered":"<div class=\"flex w-full flex-col gap-1 empty:hidden first:pt-[3px]\">\n<div class=\"markdown prose w-full break-words dark:prose-invert light\">\n<p>Bu vanna d\u0259sti, m\u00fcasir dizayna v\u0259 y\u00fcks\u0259k funksionall\u0131\u011fa sahibdir. D\u0259st\u0259 bir qar\u0131\u015fd\u0131r\u0131c\u0131 musluk, bir du\u015f ba\u015fl\u0131\u011f\u0131 v\u0259 suyun istiliyini v\u0259 ax\u0131n\u0131n\u0131 t\u0259nziml\u0259m\u0259k \u00fc\u00e7\u00fcn bir n\u0259zar\u0259t paneli daxildir. Du\u015f ba\u015fl\u0131\u011f\u0131 m\u00fcxt\u0259lif rejiml\u0259r t\u0259klif edir ki, bu da istifad\u0259\u00e7iy\u0259 f\u0259rqli du\u015f t\u0259cr\u00fcb\u0259l\u0259ri ya\u015fatma\u011fa imkan verir. Qar\u0131\u015fd\u0131r\u0131c\u0131 muslu\u011fun krom kaplamas\u0131, ona parlaq v\u0259 m\u00fcasir bir g\u00f6r\u00fcn\u00fc\u015f verir, h\u0259m\u00e7inin korroziyaya qar\u015f\u0131 dayan\u0131ql\u0131l\u0131q t\u0259min edir. Bu du\u015f d\u0259sti, h\u0259r hans\u0131 m\u00fcasir vanna ota\u011f\u0131na \u015f\u0131kl\u0131k v\u0259 praktiklik \u0259lav\u0259 ed\u0259r\u0259k, h\u0259m g\u00f6z\u0259llik h\u0259m d\u0259 rahatl\u0131q t\u0259klif edir.<\/p>\n<\/div>\n<\/div>\n<div class=\"text-sm text-token-text-error border-token-surface-error\/15 bg-token-surface-error flex w-full items-start gap-3 rounded-2xl border p-4 bg-opacity-5\">\n<div class=\"pt-px\">\n<div class=\"markdown prose w-full break-words dark:prose-invert\">\n<p>&nbsp;<\/p>\n<\/div>\n<\/div>\n<\/div>\n","protected":false},"excerpt":{"rendered":"<p>Bu vanna d\u0259sti, m\u00fcasir dizayna v\u0259 y\u00fcks\u0259k funksionall\u0131\u011fa sahibdir. D\u0259st\u0259 bir qar\u0131\u015fd\u0131r\u0131c\u0131 musluk, bir du\u015f ba\u015fl\u0131\u011f\u0131 v\u0259 suyun istiliyini v\u0259 ax\u0131n\u0131n\u0131 t\u0259nziml\u0259m\u0259k \u00fc\u00e7\u00fcn bir n\u0259zar\u0259t paneli daxildir. Du\u015f ba\u015fl\u0131\u011f\u0131 m\u00fcxt\u0259lif rejiml\u0259r t\u0259klif edir ki, bu da istifad\u0259\u00e7iy\u0259 f\u0259rqli du\u015f t\u0259cr\u00fcb\u0259l\u0259ri ya\u015fatma\u011fa imkan verir. Qar\u0131\u015fd\u0131r\u0131c\u0131 muslu\u011fun krom kaplamas\u0131, ona parlaq v\u0259 m\u00fcasir bir g\u00f6r\u00fcn\u00fc\u015f verir, h\u0259m\u00e7inin korroziyaya qar\u015f\u0131 dayan\u0131ql\u0131l\u0131q t\u0259min edir.\u2026<\/p>","protected":false},"featured_media":22554,"comment_status":"closed","ping_status":"closed","template":"","meta":[],"product_brand":[],"product_cat":[410],"product_tag":[],"collection":[],"brand":[1383],"category_2":[],"catergory_brand":[],"class_list":{"0":"post-21250","1":"product","2":"type-product","3":"status-publish","4":"has-post-thumbnail","6":"product_cat-shower-heads","7":"brand-teorema","9":"first","10":"instock","11":"shipping-taxable","12":"product-type-simple"},"_links":{"self":[{"href":"https:\/\/simfoniya.az\/en\/wp-json\/wp\/v2\/product\/21250","targetHints":{"allow":["GET"]}}],"collection":[{"href":"https:\/\/simfoniya.az\/en\/wp-json\/wp\/v2\/product"}],"about":[{"href":"https:\/\/simfoniya.az\/en\/wp-json\/wp\/v2\/types\/product"}],"replies":[{"embeddable":true,"href":"https:\/\/simfoniya.az\/en\/wp-json\/wp\/v2\/comments?post=21250"}],"wp:featuredmedia":[{"embeddable":true,"href":"https:\/\/simfoniya.az\/en\/wp-json\/wp\/v2\/media\/22554"}],"wp:attachment":[{"href":"https:\/\/simfoniya.az\/en\/wp-json\/wp\/v2\/media?parent=21250"}],"wp:term":[{"taxonomy":"product_brand","embeddable":true,"href":"https:\/\/simfoniya.az\/en\/wp-json\/wp\/v2\/product_brand?post=21250"},{"taxonomy":"product_cat","embeddable":true,"href":"https:\/\/simfoniya.az\/en\/wp-json\/wp\/v2\/product_cat?post=21250"},{"taxonomy":"product_tag","embeddable":true,"href":"https:\/\/simfoniya.az\/en\/wp-json\/wp\/v2\/product_tag?post=21250"},{"taxonomy":"collection","embeddable":true,"href":"https:\/\/simfoniya.az\/en\/wp-json\/wp\/v2\/collection?post=21250"},{"taxonomy":"brand","embeddable":true,"href":"https:\/\/simfoniya.az\/en\/wp-json\/wp\/v2\/brand?post=21250"},{"taxonomy":"category_2","embeddable":true,"href":"https:\/\/simfoniya.az\/en\/wp-json\/wp\/v2\/category_2?post=21250"},{"taxonomy":"catergory_brand","embeddable":true,"href":"https:\/\/simfoniya.az\/en\/wp-json\/wp\/v2\/catergory_brand?post=21250"}],"curies":[{"name":"wp","href":"https:\/\/api.w.org\/{rel}","templated":true}]}}