{"id":21630,"date":"2024-07-25T11:50:23","date_gmt":"2024-07-25T11:50:23","guid":{"rendered":"https:\/\/simfoniya.az\/?post_type=product&#038;p=21630"},"modified":"2024-09-25T07:12:49","modified_gmt":"2024-09-25T07:12:49","slug":"teorema-goodlife-stoyka-dus-desti-xrom","status":"publish","type":"product","link":"https:\/\/simfoniya.az\/en\/product\/teorema-goodlife-stoyka-dus-desti-xrom\/","title":{"rendered":"Teorema Goodlife \/ Shower set \/ Chrome"},"content":{"rendered":"<div class=\"flex max-w-full flex-col flex-grow\">\n<div class=\"min-h-8 text-message flex w-full flex-col items-end gap-2 whitespace-normal break-words [.text-message+&amp;]:mt-5\" dir=\"auto\" data-message-author-role=\"assistant\" data-message-id=\"1d2debb7-b2c6-40b3-a550-bd32490c30d3\">\n<div class=\"flex w-full flex-col gap-1 empty:hidden first:pt-[3px]\">\n<div class=\"markdown prose w-full break-words dark:prose-invert light\">\n<p>Du\u015f komplekti, banyoda rahat du\u015f almaq \u00fc\u00e7\u00fcn laz\u0131m olan avadanl\u0131qlar\u0131n toplusudur. Bu komplekt ad\u0259t\u0259n du\u015f ba\u015fl\u0131\u011f\u0131, du\u015f \u015flanq\u0131 v\u0259 su qar\u0131\u015fd\u0131r\u0131c\u0131 krandan ibar\u0259t olur. Du\u015f ba\u015fl\u0131\u011f\u0131 suyun ax\u0131n\u0131n\u0131 v\u0259 t\u0259zyiqini t\u0259nziml\u0259m\u0259y\u0259 imkan verir. Su qar\u0131\u015fd\u0131r\u0131c\u0131 kran is\u0259 isti v\u0259 soyuq suyun qar\u0131\u015fd\u0131r\u0131lmas\u0131n\u0131 t\u0259min edir.<\/p>\n<\/div>\n<\/div>\n<\/div>\n<\/div>\n<div class=\"mb-2 flex gap-3 empty:hidden -ml-2\">\n<div class=\"items-center justify-start rounded-xl p-1 z-10 -mt-1 bg-token-main-surface-primary md:absolute flex\">\n<div class=\"flex items-center\"><button class=\"rounded-lg text-token-text-secondary hover:bg-token-main-surface-secondary\" aria-label=\"Read aloud\" data-testid=\"voice-play-turn-action-button\"><\/button><button class=\"rounded-lg text-token-text-secondary hover:bg-token-main-surface-secondary\" aria-label=\"\u041a\u043e\u043f\u0438\u0440\u043e\u0432\u0430\u0442\u044c\" data-testid=\"copy-turn-action-button\"><\/button><\/p>\n<div class=\"flex\"><\/div>\n<div class=\"flex items-center pb-0\"><\/div>\n<\/div>\n<\/div>\n<\/div>\n","protected":false},"excerpt":{"rendered":"<p>A shower set is a collection of equipment necessary for a comfortable shower in the bathroom. This set usually consists of a shower head, a shower hose and a water mixing faucet. The shower head allows you to adjust the flow and pressure of the water. A water mixing faucet provides mixing of hot and cold water.<\/p>","protected":false},"featured_media":21631,"comment_status":"closed","ping_status":"closed","template":"","meta":[],"product_brand":[],"product_cat":[1392],"product_tag":[],"collection":[],"brand":[1383],"category_2":[],"catergory_brand":[],"class_list":{"0":"post-21630","1":"product","2":"type-product","3":"status-publish","4":"has-post-thumbnail","6":"product_cat-shower-and-components","7":"brand-teorema","9":"first","10":"instock","11":"shipping-taxable","12":"product-type-simple"},"_links":{"self":[{"href":"https:\/\/simfoniya.az\/en\/wp-json\/wp\/v2\/product\/21630","targetHints":{"allow":["GET"]}}],"collection":[{"href":"https:\/\/simfoniya.az\/en\/wp-json\/wp\/v2\/product"}],"about":[{"href":"https:\/\/simfoniya.az\/en\/wp-json\/wp\/v2\/types\/product"}],"replies":[{"embeddable":true,"href":"https:\/\/simfoniya.az\/en\/wp-json\/wp\/v2\/comments?post=21630"}],"wp:featuredmedia":[{"embeddable":true,"href":"https:\/\/simfoniya.az\/en\/wp-json\/wp\/v2\/media\/21631"}],"wp:attachment":[{"href":"https:\/\/simfoniya.az\/en\/wp-json\/wp\/v2\/media?parent=21630"}],"wp:term":[{"taxonomy":"product_brand","embeddable":true,"href":"https:\/\/simfoniya.az\/en\/wp-json\/wp\/v2\/product_brand?post=21630"},{"taxonomy":"product_cat","embeddable":true,"href":"https:\/\/simfoniya.az\/en\/wp-json\/wp\/v2\/product_cat?post=21630"},{"taxonomy":"product_tag","embeddable":true,"href":"https:\/\/simfoniya.az\/en\/wp-json\/wp\/v2\/product_tag?post=21630"},{"taxonomy":"collection","embeddable":true,"href":"https:\/\/simfoniya.az\/en\/wp-json\/wp\/v2\/collection?post=21630"},{"taxonomy":"brand","embeddable":true,"href":"https:\/\/simfoniya.az\/en\/wp-json\/wp\/v2\/brand?post=21630"},{"taxonomy":"category_2","embeddable":true,"href":"https:\/\/simfoniya.az\/en\/wp-json\/wp\/v2\/category_2?post=21630"},{"taxonomy":"catergory_brand","embeddable":true,"href":"https:\/\/simfoniya.az\/en\/wp-json\/wp\/v2\/catergory_brand?post=21630"}],"curies":[{"name":"wp","href":"https:\/\/api.w.org\/{rel}","templated":true}]}}