{"id":21714,"date":"2024-07-26T06:36:08","date_gmt":"2024-07-26T06:36:08","guid":{"rendered":"https:\/\/simfoniya.az\/?post_type=product&#038;p=21714"},"modified":"2024-11-04T10:20:16","modified_gmt":"2024-11-04T10:20:16","slug":"teorema-metbex-smesiteli-xrom","status":"publish","type":"product","link":"https:\/\/simfoniya.az\/en\/product\/teorema-metbex-smesiteli-xrom\/","title":{"rendered":"Teorema \/ Kitchen mixer \/ Chrome"},"content":{"rendered":"<div class=\"flex max-w-full flex-col flex-grow\">\n<div class=\"min-h-8 text-message flex w-full flex-col items-end gap-2 whitespace-normal break-words [.text-message+&amp;]:mt-5\" dir=\"auto\" data-message-author-role=\"assistant\" data-message-id=\"b6c46c67-c715-42ed-ba9e-f6dfc808c491\">\n<div class=\"flex w-full flex-col gap-1 empty:hidden first:pt-[3px]\">\n<div class=\"markdown prose w-full break-words dark:prose-invert light\">\n<p>Bu y\u00fcks\u0259k keyfiyy\u0259tli m\u0259tb\u0259x qar\u0131\u015fd\u0131r\u0131c\u0131 kran\u0131 m\u0259tb\u0259xiniz \u00fc\u00e7\u00fcn ideal se\u00e7imdir. Paslanmayan poladdan haz\u0131rlanm\u0131\u015f bu kran, davaml\u0131l\u0131\u011f\u0131 v\u0259 etibarl\u0131l\u0131\u011f\u0131 il\u0259 se\u00e7ilir. 360 d\u0259r\u0259c\u0259 f\u0131rlana bil\u0259n g\u00f6vd\u0259si il\u0259 qablar\u0131n v\u0259 t\u0259r\u0259v\u0259zl\u0259rin yuyulmas\u0131n\u0131 asanla\u015fd\u0131r\u0131r. Ergonomik dizayn\u0131 v\u0259 m\u00fcasir g\u00f6r\u00fcn\u00fc\u015f\u00fc say\u0259sind\u0259 m\u0259tb\u0259xiniz\u0259 h\u0259m funksionall\u0131q, h\u0259m d\u0259 estetik g\u00f6z\u0259llik qat\u0131r.<\/p>\n<\/div>\n<\/div>\n<\/div>\n<\/div>\n<div class=\"mb-2 flex gap-3 empty:hidden -ml-2\">\n<div class=\"items-center justify-start rounded-xl p-1 flex\">\n<div class=\"flex items-center\">\n<p>&nbsp;<\/p>\n<div class=\"flex\"><\/div>\n<div class=\"flex items-center pb-0\"><\/div>\n<\/div>\n<\/div>\n<\/div>\n","protected":false},"excerpt":{"rendered":"<p>This high-quality kitchen mixer tap is an ideal choice for your kitchen. Made of stainless steel, this faucet stands out for its durability and reliability. It makes it easy to wash dishes and vegetables with its 360-degree rotatable body. Thanks to its ergonomic design and modern appearance, it adds both functionality and aesthetic beauty to your kitchen. &nbsp;<\/p>","protected":false},"featured_media":21715,"comment_status":"closed","ping_status":"closed","template":"","meta":[],"product_brand":[],"product_cat":[1397],"product_tag":[],"collection":[],"brand":[1383],"category_2":[],"catergory_brand":[],"class_list":{"0":"post-21714","1":"product","2":"type-product","3":"status-publish","4":"has-post-thumbnail","6":"product_cat-basin-water-bath-mixer","7":"brand-teorema","9":"first","10":"instock","11":"shipping-taxable","12":"product-type-simple"},"_links":{"self":[{"href":"https:\/\/simfoniya.az\/en\/wp-json\/wp\/v2\/product\/21714","targetHints":{"allow":["GET"]}}],"collection":[{"href":"https:\/\/simfoniya.az\/en\/wp-json\/wp\/v2\/product"}],"about":[{"href":"https:\/\/simfoniya.az\/en\/wp-json\/wp\/v2\/types\/product"}],"replies":[{"embeddable":true,"href":"https:\/\/simfoniya.az\/en\/wp-json\/wp\/v2\/comments?post=21714"}],"wp:featuredmedia":[{"embeddable":true,"href":"https:\/\/simfoniya.az\/en\/wp-json\/wp\/v2\/media\/21715"}],"wp:attachment":[{"href":"https:\/\/simfoniya.az\/en\/wp-json\/wp\/v2\/media?parent=21714"}],"wp:term":[{"taxonomy":"product_brand","embeddable":true,"href":"https:\/\/simfoniya.az\/en\/wp-json\/wp\/v2\/product_brand?post=21714"},{"taxonomy":"product_cat","embeddable":true,"href":"https:\/\/simfoniya.az\/en\/wp-json\/wp\/v2\/product_cat?post=21714"},{"taxonomy":"product_tag","embeddable":true,"href":"https:\/\/simfoniya.az\/en\/wp-json\/wp\/v2\/product_tag?post=21714"},{"taxonomy":"collection","embeddable":true,"href":"https:\/\/simfoniya.az\/en\/wp-json\/wp\/v2\/collection?post=21714"},{"taxonomy":"brand","embeddable":true,"href":"https:\/\/simfoniya.az\/en\/wp-json\/wp\/v2\/brand?post=21714"},{"taxonomy":"category_2","embeddable":true,"href":"https:\/\/simfoniya.az\/en\/wp-json\/wp\/v2\/category_2?post=21714"},{"taxonomy":"catergory_brand","embeddable":true,"href":"https:\/\/simfoniya.az\/en\/wp-json\/wp\/v2\/catergory_brand?post=21714"}],"curies":[{"name":"wp","href":"https:\/\/api.w.org\/{rel}","templated":true}]}}