{"id":21720,"date":"2024-07-26T06:53:46","date_gmt":"2024-07-26T06:53:46","guid":{"rendered":"https:\/\/simfoniya.az\/?post_type=product&#038;p=21720"},"modified":"2024-09-25T06:48:03","modified_gmt":"2024-09-25T06:48:03","slug":"teorema-scaccomatto-dus-ucun-su-qarisdiricisi-xrom-3","status":"publish","type":"product","link":"https:\/\/simfoniya.az\/en\/product\/teorema-scaccomatto-dus-ucun-su-qarisdiricisi-xrom-3\/","title":{"rendered":"Teorema Scaccomatto \/ Shower mixer \/ Chrome"},"content":{"rendered":"<div class=\"flex max-w-full flex-col flex-grow\">\n<div class=\"min-h-8 text-message flex w-full flex-col items-end gap-2 whitespace-normal break-words [.text-message+&amp;]:mt-5\" dir=\"auto\" data-message-author-role=\"assistant\" data-message-id=\"a27c2e34-de6b-449a-91b5-95be24394b44\">\n<div class=\"flex w-full flex-col gap-1 empty:hidden first:pt-[3px]\">\n<div class=\"markdown prose w-full break-words dark:prose-invert light\">\n<p>Du\u015f \u00fc\u00e7\u00fcn ke\u00e7id, du\u015f sistemind\u0259 suyun ax\u0131n\u0131n\u0131 v\u0259 istiqam\u0259tini idar\u0259 etm\u0259k \u00fc\u00e7\u00fcn istifad\u0259 olunan bir cihazd\u0131r. Bu ke\u00e7id vasit\u0259sil\u0259 suyu m\u00fcxt\u0259lif \u00e7\u0131x\u0131\u015flara, m\u0259s\u0259l\u0259n, \u00fcst du\u015f ba\u015fl\u0131\u011f\u0131, \u0259l du\u015fu v\u0259 ya masaj p\u00fcsk\u00fcr\u0259nl\u0259rin\u0259 y\u00f6nl\u0259ndirm\u0259k m\u00fcmk\u00fcnd\u00fcr. Ke\u00e7id ad\u0259t\u0259n su qar\u0131\u015fd\u0131r\u0131c\u0131 kranla birlikd\u0259 i\u015fl\u0259yir v\u0259 suyun temperaturu v\u0259 t\u0259zyiqi \u00fcz\u0259rind\u0259 tam n\u0259zar\u0259t imkan\u0131 verir. Keyfiyy\u0259tli bir du\u015f ke\u00e7idi, rahat v\u0259 f\u0259rdil\u0259\u015fdirilmi\u015f bir du\u015f t\u0259cr\u00fcb\u0259si t\u0259min edir.<\/p>\n<\/div>\n<\/div>\n<\/div>\n<\/div>\n<div class=\"mb-2 flex gap-3 empty:hidden -ml-2\">\n<div class=\"items-center justify-start rounded-xl p-1 flex\">\n<div class=\"flex items-center justify-center rounded-lg text-token-text-secondary\"><button class=\"flex h-[30px] w-[30px] items-center justify-center rounded-md hover:bg-token-main-surface-secondary disabled:opacity-50 disabled:hover:bg-transparent\" disabled=\"disabled\" aria-label=\"\u041f\u0440\u0435\u0434\u044b\u0434\u0443\u0449\u0438\u0439 \u043e\u0442\u0432\u0435\u0442\"><\/button><\/p>\n<div class=\"px-0.5 text-sm font-semibold tabular-nums\"><\/div>\n<\/div>\n<\/div>\n<\/div>\n","protected":false},"excerpt":{"rendered":"<p>Du\u015f \u00fc\u00e7\u00fcn ke\u00e7id, du\u015f sistemind\u0259 suyun ax\u0131n\u0131n\u0131 v\u0259 istiqam\u0259tini idar\u0259 etm\u0259k \u00fc\u00e7\u00fcn istifad\u0259 olunan bir cihazd\u0131r. Bu ke\u00e7id vasit\u0259sil\u0259 suyu m\u00fcxt\u0259lif \u00e7\u0131x\u0131\u015flara, m\u0259s\u0259l\u0259n, \u00fcst du\u015f ba\u015fl\u0131\u011f\u0131, \u0259l du\u015fu v\u0259 ya masaj p\u00fcsk\u00fcr\u0259nl\u0259rin\u0259 y\u00f6nl\u0259ndirm\u0259k m\u00fcmk\u00fcnd\u00fcr. Ke\u00e7id ad\u0259t\u0259n su qar\u0131\u015fd\u0131r\u0131c\u0131 kranla birlikd\u0259 i\u015fl\u0259yir v\u0259 suyun temperaturu v\u0259 t\u0259zyiqi \u00fcz\u0259rind\u0259 tam n\u0259zar\u0259t imkan\u0131 verir. Keyfiyy\u0259tli bir du\u015f ke\u00e7idi, rahat v\u0259 f\u0259rdil\u0259\u015fdirilmi\u015f bir du\u015f\u2026<\/p>","protected":false},"featured_media":21723,"comment_status":"closed","ping_status":"closed","template":"","meta":[],"product_brand":[],"product_cat":[1394],"product_tag":[],"collection":[1429],"brand":[1383],"category_2":[],"catergory_brand":[],"class_list":{"0":"post-21720","1":"product","2":"type-product","3":"status-publish","4":"has-post-thumbnail","6":"product_cat-shower-mixer","7":"collection-circle-two","8":"brand-teorema","10":"first","11":"instock","12":"shipping-taxable","13":"product-type-simple"},"_links":{"self":[{"href":"https:\/\/simfoniya.az\/en\/wp-json\/wp\/v2\/product\/21720","targetHints":{"allow":["GET"]}}],"collection":[{"href":"https:\/\/simfoniya.az\/en\/wp-json\/wp\/v2\/product"}],"about":[{"href":"https:\/\/simfoniya.az\/en\/wp-json\/wp\/v2\/types\/product"}],"replies":[{"embeddable":true,"href":"https:\/\/simfoniya.az\/en\/wp-json\/wp\/v2\/comments?post=21720"}],"wp:featuredmedia":[{"embeddable":true,"href":"https:\/\/simfoniya.az\/en\/wp-json\/wp\/v2\/media\/21723"}],"wp:attachment":[{"href":"https:\/\/simfoniya.az\/en\/wp-json\/wp\/v2\/media?parent=21720"}],"wp:term":[{"taxonomy":"product_brand","embeddable":true,"href":"https:\/\/simfoniya.az\/en\/wp-json\/wp\/v2\/product_brand?post=21720"},{"taxonomy":"product_cat","embeddable":true,"href":"https:\/\/simfoniya.az\/en\/wp-json\/wp\/v2\/product_cat?post=21720"},{"taxonomy":"product_tag","embeddable":true,"href":"https:\/\/simfoniya.az\/en\/wp-json\/wp\/v2\/product_tag?post=21720"},{"taxonomy":"collection","embeddable":true,"href":"https:\/\/simfoniya.az\/en\/wp-json\/wp\/v2\/collection?post=21720"},{"taxonomy":"brand","embeddable":true,"href":"https:\/\/simfoniya.az\/en\/wp-json\/wp\/v2\/brand?post=21720"},{"taxonomy":"category_2","embeddable":true,"href":"https:\/\/simfoniya.az\/en\/wp-json\/wp\/v2\/category_2?post=21720"},{"taxonomy":"catergory_brand","embeddable":true,"href":"https:\/\/simfoniya.az\/en\/wp-json\/wp\/v2\/catergory_brand?post=21720"}],"curies":[{"name":"wp","href":"https:\/\/api.w.org\/{rel}","templated":true}]}}