{"id":21816,"date":"2024-07-28T07:03:25","date_gmt":"2024-07-28T07:03:25","guid":{"rendered":"https:\/\/simfoniya.az\/?post_type=product&#038;p=21816"},"modified":"2024-09-25T06:42:33","modified_gmt":"2024-09-25T06:42:33","slug":"ba-specchi-oval-boyuducu-guzgu-xrom","status":"publish","type":"product","link":"https:\/\/simfoniya.az\/en\/product\/ba-specchi-oval-boyuducu-guzgu-xrom\/","title":{"rendered":"B&amp;A Specchi \/ Magnifying mirror \/ Chrome"},"content":{"rendered":"<div class=\"flex-shrink-0 flex flex-col relative items-end\">\n<div class=\"pt-0\">\n<div class=\"gizmo-bot-avatar flex h-8 w-8 items-center justify-center overflow-hidden rounded-full\">\n<div class=\"relative p-1 rounded-sm flex items-center justify-center bg-token-main-surface-primary text-token-text-primary h-8 w-8\">\n<div class=\"flex max-w-full flex-col flex-grow\">\n<div class=\"min-h-8 text-message flex w-full flex-col items-end gap-2 whitespace-normal break-words [.text-message+&amp;]:mt-5\" dir=\"auto\" data-message-author-role=\"assistant\" data-message-id=\"b7282a3d-46fe-4eda-b938-e23717502321\">\n<div class=\"flex w-full flex-col gap-1 empty:hidden first:pt-[3px]\">\n<div class=\"markdown prose w-full break-words dark:prose-invert light\">\n<p>Z\u0259f\u0259ran tonlar\u0131nda v\u0259 sad\u0259 \u00e7\u0259r\u00e7iv\u0259siz dizayna malik, m\u00fcasir \u00fcslubda bir g\u00fczg\u00fc. T\u0259miz x\u0259tl\u0259ri v\u0259 funksional \u00f6l\u00e7\u00fcs\u00fc il\u0259 interyerin minimalist atmosferin\u0259 uy\u011funla\u015faraq h\u0259m dekorativ, h\u0259m d\u0259 praktik rol oynay\u0131r.<\/p>\n<\/div>\n<\/div>\n<\/div>\n<\/div>\n<div class=\"mb-2 flex gap-3 empty:hidden -ml-2\">\n<div class=\"items-center justify-start rounded-xl p-1 flex\">\n<div class=\"flex items-center\"><button class=\"rounded-lg text-token-text-secondary hover:bg-token-main-surface-secondary\" aria-label=\"Read aloud\" data-testid=\"voice-play-turn-action-button\"><\/button><button class=\"rounded-lg text-token-text-secondary hover:bg-token-main-surface-secondary\" aria-label=\"Copy\" data-testid=\"copy-turn-action-button\"><\/button><\/p>\n<div class=\"flex\"><\/div>\n<div class=\"flex items-center pb-0\"><\/div>\n<\/div>\n<\/div>\n<\/div>\n<\/div>\n<\/div>\n<\/div>\n<\/div>\n","protected":false},"excerpt":{"rendered":"<p>A modern style mirror with saffron tones and a simple frameless design. With its clean lines and functional size, it plays both a decorative and practical role, adapting to the minimalist atmosphere of the interior.<\/p>","protected":false},"featured_media":22929,"comment_status":"closed","ping_status":"closed","template":"","meta":[],"product_brand":[],"product_cat":[426],"product_tag":[],"collection":[],"brand":[1443],"category_2":[],"catergory_brand":[],"class_list":{"0":"post-21816","1":"product","2":"type-product","3":"status-publish","4":"has-post-thumbnail","6":"product_cat-makeup-mirrors","7":"brand-bagno-association","9":"first","10":"instock","11":"shipping-taxable","12":"product-type-simple"},"_links":{"self":[{"href":"https:\/\/simfoniya.az\/en\/wp-json\/wp\/v2\/product\/21816","targetHints":{"allow":["GET"]}}],"collection":[{"href":"https:\/\/simfoniya.az\/en\/wp-json\/wp\/v2\/product"}],"about":[{"href":"https:\/\/simfoniya.az\/en\/wp-json\/wp\/v2\/types\/product"}],"replies":[{"embeddable":true,"href":"https:\/\/simfoniya.az\/en\/wp-json\/wp\/v2\/comments?post=21816"}],"wp:featuredmedia":[{"embeddable":true,"href":"https:\/\/simfoniya.az\/en\/wp-json\/wp\/v2\/media\/22929"}],"wp:attachment":[{"href":"https:\/\/simfoniya.az\/en\/wp-json\/wp\/v2\/media?parent=21816"}],"wp:term":[{"taxonomy":"product_brand","embeddable":true,"href":"https:\/\/simfoniya.az\/en\/wp-json\/wp\/v2\/product_brand?post=21816"},{"taxonomy":"product_cat","embeddable":true,"href":"https:\/\/simfoniya.az\/en\/wp-json\/wp\/v2\/product_cat?post=21816"},{"taxonomy":"product_tag","embeddable":true,"href":"https:\/\/simfoniya.az\/en\/wp-json\/wp\/v2\/product_tag?post=21816"},{"taxonomy":"collection","embeddable":true,"href":"https:\/\/simfoniya.az\/en\/wp-json\/wp\/v2\/collection?post=21816"},{"taxonomy":"brand","embeddable":true,"href":"https:\/\/simfoniya.az\/en\/wp-json\/wp\/v2\/brand?post=21816"},{"taxonomy":"category_2","embeddable":true,"href":"https:\/\/simfoniya.az\/en\/wp-json\/wp\/v2\/category_2?post=21816"},{"taxonomy":"catergory_brand","embeddable":true,"href":"https:\/\/simfoniya.az\/en\/wp-json\/wp\/v2\/catergory_brand?post=21816"}],"curies":[{"name":"wp","href":"https:\/\/api.w.org\/{rel}","templated":true}]}}