{"id":21926,"date":"2024-07-29T12:20:55","date_gmt":"2024-07-29T12:20:55","guid":{"rendered":"https:\/\/simfoniya.az\/?post_type=product&#038;p=21926"},"modified":"2024-11-04T10:24:03","modified_gmt":"2024-11-04T10:24:03","slug":"simas-arcade-unitaz-bacoku","status":"publish","type":"product","link":"https:\/\/simfoniya.az\/en\/product\/simas-arcade-unitaz-bacoku\/","title":{"rendered":"Simas Arcade \/ Toilet bowl"},"content":{"rendered":"<div class=\"flex-shrink-0 flex flex-col relative items-end\">\n<div class=\"pt-0\">\n<div class=\"gizmo-bot-avatar flex h-8 w-8 items-center justify-center overflow-hidden rounded-full\">\n<div class=\"relative p-1 rounded-sm flex items-center justify-center bg-token-main-surface-primary text-token-text-primary h-8 w-8\">\n<div class=\"flex max-w-full flex-col flex-grow\">\n<div class=\"min-h-8 text-message flex w-full flex-col items-end gap-2 whitespace-normal break-words [.text-message+&amp;]:mt-5\" dir=\"auto\" data-message-author-role=\"assistant\" data-message-id=\"75d93a1d-4df2-4364-890f-fbe547ea20bd\">\n<div class=\"flex w-full flex-col gap-1 empty:hidden first:pt-[3px]\">\n<div class=\"markdown prose w-full break-words dark:prose-invert light\">\n<p>Bu m\u00fcasir v\u0259 s\u0259liq\u0259li su qutusu, a\u011f keramikadan haz\u0131rlanm\u0131\u015fd\u0131r v\u0259 onun d\u00fcz v\u0259 sad\u0259 dizayn\u0131 h\u0259r hans\u0131 vanna ota\u011f\u0131na uy\u011funla\u015fd\u0131r\u0131la bil\u0259r. Minimalist dizayn\u0131 il\u0259 bu su qutusu, estetik c\u0259h\u0259td\u0259n g\u00f6z\u0259l g\u00f6r\u00fcn\u00fc\u015f\u0259 malikdir v\u0259 h\u0259m\u00e7inin funksional x\u00fcsusiyy\u0259tl\u0259r\u0259 sahibdir, su q\u0259na\u0259ti t\u0259min ed\u0259n effektiv flush sistemini daxil edir. Bu komponent, m\u00fcasir vanna otaqlar\u0131n\u0131n dizayn\u0131n\u0131 tamamlamaq \u00fc\u00e7\u00fcn m\u00fck\u0259mm\u0259l bir se\u00e7imdir.<\/p>\n<\/div>\n<\/div>\n<\/div>\n<\/div>\n<div class=\"mb-2 flex gap-3 empty:hidden -ml-2\">\n<div class=\"items-center justify-start rounded-xl p-1 z-10 -mt-1 bg-token-main-surface-primary md:absolute flex\">\n<div class=\"flex items-center\">\n<p>&nbsp;<\/p>\n<div class=\"flex\"><\/div>\n<div class=\"flex items-center pb-0\"><\/div>\n<\/div>\n<\/div>\n<\/div>\n<\/div>\n<\/div>\n<\/div>\n<\/div>\n","protected":false},"excerpt":{"rendered":"<p>This modern and sleek water tank is made of white ceramic and its flat and simple design can be adapted to any bathroom. With a minimalist design, this water box is aesthetically pleasing and also has functional features, including an efficient flush system that saves water. This component is a perfect choice to complete the design of modern bathrooms. &nbsp;<\/p>","protected":false},"featured_media":21927,"comment_status":"closed","ping_status":"closed","template":"","meta":[],"product_brand":[],"product_cat":[409],"product_tag":[],"collection":[],"brand":[1454],"category_2":[],"catergory_brand":[],"class_list":{"0":"post-21926","1":"product","2":"type-product","3":"status-publish","4":"has-post-thumbnail","6":"product_cat-bidets","7":"brand-simas","9":"first","10":"instock","11":"shipping-taxable","12":"product-type-simple"},"_links":{"self":[{"href":"https:\/\/simfoniya.az\/en\/wp-json\/wp\/v2\/product\/21926","targetHints":{"allow":["GET"]}}],"collection":[{"href":"https:\/\/simfoniya.az\/en\/wp-json\/wp\/v2\/product"}],"about":[{"href":"https:\/\/simfoniya.az\/en\/wp-json\/wp\/v2\/types\/product"}],"replies":[{"embeddable":true,"href":"https:\/\/simfoniya.az\/en\/wp-json\/wp\/v2\/comments?post=21926"}],"wp:featuredmedia":[{"embeddable":true,"href":"https:\/\/simfoniya.az\/en\/wp-json\/wp\/v2\/media\/21927"}],"wp:attachment":[{"href":"https:\/\/simfoniya.az\/en\/wp-json\/wp\/v2\/media?parent=21926"}],"wp:term":[{"taxonomy":"product_brand","embeddable":true,"href":"https:\/\/simfoniya.az\/en\/wp-json\/wp\/v2\/product_brand?post=21926"},{"taxonomy":"product_cat","embeddable":true,"href":"https:\/\/simfoniya.az\/en\/wp-json\/wp\/v2\/product_cat?post=21926"},{"taxonomy":"product_tag","embeddable":true,"href":"https:\/\/simfoniya.az\/en\/wp-json\/wp\/v2\/product_tag?post=21926"},{"taxonomy":"collection","embeddable":true,"href":"https:\/\/simfoniya.az\/en\/wp-json\/wp\/v2\/collection?post=21926"},{"taxonomy":"brand","embeddable":true,"href":"https:\/\/simfoniya.az\/en\/wp-json\/wp\/v2\/brand?post=21926"},{"taxonomy":"category_2","embeddable":true,"href":"https:\/\/simfoniya.az\/en\/wp-json\/wp\/v2\/category_2?post=21926"},{"taxonomy":"catergory_brand","embeddable":true,"href":"https:\/\/simfoniya.az\/en\/wp-json\/wp\/v2\/catergory_brand?post=21926"}],"curies":[{"name":"wp","href":"https:\/\/api.w.org\/{rel}","templated":true}]}}