{"id":22007,"date":"2024-07-30T05:38:28","date_gmt":"2024-07-30T05:38:28","guid":{"rendered":"https:\/\/simfoniya.az\/?post_type=product&#038;p=22007"},"modified":"2024-09-24T07:32:29","modified_gmt":"2024-09-24T07:32:29","slug":"simas-vasche-da-bagno-yan-panel-2","status":"publish","type":"product","link":"https:\/\/simfoniya.az\/en\/product\/simas-vasche-da-bagno-yan-panel-2\/","title":{"rendered":"Simas Vasche da Bagno \/ Side panel"},"content":{"rendered":"<div class=\"flex max-w-full flex-col flex-grow\">\n<div class=\"min-h-[20px] text-message flex w-full flex-col items-end gap-2 whitespace-normal break-words [.text-message+&amp;]:mt-5\" dir=\"auto\" data-message-author-role=\"assistant\" data-message-id=\"ddfa08e2-011e-4509-b9c5-88196c1c3403\">\n<div class=\"flex w-full flex-col gap-1 empty:hidden first:pt-[3px]\">\n<div class=\"markdown prose w-full break-words dark:prose-invert light\">\n<p>Bu uzun vanna ota\u011f\u0131 dolab\u0131, onun klassik panelli qap\u0131lar\u0131 v\u0259 s\u0259liq\u0259li dizayn\u0131 il\u0259 m\u00fcasir v\u0259 \u0259n\u0259n\u0259vi interyerl\u0259r \u00fc\u00e7\u00fcn uy\u011fun g\u0259lir. A\u011f keramikadan haz\u0131rlanm\u0131\u015f \u00fcst hiss\u0259si il\u0259 bu dolab, estetik g\u00f6r\u00fcn\u00fc\u015f\u0259 sahibdir v\u0259 eyni zamanda kifay\u0259t q\u0259d\u0259r saxlama sah\u0259si t\u0259klif edir. Bu element, vanna ota\u011f\u0131n\u0131zda funksional v\u0259 g\u00f6z\u0259l bir m\u0259rk\u0259z n\u00f6qt\u0259si yarad\u0131r, \u0259\u015fyalar\u0131n\u0131z\u0131 d\u00fcz\u0259nli saxlamaq \u00fc\u00e7\u00fcn m\u00fck\u0259mm\u0259l bir yoldur.<\/p>\n<\/div>\n<\/div>\n<\/div>\n<\/div>\n<div class=\"mb-2 flex gap-3 empty:hidden -ml-2\">\n<div class=\"items-center justify-start rounded-xl p-1 flex\">\n<div class=\"flex items-center\"><button class=\"rounded-lg text-token-text-secondary hover:bg-token-main-surface-secondary\" aria-label=\"Read aloud\" data-testid=\"voice-play-turn-action-button\"><\/button><button class=\"rounded-lg text-token-text-secondary hover:bg-token-main-surface-secondary\" aria-label=\"\u041a\u043e\u043f\u0438\u0440\u043e\u0432\u0430\u0442\u044c\" data-testid=\"copy-turn-action-button\"><\/button><\/p>\n<div class=\"flex\"><\/div>\n<div class=\"flex items-center pb-0\"><\/div>\n<\/div>\n<\/div>\n<\/div>\n","protected":false},"excerpt":{"rendered":"<p>This long bathroom cabinet is suitable for modern and traditional interiors with its classic paneled doors and sleek design. With its white ceramic top, this cabinet has an aesthetic look while also offering ample storage space. This item creates a functional and beautiful focal point in your bathroom, the perfect way to keep things organized.<\/p>","protected":false},"featured_media":22009,"comment_status":"closed","ping_status":"closed","template":"","meta":[],"product_brand":[],"product_cat":[1492],"product_tag":[],"collection":[],"brand":[1454],"category_2":[],"catergory_brand":[],"class_list":{"0":"post-22007","1":"product","2":"type-product","3":"status-publish","4":"has-post-thumbnail","6":"product_cat-bathtubs-panel","7":"brand-simas","9":"first","10":"instock","11":"shipping-taxable","12":"product-type-simple"},"_links":{"self":[{"href":"https:\/\/simfoniya.az\/en\/wp-json\/wp\/v2\/product\/22007","targetHints":{"allow":["GET"]}}],"collection":[{"href":"https:\/\/simfoniya.az\/en\/wp-json\/wp\/v2\/product"}],"about":[{"href":"https:\/\/simfoniya.az\/en\/wp-json\/wp\/v2\/types\/product"}],"replies":[{"embeddable":true,"href":"https:\/\/simfoniya.az\/en\/wp-json\/wp\/v2\/comments?post=22007"}],"wp:featuredmedia":[{"embeddable":true,"href":"https:\/\/simfoniya.az\/en\/wp-json\/wp\/v2\/media\/22009"}],"wp:attachment":[{"href":"https:\/\/simfoniya.az\/en\/wp-json\/wp\/v2\/media?parent=22007"}],"wp:term":[{"taxonomy":"product_brand","embeddable":true,"href":"https:\/\/simfoniya.az\/en\/wp-json\/wp\/v2\/product_brand?post=22007"},{"taxonomy":"product_cat","embeddable":true,"href":"https:\/\/simfoniya.az\/en\/wp-json\/wp\/v2\/product_cat?post=22007"},{"taxonomy":"product_tag","embeddable":true,"href":"https:\/\/simfoniya.az\/en\/wp-json\/wp\/v2\/product_tag?post=22007"},{"taxonomy":"collection","embeddable":true,"href":"https:\/\/simfoniya.az\/en\/wp-json\/wp\/v2\/collection?post=22007"},{"taxonomy":"brand","embeddable":true,"href":"https:\/\/simfoniya.az\/en\/wp-json\/wp\/v2\/brand?post=22007"},{"taxonomy":"category_2","embeddable":true,"href":"https:\/\/simfoniya.az\/en\/wp-json\/wp\/v2\/category_2?post=22007"},{"taxonomy":"catergory_brand","embeddable":true,"href":"https:\/\/simfoniya.az\/en\/wp-json\/wp\/v2\/catergory_brand?post=22007"}],"curies":[{"name":"wp","href":"https:\/\/api.w.org\/{rel}","templated":true}]}}