{"id":22036,"date":"2024-07-30T07:07:55","date_gmt":"2024-07-30T07:07:55","guid":{"rendered":"https:\/\/simfoniya.az\/?post_type=product&#038;p=22036"},"modified":"2024-09-23T12:43:53","modified_gmt":"2024-09-23T12:43:53","slug":"simas-arcade-asma-bide-2","status":"publish","type":"product","link":"https:\/\/simfoniya.az\/en\/product\/simas-arcade-asma-bide-2\/","title":{"rendered":"Simas Arcade \/ Hanging bidet"},"content":{"rendered":"<div class=\"flex max-w-full flex-col flex-grow\">\n<div class=\"min-h-[20px] text-message flex w-full flex-col items-end gap-2 whitespace-normal break-words [.text-message+&amp;]:mt-5\" dir=\"auto\" data-message-author-role=\"assistant\" data-message-id=\"a9fe1264-ab4c-4be2-ba0c-3c7fd5b11729\">\n<div class=\"flex w-full flex-col gap-1 empty:hidden first:pt-[3px]\">\n<div class=\"markdown prose w-full break-words dark:prose-invert light\">\n<p>Bu klassik dizaynl\u0131 bidet, a\u011f keramikadan haz\u0131rlanm\u0131\u015fd\u0131r v\u0259 h\u0259r hans\u0131 vanna ota\u011f\u0131na t\u0259miz v\u0259 s\u0259liq\u0259li bir g\u00f6r\u00fcn\u00fc\u015f verir. Onun d\u00fcz v\u0259 sad\u0259 x\u0259tl\u0259ri, m\u00fcasir v\u0259 ya \u0259n\u0259n\u0259vi interyerl\u0259rl\u0259 asanl\u0131qla uy\u011funla\u015fa bilir. Bidet, \u015f\u0259xsi gigiyena \u00fc\u00e7\u00fcn \u0259lav\u0259 rahatl\u0131q v\u0259 t\u0259mizlik t\u0259min edir, vanna ota\u011f\u0131n\u0131za funksional v\u0259 estetik bir element \u0259lav\u0259 edir.<\/p>\n<\/div>\n<\/div>\n<\/div>\n<\/div>\n<div class=\"mb-2 flex gap-3 empty:hidden -ml-2\">\n<div class=\"items-center justify-start rounded-xl p-1 flex\">\n<div class=\"flex items-center\"><button class=\"rounded-lg text-token-text-secondary hover:bg-token-main-surface-secondary\" aria-label=\"Read aloud\" data-testid=\"voice-play-turn-action-button\"><\/button><button class=\"rounded-lg text-token-text-secondary hover:bg-token-main-surface-secondary\" aria-label=\"\u041a\u043e\u043f\u0438\u0440\u043e\u0432\u0430\u0442\u044c\" data-testid=\"copy-turn-action-button\"><\/button><\/p>\n<div class=\"flex\"><\/div>\n<div class=\"flex items-center pb-0\"><\/div>\n<\/div>\n<\/div>\n<\/div>\n","protected":false},"excerpt":{"rendered":"<p>This classic design bidet is made of white ceramic and gives any bathroom a clean and tidy look. Its straight and simple lines fit easily with modern or traditional interiors. The bidet provides additional comfort and cleanliness for personal hygiene, adding a functional and aesthetic element to your bathroom.<\/p>","protected":false},"featured_media":22037,"comment_status":"closed","ping_status":"closed","template":"","meta":[],"product_brand":[],"product_cat":[409],"product_tag":[],"collection":[],"brand":[1454],"category_2":[],"catergory_brand":[],"class_list":{"0":"post-22036","1":"product","2":"type-product","3":"status-publish","4":"has-post-thumbnail","6":"product_cat-bidets","7":"brand-simas","9":"first","10":"instock","11":"shipping-taxable","12":"product-type-simple"},"_links":{"self":[{"href":"https:\/\/simfoniya.az\/en\/wp-json\/wp\/v2\/product\/22036","targetHints":{"allow":["GET"]}}],"collection":[{"href":"https:\/\/simfoniya.az\/en\/wp-json\/wp\/v2\/product"}],"about":[{"href":"https:\/\/simfoniya.az\/en\/wp-json\/wp\/v2\/types\/product"}],"replies":[{"embeddable":true,"href":"https:\/\/simfoniya.az\/en\/wp-json\/wp\/v2\/comments?post=22036"}],"wp:featuredmedia":[{"embeddable":true,"href":"https:\/\/simfoniya.az\/en\/wp-json\/wp\/v2\/media\/22037"}],"wp:attachment":[{"href":"https:\/\/simfoniya.az\/en\/wp-json\/wp\/v2\/media?parent=22036"}],"wp:term":[{"taxonomy":"product_brand","embeddable":true,"href":"https:\/\/simfoniya.az\/en\/wp-json\/wp\/v2\/product_brand?post=22036"},{"taxonomy":"product_cat","embeddable":true,"href":"https:\/\/simfoniya.az\/en\/wp-json\/wp\/v2\/product_cat?post=22036"},{"taxonomy":"product_tag","embeddable":true,"href":"https:\/\/simfoniya.az\/en\/wp-json\/wp\/v2\/product_tag?post=22036"},{"taxonomy":"collection","embeddable":true,"href":"https:\/\/simfoniya.az\/en\/wp-json\/wp\/v2\/collection?post=22036"},{"taxonomy":"brand","embeddable":true,"href":"https:\/\/simfoniya.az\/en\/wp-json\/wp\/v2\/brand?post=22036"},{"taxonomy":"category_2","embeddable":true,"href":"https:\/\/simfoniya.az\/en\/wp-json\/wp\/v2\/category_2?post=22036"},{"taxonomy":"catergory_brand","embeddable":true,"href":"https:\/\/simfoniya.az\/en\/wp-json\/wp\/v2\/catergory_brand?post=22036"}],"curies":[{"name":"wp","href":"https:\/\/api.w.org\/{rel}","templated":true}]}}