{"id":22094,"date":"2024-07-31T04:46:13","date_gmt":"2024-07-31T04:46:13","guid":{"rendered":"https:\/\/simfoniya.az\/?post_type=product&#038;p=22094"},"modified":"2024-09-23T12:01:30","modified_gmt":"2024-09-23T12:01:30","slug":"il-tempo-fregi-2550-hamam-mebeli-130x56x83-komplekt","status":"publish","type":"product","link":"https:\/\/simfoniya.az\/en\/product\/il-tempo-fregi-2550-hamam-mebeli-130x56x83-komplekt\/","title":{"rendered":"IL Tempo Fregi \/ Bathroom furniture"},"content":{"rendered":"<div class=\"flex max-w-full flex-col flex-grow\">\n<div class=\"min-h-[20px] text-message flex w-full flex-col items-end gap-2 whitespace-normal break-words [.text-message+&amp;]:mt-5\" dir=\"auto\" data-message-author-role=\"assistant\" data-message-id=\"f871fc1e-fe73-4ad2-982e-8d4f7759f329\">\n<div class=\"flex w-full flex-col gap-1 empty:hidden first:pt-[3px]\">\n<div class=\"markdown prose w-full break-words dark:prose-invert light\">\n<p>Bu z\u0259rif v\u0259 klassik dizaynl\u0131 vanna ota\u011f\u0131 dolab\u0131, q\u0131z\u0131l i\u015fl\u0259m\u0259 detallar\u0131 il\u0259 z\u0259nginl\u0259\u015fdirilmi\u015fdir ki, bu ona \u0259sl saray m\u00fchitini xat\u0131rlad\u0131r. G\u00f6z\u0259l qara m\u0259rm\u0259r \u00fcst\u00fc v\u0259 q\u0131z\u0131l i\u015fl\u0259m\u0259l\u0259r dolab\u0131n \u015f\u0131kl\u0131\u011f\u0131n\u0131 v\u0259 sofistikal\u0131\u011f\u0131n\u0131 art\u0131r\u0131r. Bu dolab, h\u0259m funksional saxlama yerl\u0259ri t\u0259klif edir, h\u0259m d\u0259 h\u0259r hans\u0131 vanna ota\u011f\u0131n\u0131 daha g\u00f6z\u0259l v\u0259 d\u0259bd\u0259b\u0259li bir m\u0259kana \u00e7evir\u0259 bil\u0259r.<\/p>\n<\/div>\n<\/div>\n<\/div>\n<\/div>\n<div class=\"mb-2 flex gap-3 empty:hidden -ml-2\">\n<div class=\"items-center justify-start rounded-xl p-1 flex\">\n<div class=\"flex items-center\"><button class=\"rounded-lg text-token-text-secondary hover:bg-token-main-surface-secondary\" aria-label=\"Read aloud\" data-testid=\"voice-play-turn-action-button\"><\/button><button class=\"rounded-lg text-token-text-secondary hover:bg-token-main-surface-secondary\" aria-label=\"\u041a\u043e\u043f\u0438\u0440\u043e\u0432\u0430\u0442\u044c\" data-testid=\"copy-turn-action-button\"><\/button><\/p>\n<div class=\"flex\"><\/div>\n<div class=\"flex items-center pb-0\"><\/div>\n<\/div>\n<\/div>\n<\/div>\n","protected":false},"excerpt":{"rendered":"<p>This elegant and classically designed bathroom cabinet is enriched with goldwork details that give it a real palace ambience. A beautiful black marble top and gold work add elegance and sophistication to the cabinet. This cabinet offers both functional storage space and can transform any bathroom into a more beautiful and luxurious space.<\/p>","protected":false},"featured_media":22098,"comment_status":"closed","ping_status":"closed","template":"","meta":[],"product_brand":[],"product_cat":[1506],"product_tag":[],"collection":[],"brand":[1505],"category_2":[],"catergory_brand":[],"class_list":{"0":"post-22094","1":"product","2":"type-product","3":"status-publish","4":"has-post-thumbnail","6":"product_cat-bathroom-vanity","7":"brand-il-tempo","9":"first","10":"instock","11":"shipping-taxable","12":"product-type-simple"},"_links":{"self":[{"href":"https:\/\/simfoniya.az\/en\/wp-json\/wp\/v2\/product\/22094","targetHints":{"allow":["GET"]}}],"collection":[{"href":"https:\/\/simfoniya.az\/en\/wp-json\/wp\/v2\/product"}],"about":[{"href":"https:\/\/simfoniya.az\/en\/wp-json\/wp\/v2\/types\/product"}],"replies":[{"embeddable":true,"href":"https:\/\/simfoniya.az\/en\/wp-json\/wp\/v2\/comments?post=22094"}],"wp:featuredmedia":[{"embeddable":true,"href":"https:\/\/simfoniya.az\/en\/wp-json\/wp\/v2\/media\/22098"}],"wp:attachment":[{"href":"https:\/\/simfoniya.az\/en\/wp-json\/wp\/v2\/media?parent=22094"}],"wp:term":[{"taxonomy":"product_brand","embeddable":true,"href":"https:\/\/simfoniya.az\/en\/wp-json\/wp\/v2\/product_brand?post=22094"},{"taxonomy":"product_cat","embeddable":true,"href":"https:\/\/simfoniya.az\/en\/wp-json\/wp\/v2\/product_cat?post=22094"},{"taxonomy":"product_tag","embeddable":true,"href":"https:\/\/simfoniya.az\/en\/wp-json\/wp\/v2\/product_tag?post=22094"},{"taxonomy":"collection","embeddable":true,"href":"https:\/\/simfoniya.az\/en\/wp-json\/wp\/v2\/collection?post=22094"},{"taxonomy":"brand","embeddable":true,"href":"https:\/\/simfoniya.az\/en\/wp-json\/wp\/v2\/brand?post=22094"},{"taxonomy":"category_2","embeddable":true,"href":"https:\/\/simfoniya.az\/en\/wp-json\/wp\/v2\/category_2?post=22094"},{"taxonomy":"catergory_brand","embeddable":true,"href":"https:\/\/simfoniya.az\/en\/wp-json\/wp\/v2\/catergory_brand?post=22094"}],"curies":[{"name":"wp","href":"https:\/\/api.w.org\/{rel}","templated":true}]}}