{"id":22099,"date":"2024-07-31T04:59:42","date_gmt":"2024-07-31T04:59:42","guid":{"rendered":"https:\/\/simfoniya.az\/?post_type=product&#038;p=22099"},"modified":"2024-09-23T12:00:10","modified_gmt":"2024-09-23T12:00:10","slug":"il-tempo-ante-2230-hamam-mebeli-115x58x82-2","status":"publish","type":"product","link":"https:\/\/simfoniya.az\/en\/product\/il-tempo-ante-2230-hamam-mebeli-115x58x82-2\/","title":{"rendered":"IL Tempo Ante \/ Bathroom furniture"},"content":{"rendered":"<div class=\"flex max-w-full flex-col flex-grow\">\n<div class=\"min-h-[20px] text-message flex w-full flex-col items-end gap-2 whitespace-normal break-words [.text-message+&amp;]:mt-5\" dir=\"auto\" data-message-author-role=\"assistant\" data-message-id=\"3b81c8fb-5f89-49b8-9834-c612cf962b5b\">\n<div class=\"flex w-full flex-col gap-1 empty:hidden first:pt-[3px]\">\n<div class=\"markdown prose w-full break-words dark:prose-invert light\">\n<p>Bu x\u00fcsusi dizaynl\u0131 vanna ota\u011f\u0131 dolab\u0131, m\u00fcasir v\u0259 q\u0259rib\u0259 \u00e7apl\u0131 \u00f6rt\u00fcy\u00fc il\u0259 g\u00f6z ox\u015fay\u0131r. Onun \u0259yri ayaqlar\u0131 v\u0259 unikal formal\u0131 lavabosu h\u0259r hans\u0131 vanna ota\u011f\u0131na z\u0259riflik v\u0259 stil \u0259lav\u0259 edir. Bu dolab, h\u0259m praktik h\u0259m d\u0259 g\u00f6z\u0259l bir dekorativ element olaraq, m\u0259kan\u0131n\u0131za m\u00fcasir bir toxunu\u015f g\u0259tirir.<\/p>\n<\/div>\n<\/div>\n<\/div>\n<\/div>\n<div class=\"mb-2 flex gap-3 empty:hidden -ml-2\">\n<div class=\"items-center justify-start rounded-xl p-1 flex\">\n<div class=\"flex items-center\"><button class=\"rounded-lg text-token-text-secondary hover:bg-token-main-surface-secondary\" aria-label=\"Read aloud\" data-testid=\"voice-play-turn-action-button\"><\/button><button class=\"rounded-lg text-token-text-secondary hover:bg-token-main-surface-secondary\" aria-label=\"\u041a\u043e\u043f\u0438\u0440\u043e\u0432\u0430\u0442\u044c\" data-testid=\"copy-turn-action-button\"><\/button><\/p>\n<div class=\"flex\"><\/div>\n<div class=\"flex items-center pb-0\"><\/div>\n<\/div>\n<\/div>\n<\/div>\n","protected":false},"excerpt":{"rendered":"<p>This custom designed bathroom cabinet is eye-catching with its modern and whimsical printed cover. Its curved legs and uniquely shaped sink add elegance and style to any bathroom. This wardrobe brings a modern touch to your space, both practical and a beautiful decorative element.<\/p>","protected":false},"featured_media":22984,"comment_status":"closed","ping_status":"closed","template":"","meta":[],"product_brand":[],"product_cat":[1506],"product_tag":[],"collection":[],"brand":[1505],"category_2":[],"catergory_brand":[],"class_list":{"0":"post-22099","1":"product","2":"type-product","3":"status-publish","4":"has-post-thumbnail","6":"product_cat-bathroom-vanity","7":"brand-il-tempo","9":"first","10":"instock","11":"shipping-taxable","12":"product-type-simple"},"_links":{"self":[{"href":"https:\/\/simfoniya.az\/en\/wp-json\/wp\/v2\/product\/22099","targetHints":{"allow":["GET"]}}],"collection":[{"href":"https:\/\/simfoniya.az\/en\/wp-json\/wp\/v2\/product"}],"about":[{"href":"https:\/\/simfoniya.az\/en\/wp-json\/wp\/v2\/types\/product"}],"replies":[{"embeddable":true,"href":"https:\/\/simfoniya.az\/en\/wp-json\/wp\/v2\/comments?post=22099"}],"wp:featuredmedia":[{"embeddable":true,"href":"https:\/\/simfoniya.az\/en\/wp-json\/wp\/v2\/media\/22984"}],"wp:attachment":[{"href":"https:\/\/simfoniya.az\/en\/wp-json\/wp\/v2\/media?parent=22099"}],"wp:term":[{"taxonomy":"product_brand","embeddable":true,"href":"https:\/\/simfoniya.az\/en\/wp-json\/wp\/v2\/product_brand?post=22099"},{"taxonomy":"product_cat","embeddable":true,"href":"https:\/\/simfoniya.az\/en\/wp-json\/wp\/v2\/product_cat?post=22099"},{"taxonomy":"product_tag","embeddable":true,"href":"https:\/\/simfoniya.az\/en\/wp-json\/wp\/v2\/product_tag?post=22099"},{"taxonomy":"collection","embeddable":true,"href":"https:\/\/simfoniya.az\/en\/wp-json\/wp\/v2\/collection?post=22099"},{"taxonomy":"brand","embeddable":true,"href":"https:\/\/simfoniya.az\/en\/wp-json\/wp\/v2\/brand?post=22099"},{"taxonomy":"category_2","embeddable":true,"href":"https:\/\/simfoniya.az\/en\/wp-json\/wp\/v2\/category_2?post=22099"},{"taxonomy":"catergory_brand","embeddable":true,"href":"https:\/\/simfoniya.az\/en\/wp-json\/wp\/v2\/catergory_brand?post=22099"}],"curies":[{"name":"wp","href":"https:\/\/api.w.org\/{rel}","templated":true}]}}