{"id":12023,"date":"2024-04-09T01:00:28","date_gmt":"2024-04-09T01:00:28","guid":{"rendered":"https:\/\/simfoniya.az\/?post_type=product&#038;p=12023"},"modified":"2025-01-28T12:09:03","modified_gmt":"2025-01-28T12:09:03","slug":"kerama-marazzi-kapri-svetliy-20x20","status":"publish","type":"product","link":"https:\/\/simfoniya.az\/ru\/product\/kerama-marazzi-kapri-svetliy-20x20\/","title":{"rendered":"\u041a\u0435\u0440\u0430\u043c\u0430 \u041c\u0430\u0440\u0430\u0446\u0446\u0438"},"content":{"rendered":"<div class=\"flex max-w-full flex-col flex-grow\">\n<div class=\"min-h-8 text-message flex w-full flex-col items-end gap-2 whitespace-normal break-words [.text-message+&amp;]:mt-5\" dir=\"auto\" data-message-author-role=\"assistant\" data-message-id=\"b9ff1f03-9f53-40cf-9de4-c482f3952072\" data-message-model-slug=\"gpt-4o\">\n<div class=\"flex w-full flex-col gap-1 empty:hidden first:pt-[3px]\">\n<div class=\"markdown prose w-full break-words dark:prose-invert light\">\n<p>Bu plitka, t\u0259bii da\u015f g\u00f6r\u00fcn\u00fc\u015f\u00fc il\u0259 interyer\u0259 t\u0259bii v\u0259 z\u0259rif bir estetik qat\u0131r. R\u0259ng tonlar\u0131 v\u0259 damarlar\u0131 plitkan\u0131n y\u00fcks\u0259k keyfiyy\u0259tli v\u0259 z\u0259rif oldu\u011funu vur\u011fulay\u0131r. D\u00f6\u015f\u0259m\u0259 v\u0259 divarlar \u00fc\u00e7\u00fcn ideal se\u00e7imdir.<\/p>\n<\/div>\n<\/div>\n<\/div>\n<\/div>\n<div class=\"mb-2 flex gap-3 empty:hidden -ml-2\">\n<div class=\"items-center justify-start rounded-xl p-1 z-10 -mt-1 bg-token-main-surface-primary md:absolute md:sr-only\">\n<div class=\"flex items-center\"><button class=\"rounded-lg text-token-text-secondary hover:bg-token-main-surface-secondary\" aria-label=\"Read aloud\" data-testid=\"voice-play-turn-action-button\"><\/button><button class=\"rounded-lg text-token-text-secondary hover:bg-token-main-surface-secondary\" aria-label=\"\u041a\u043e\u043f\u0438\u0440\u043e\u0432\u0430\u0442\u044c\" data-testid=\"copy-turn-action-button\"><\/button><\/p>\n<div class=\"flex\"><\/div>\n<div class=\"flex items-center pb-0\"><\/div>\n<\/div>\n<\/div>\n<\/div>\n","protected":false},"excerpt":{"rendered":"<p>\u042d\u0442\u0430 \u043f\u043b\u0438\u0442\u043a\u0430 \u043f\u0440\u0438\u0434\u0430\u0435\u0442 \u0438\u043d\u0442\u0435\u0440\u044c\u0435\u0440\u0443 \u0435\u0441\u0442\u0435\u0441\u0442\u0432\u0435\u043d\u043d\u0443\u044e \u0438 \u044d\u043b\u0435\u0433\u0430\u043d\u0442\u043d\u0443\u044e \u044d\u0441\u0442\u0435\u0442\u0438\u043a\u0443 \u0431\u043b\u0430\u0433\u043e\u0434\u0430\u0440\u044f \u0438\u043c\u0438\u0442\u0430\u0446\u0438\u0438 \u043d\u0430\u0442\u0443\u0440\u0430\u043b\u044c\u043d\u043e\u0433\u043e \u043a\u0430\u043c\u043d\u044f. \u0426\u0432\u0435\u0442\u043e\u0432\u044b\u0435 \u0442\u043e\u043d\u0430 \u0438 \u043f\u0440\u043e\u0436\u0438\u043b\u043a\u0438 \u043f\u043e\u0434\u0447\u0435\u0440\u043a\u0438\u0432\u0430\u044e\u0442 \u0432\u044b\u0441\u043e\u043a\u043e\u0435 \u043a\u0430\u0447\u0435\u0441\u0442\u0432\u043e \u0438 \u044d\u043b\u0435\u0433\u0430\u043d\u0442\u043d\u043e\u0441\u0442\u044c \u043f\u043b\u0438\u0442\u043a\u0438. \u042d\u0442\u043e \u0438\u0434\u0435\u0430\u043b\u044c\u043d\u044b\u0439 \u0432\u044b\u0431\u043e\u0440 \u0434\u043b\u044f \u043f\u043e\u043b\u0430 \u0438 \u0441\u0442\u0435\u043d.<\/p>","protected":false},"featured_media":14360,"comment_status":"closed","ping_status":"closed","template":"","meta":[],"product_brand":[],"product_cat":[1662,1658,1660,1661,76,403],"product_tag":[72,71,68,69,73,67,70],"collection":[144],"brand":[79],"category_2":[],"catergory_brand":[],"class_list":{"0":"post-12023","1":"product","2":"type-product","3":"status-publish","4":"has-post-thumbnail","6":"product_cat-decorative-tiles","7":"product_cat-floor-tiles","8":"product_cat-kitchen-tiles","9":"product_cat-exterior-tiles","10":"product_cat-all","11":"product_cat-bathroom-tiles","12":"product_tag-bath-tiles","13":"product_tag-bedroom-tiles","14":"product_tag-ceramic","15":"product_tag-ceramic-tiles","16":"product_tag-interior-tiles","17":"product_tag-tiles","18":"product_tag-wall-tiltes","19":"collection-kapri","20":"brand-kerama-marazzi","22":"first","23":"instock","24":"shipping-taxable","25":"product-type-simple"},"_links":{"self":[{"href":"https:\/\/simfoniya.az\/ru\/wp-json\/wp\/v2\/product\/12023","targetHints":{"allow":["GET"]}}],"collection":[{"href":"https:\/\/simfoniya.az\/ru\/wp-json\/wp\/v2\/product"}],"about":[{"href":"https:\/\/simfoniya.az\/ru\/wp-json\/wp\/v2\/types\/product"}],"replies":[{"embeddable":true,"href":"https:\/\/simfoniya.az\/ru\/wp-json\/wp\/v2\/comments?post=12023"}],"wp:featuredmedia":[{"embeddable":true,"href":"https:\/\/simfoniya.az\/ru\/wp-json\/wp\/v2\/media\/14360"}],"wp:attachment":[{"href":"https:\/\/simfoniya.az\/ru\/wp-json\/wp\/v2\/media?parent=12023"}],"wp:term":[{"taxonomy":"product_brand","embeddable":true,"href":"https:\/\/simfoniya.az\/ru\/wp-json\/wp\/v2\/product_brand?post=12023"},{"taxonomy":"product_cat","embeddable":true,"href":"https:\/\/simfoniya.az\/ru\/wp-json\/wp\/v2\/product_cat?post=12023"},{"taxonomy":"product_tag","embeddable":true,"href":"https:\/\/simfoniya.az\/ru\/wp-json\/wp\/v2\/product_tag?post=12023"},{"taxonomy":"collection","embeddable":true,"href":"https:\/\/simfoniya.az\/ru\/wp-json\/wp\/v2\/collection?post=12023"},{"taxonomy":"brand","embeddable":true,"href":"https:\/\/simfoniya.az\/ru\/wp-json\/wp\/v2\/brand?post=12023"},{"taxonomy":"category_2","embeddable":true,"href":"https:\/\/simfoniya.az\/ru\/wp-json\/wp\/v2\/category_2?post=12023"},{"taxonomy":"catergory_brand","embeddable":true,"href":"https:\/\/simfoniya.az\/ru\/wp-json\/wp\/v2\/catergory_brand?post=12023"}],"curies":[{"name":"WP","href":"https:\/\/api.w.org\/{rel}","templated":true}]}}