{"id":12837,"date":"2024-04-09T01:08:24","date_gmt":"2024-04-09T01:08:24","guid":{"rendered":"https:\/\/simfoniya.az\/?post_type=product&#038;p=12837"},"modified":"2025-01-28T12:44:36","modified_gmt":"2025-01-28T12:44:36","slug":"grespania-birmania-merbau-25x40","status":"publish","type":"product","link":"https:\/\/simfoniya.az\/ru\/product\/grespania-birmania-merbau-25x40\/","title":{"rendered":"\u0413\u0440\u0435\u0441\u043f\u0430\u043d\u0438\u044f \u0411\u0438\u0440\u043c\u0430"},"content":{"rendered":"<div class=\"flex max-w-full flex-col flex-grow\">\n<div class=\"min-h-8 text-message flex w-full flex-col items-end gap-2 whitespace-normal break-words [.text-message+&amp;]:mt-5\" dir=\"auto\" data-message-author-role=\"assistant\" data-message-id=\"c8fff0bf-d6ba-48c7-aa8f-63f534940f82\" data-message-model-slug=\"gpt-4o\">\n<div class=\"flex w-full flex-col gap-1 empty:hidden first:pt-[3px]\">\n<div class=\"markdown prose w-full break-words dark:prose-invert light\">\n<p>Divardak\u0131 plit\u0259l\u0259r uzun zolaqlardan ibar\u0259tdir v\u0259 nar\u0131nc\u0131-q\u0259hv\u0259yi r\u0259ngd\u0259dir. Onlar inc\u0259 a\u011f x\u0259tl\u0259rin yaratd\u0131\u011f\u0131 ritmik nax\u0131\u015flarla \u00f6rt\u00fclm\u00fc\u015fd\u00fcr, bu da m\u00fcasir v\u0259 \u015f\u0131k bir g\u00f6r\u00fcn\u00fc\u015f yarad\u0131r. Bu plit\u0259l\u0259r minimalist v\u0259 funksional dizaynlar \u00fc\u00e7\u00fcn uy\u011fundur, x\u00fcsusil\u0259 d\u0259 hamam v\u0259 m\u0259tb\u0259x kimi m\u0259kanlarda istifad\u0259 \u00fc\u00e7\u00fcn ideal g\u00f6r\u00fcn\u00fcr.<\/p>\n<\/div>\n<\/div>\n<\/div>\n<\/div>\n<div class=\"mb-2 flex gap-3 empty:hidden -ml-2\">\n<div class=\"items-center justify-start rounded-xl p-1 flex\">\n<div class=\"flex items-center\"><button class=\"rounded-lg text-token-text-secondary hover:bg-token-main-surface-secondary\" aria-label=\"Read aloud\" data-testid=\"voice-play-turn-action-button\"><\/button><button class=\"rounded-lg text-token-text-secondary hover:bg-token-main-surface-secondary\" aria-label=\"\u041a\u043e\u043f\u0438\u0440\u043e\u0432\u0430\u0442\u044c\" data-testid=\"copy-turn-action-button\"><\/button><\/p>\n<div class=\"flex\"><\/div>\n<div class=\"flex items-center pb-0\"><\/div>\n<\/div>\n<\/div>\n<\/div>\n","protected":false},"excerpt":{"rendered":"<p>\u041f\u043b\u0438\u0442\u043a\u0430 \u043d\u0430 \u0441\u0442\u0435\u043d\u0435 \u0441\u043e\u0441\u0442\u043e\u0438\u0442 \u0438\u0437 \u0434\u043b\u0438\u043d\u043d\u044b\u0445 \u043f\u043e\u043b\u043e\u0441 \u043e\u0440\u0430\u043d\u0436\u0435\u0432\u043e-\u043a\u043e\u0440\u0438\u0447\u043d\u0435\u0432\u043e\u0433\u043e \u0446\u0432\u0435\u0442\u0430. \u041e\u043d\u0438 \u043f\u043e\u043a\u0440\u044b\u0442\u044b \u0440\u0438\u0442\u043c\u0438\u0447\u043d\u044b\u043c \u0443\u0437\u043e\u0440\u043e\u043c, \u0441\u043e\u0437\u0434\u0430\u043d\u043d\u044b\u043c \u0442\u043e\u043d\u043a\u0438\u043c\u0438 \u0431\u0435\u043b\u044b\u043c\u0438 \u043b\u0438\u043d\u0438\u044f\u043c\u0438, \u0447\u0442\u043e \u0441\u043e\u0437\u0434\u0430\u0435\u0442 \u0441\u043e\u0432\u0440\u0435\u043c\u0435\u043d\u043d\u044b\u0439 \u0438 \u0441\u0442\u0438\u043b\u044c\u043d\u044b\u0439 \u0432\u0438\u0434. \u042d\u0442\u0430 \u043f\u043b\u0438\u0442\u043a\u0430 \u043f\u043e\u0434\u0445\u043e\u0434\u0438\u0442 \u0434\u043b\u044f \u043c\u0438\u043d\u0438\u043c\u0430\u043b\u0438\u0441\u0442\u0441\u043a\u043e\u0433\u043e \u0438 \u0444\u0443\u043d\u043a\u0446\u0438\u043e\u043d\u0430\u043b\u044c\u043d\u043e\u0433\u043e \u0434\u0438\u0437\u0430\u0439\u043d\u0430, \u043e\u0441\u043e\u0431\u0435\u043d\u043d\u043e \u0432 \u0442\u0430\u043a\u0438\u0445 \u043f\u043e\u043c\u0435\u0449\u0435\u043d\u0438\u044f\u0445, \u043a\u0430\u043a \u0432\u0430\u043d\u043d\u044b\u0435 \u043a\u043e\u043c\u043d\u0430\u0442\u044b \u0438 \u043a\u0443\u0445\u043d\u0438.<\/p>","protected":false},"featured_media":15837,"comment_status":"closed","ping_status":"closed","template":"","meta":[],"product_brand":[],"product_cat":[1662,1658,1660,1657,1661,76,403],"product_tag":[72,71,68,69,73,67,70],"collection":[],"brand":[312],"category_2":[],"catergory_brand":[],"class_list":{"0":"post-12837","1":"product","2":"type-product","3":"status-publish","4":"has-post-thumbnail","6":"product_cat-decorative-tiles","7":"product_cat-floor-tiles","8":"product_cat-kitchen-tiles","9":"product_cat-ceramic-tiles","10":"product_cat-exterior-tiles","11":"product_cat-all","12":"product_cat-bathroom-tiles","13":"product_tag-bath-tiles","14":"product_tag-bedroom-tiles","15":"product_tag-ceramic","16":"product_tag-ceramic-tiles","17":"product_tag-interior-tiles","18":"product_tag-tiles","19":"product_tag-wall-tiltes","20":"brand-grespania","22":"first","23":"instock","24":"shipping-taxable","25":"product-type-simple"},"_links":{"self":[{"href":"https:\/\/simfoniya.az\/ru\/wp-json\/wp\/v2\/product\/12837","targetHints":{"allow":["GET"]}}],"collection":[{"href":"https:\/\/simfoniya.az\/ru\/wp-json\/wp\/v2\/product"}],"about":[{"href":"https:\/\/simfoniya.az\/ru\/wp-json\/wp\/v2\/types\/product"}],"replies":[{"embeddable":true,"href":"https:\/\/simfoniya.az\/ru\/wp-json\/wp\/v2\/comments?post=12837"}],"wp:featuredmedia":[{"embeddable":true,"href":"https:\/\/simfoniya.az\/ru\/wp-json\/wp\/v2\/media\/15837"}],"wp:attachment":[{"href":"https:\/\/simfoniya.az\/ru\/wp-json\/wp\/v2\/media?parent=12837"}],"wp:term":[{"taxonomy":"product_brand","embeddable":true,"href":"https:\/\/simfoniya.az\/ru\/wp-json\/wp\/v2\/product_brand?post=12837"},{"taxonomy":"product_cat","embeddable":true,"href":"https:\/\/simfoniya.az\/ru\/wp-json\/wp\/v2\/product_cat?post=12837"},{"taxonomy":"product_tag","embeddable":true,"href":"https:\/\/simfoniya.az\/ru\/wp-json\/wp\/v2\/product_tag?post=12837"},{"taxonomy":"collection","embeddable":true,"href":"https:\/\/simfoniya.az\/ru\/wp-json\/wp\/v2\/collection?post=12837"},{"taxonomy":"brand","embeddable":true,"href":"https:\/\/simfoniya.az\/ru\/wp-json\/wp\/v2\/brand?post=12837"},{"taxonomy":"category_2","embeddable":true,"href":"https:\/\/simfoniya.az\/ru\/wp-json\/wp\/v2\/category_2?post=12837"},{"taxonomy":"catergory_brand","embeddable":true,"href":"https:\/\/simfoniya.az\/ru\/wp-json\/wp\/v2\/catergory_brand?post=12837"}],"curies":[{"name":"WP","href":"https:\/\/api.w.org\/{rel}","templated":true}]}}