{"id":12871,"date":"2024-04-09T01:08:46","date_gmt":"2024-04-09T01:08:46","guid":{"rendered":"https:\/\/simfoniya.az\/?post_type=product&#038;p=12871"},"modified":"2024-10-25T08:10:00","modified_gmt":"2024-10-25T08:10:00","slug":"grespania-jolly-amatista-30x30","status":"publish","type":"product","link":"https:\/\/simfoniya.az\/ru\/product\/grespania-jolly-amatista-30x30\/","title":{"rendered":"\u0413\u0440\u0435\u0441\u043f\u0430\u043d\u0438\u044f \u0414\u0436\u043e\u043b\u043b\u0438"},"content":{"rendered":"<div class=\"flex max-w-full flex-col flex-grow\">\n<div class=\"min-h-8 text-message flex w-full flex-col items-end gap-2 whitespace-normal break-words [.text-message+&amp;]:mt-5\" dir=\"auto\" data-message-author-role=\"assistant\" data-message-id=\"9eafd47b-ba33-4d70-b2eb-13453d7a8bd9\" data-message-model-slug=\"gpt-4o\">\n<div class=\"flex w-full flex-col gap-1 empty:hidden first:pt-[3px]\">\n<div class=\"markdown prose w-full break-words dark:prose-invert light\">\n<p>Bu t\u00fcnd b\u0259n\u00f6v\u015f\u0259yi ton, interyer dizayn\u0131nda z\u0259rif v\u0259 d\u0259rin bir atmosfer yaratmaq \u00fc\u00e7\u00fcn m\u00fck\u0259mm\u0259l se\u00e7imdir. Bu r\u0259ng divar, mebel v\u0259 ya aksesuarlarda istifad\u0259 edildikd\u0259, m\u0259kana istilik v\u0259 l\u00fcks bir toxunu\u015f \u0259lav\u0259 edir.<\/p>\n<\/div>\n<\/div>\n<\/div>\n<\/div>\n<div class=\"mb-2 flex gap-3 empty:hidden -ml-2\">\n<div class=\"items-center justify-start rounded-xl p-1 flex\">\n<div class=\"flex items-center\">\n<p>&nbsp;<\/p>\n<div class=\"flex\"><\/div>\n<div class=\"flex items-center pb-0\"><\/div>\n<\/div>\n<\/div>\n<\/div>\n","protected":false},"excerpt":{"rendered":"<p>\u042d\u0442\u043e\u0442 \u0442\u0435\u043c\u043d\u043e-\u0444\u0438\u043e\u043b\u0435\u0442\u043e\u0432\u044b\u0439 \u0442\u043e\u043d \u2014 \u0438\u0434\u0435\u0430\u043b\u044c\u043d\u044b\u0439 \u0432\u044b\u0431\u043e\u0440 \u0434\u043b\u044f \u0441\u043e\u0437\u0434\u0430\u043d\u0438\u044f \u044d\u043b\u0435\u0433\u0430\u043d\u0442\u043d\u043e\u0439 \u0438 \u0433\u043b\u0443\u0431\u043e\u043a\u043e\u0439 \u0430\u0442\u043c\u043e\u0441\u0444\u0435\u0440\u044b \u0432 \u0434\u0438\u0437\u0430\u0439\u043d\u0435 \u0438\u043d\u0442\u0435\u0440\u044c\u0435\u0440\u0430. \u041f\u0440\u0438 \u0438\u0441\u043f\u043e\u043b\u044c\u0437\u043e\u0432\u0430\u043d\u0438\u0438 \u043d\u0430 \u0441\u0442\u0435\u043d\u0430\u0445, \u043c\u0435\u0431\u0435\u043b\u0438 \u0438\u043b\u0438 \u0430\u043a\u0441\u0435\u0441\u0441\u0443\u0430\u0440\u0430\u0445 \u044d\u0442\u043e\u0442 \u0446\u0432\u0435\u0442 \u0434\u043e\u0431\u0430\u0432\u043b\u044f\u0435\u0442 \u043f\u0440\u043e\u0441\u0442\u0440\u0430\u043d\u0441\u0442\u0432\u0443 \u043d\u043e\u0442\u043a\u0443 \u0442\u0435\u043f\u043b\u0430 \u0438 \u0440\u043e\u0441\u043a\u043e\u0448\u0438. &nbsp;<\/p>","protected":false},"featured_media":15922,"comment_status":"closed","ping_status":"closed","template":"","meta":[],"product_brand":[],"product_cat":[76],"product_tag":[72,71,68,69,73,67,70],"collection":[],"brand":[312],"category_2":[],"catergory_brand":[],"class_list":{"0":"post-12871","1":"product","2":"type-product","3":"status-publish","4":"has-post-thumbnail","6":"product_cat-all","7":"product_tag-bath-tiles","8":"product_tag-bedroom-tiles","9":"product_tag-ceramic","10":"product_tag-ceramic-tiles","11":"product_tag-interior-tiles","12":"product_tag-tiles","13":"product_tag-wall-tiltes","14":"brand-grespania","16":"first","17":"outofstock","18":"shipping-taxable","19":"product-type-simple"},"_links":{"self":[{"href":"https:\/\/simfoniya.az\/ru\/wp-json\/wp\/v2\/product\/12871","targetHints":{"allow":["GET"]}}],"collection":[{"href":"https:\/\/simfoniya.az\/ru\/wp-json\/wp\/v2\/product"}],"about":[{"href":"https:\/\/simfoniya.az\/ru\/wp-json\/wp\/v2\/types\/product"}],"replies":[{"embeddable":true,"href":"https:\/\/simfoniya.az\/ru\/wp-json\/wp\/v2\/comments?post=12871"}],"wp:featuredmedia":[{"embeddable":true,"href":"https:\/\/simfoniya.az\/ru\/wp-json\/wp\/v2\/media\/15922"}],"wp:attachment":[{"href":"https:\/\/simfoniya.az\/ru\/wp-json\/wp\/v2\/media?parent=12871"}],"wp:term":[{"taxonomy":"product_brand","embeddable":true,"href":"https:\/\/simfoniya.az\/ru\/wp-json\/wp\/v2\/product_brand?post=12871"},{"taxonomy":"product_cat","embeddable":true,"href":"https:\/\/simfoniya.az\/ru\/wp-json\/wp\/v2\/product_cat?post=12871"},{"taxonomy":"product_tag","embeddable":true,"href":"https:\/\/simfoniya.az\/ru\/wp-json\/wp\/v2\/product_tag?post=12871"},{"taxonomy":"collection","embeddable":true,"href":"https:\/\/simfoniya.az\/ru\/wp-json\/wp\/v2\/collection?post=12871"},{"taxonomy":"brand","embeddable":true,"href":"https:\/\/simfoniya.az\/ru\/wp-json\/wp\/v2\/brand?post=12871"},{"taxonomy":"category_2","embeddable":true,"href":"https:\/\/simfoniya.az\/ru\/wp-json\/wp\/v2\/category_2?post=12871"},{"taxonomy":"catergory_brand","embeddable":true,"href":"https:\/\/simfoniya.az\/ru\/wp-json\/wp\/v2\/catergory_brand?post=12871"}],"curies":[{"name":"WP","href":"https:\/\/api.w.org\/{rel}","templated":true}]}}