{"id":12898,"date":"2024-04-09T01:09:01","date_gmt":"2024-04-09T01:09:01","guid":{"rendered":"https:\/\/simfoniya.az\/?post_type=product&#038;p=12898"},"modified":"2024-11-04T13:39:16","modified_gmt":"2024-11-04T13:39:16","slug":"grespania-friso-4-11x30","status":"publish","type":"product","link":"https:\/\/simfoniya.az\/ru\/product\/grespania-friso-4-11x30\/","title":{"rendered":"\u0413\u0440\u0435\u0441\u043f\u0430\u043d\u0438\u044f \u0424\u0440\u0438\u0441\u043e"},"content":{"rendered":"<div class=\"flex max-w-full flex-col flex-grow\">\n<div class=\"min-h-8 text-message flex w-full flex-col items-end gap-2 whitespace-normal break-words [.text-message+&amp;]:mt-5\" dir=\"auto\" data-message-author-role=\"assistant\" data-message-id=\"3e8a8084-efa6-460e-9696-ff504cc802bb\" data-message-model-slug=\"gpt-4o\">\n<div class=\"flex w-full flex-col gap-1 empty:hidden first:pt-[3px]\">\n<div class=\"markdown prose w-full break-words dark:prose-invert light\">\n<p>Bu dekorativ bord\u00fcr, interyeriniz\u0259 z\u0259riflik v\u0259 t\u0259rav\u0259t qatmaq \u00fc\u00e7\u00fcn n\u0259z\u0259rd\u0259 tutulmu\u015fdur. Q\u0131z\u0131l\u0131 v\u0259 da\u015f tonlar\u0131 il\u0259 f\u0259rqli dizayn elementl\u0259rini bir araya g\u0259tir\u0259r\u0259k l\u00fcks v\u0259 z\u00f6vql\u00fc bir g\u00f6r\u00fcn\u00fc\u015f yarad\u0131r.<\/p>\n<\/div>\n<\/div>\n<\/div>\n<\/div>\n<div class=\"mb-2 flex gap-3 empty:hidden -ml-2\">\n<div class=\"items-center justify-start rounded-xl p-1 z-10 -mt-1 bg-token-main-surface-primary md:absolute md:sr-only\">\n<div class=\"flex items-center\">\n<p>&nbsp;<\/p>\n<div class=\"flex\"><\/div>\n<div class=\"flex items-center pb-0\"><\/div>\n<\/div>\n<\/div>\n<\/div>\n","protected":false},"excerpt":{"rendered":"<p>\u0414\u0435\u043a\u043e\u0440\u0430\u0442\u0438\u0432\u043d\u044b\u0439 \u0431\u043e\u0440\u0434\u044e\u0440 \u043f\u0440\u0438\u0437\u0432\u0430\u043d \u043f\u0440\u0438\u0434\u0430\u0442\u044c \u0432\u0430\u0448\u0435\u043c\u0443 \u0438\u043d\u0442\u0435\u0440\u044c\u0435\u0440\u0443 \u044d\u043b\u0435\u0433\u0430\u043d\u0442\u043d\u043e\u0441\u0442\u044c \u0438 \u0441\u0432\u0435\u0436\u0435\u0441\u0442\u044c. \u0421\u043e\u0447\u0435\u0442\u0430\u044f \u0440\u0430\u0437\u043b\u0438\u0447\u043d\u044b\u0435 \u044d\u043b\u0435\u043c\u0435\u043d\u0442\u044b \u0434\u0438\u0437\u0430\u0439\u043d\u0430 \u0441 \u043e\u0442\u0442\u0435\u043d\u043a\u0430\u043c\u0438 \u0437\u043e\u043b\u043e\u0442\u0430 \u0438 \u043a\u0430\u043c\u043d\u044f, \u043e\u043d \u0441\u043e\u0437\u0434\u0430\u0435\u0442 \u0440\u043e\u0441\u043a\u043e\u0448\u043d\u044b\u0439 \u0438 \u0438\u0437\u044b\u0441\u043a\u0430\u043d\u043d\u044b\u0439 \u0432\u0438\u0434. &nbsp;<\/p>","protected":false},"featured_media":15966,"comment_status":"closed","ping_status":"closed","template":"","meta":[],"product_brand":[],"product_cat":[76,357],"product_tag":[72,71,68,69,73,67,70],"collection":[],"brand":[312],"category_2":[],"catergory_brand":[],"class_list":{"0":"post-12898","1":"product","2":"type-product","3":"status-publish","4":"has-post-thumbnail","6":"product_cat-all","7":"product_cat-wall-tiles","8":"product_tag-bath-tiles","9":"product_tag-bedroom-tiles","10":"product_tag-ceramic","11":"product_tag-ceramic-tiles","12":"product_tag-interior-tiles","13":"product_tag-tiles","14":"product_tag-wall-tiltes","15":"brand-grespania","17":"first","18":"outofstock","19":"shipping-taxable","20":"product-type-simple"},"_links":{"self":[{"href":"https:\/\/simfoniya.az\/ru\/wp-json\/wp\/v2\/product\/12898","targetHints":{"allow":["GET"]}}],"collection":[{"href":"https:\/\/simfoniya.az\/ru\/wp-json\/wp\/v2\/product"}],"about":[{"href":"https:\/\/simfoniya.az\/ru\/wp-json\/wp\/v2\/types\/product"}],"replies":[{"embeddable":true,"href":"https:\/\/simfoniya.az\/ru\/wp-json\/wp\/v2\/comments?post=12898"}],"wp:featuredmedia":[{"embeddable":true,"href":"https:\/\/simfoniya.az\/ru\/wp-json\/wp\/v2\/media\/15966"}],"wp:attachment":[{"href":"https:\/\/simfoniya.az\/ru\/wp-json\/wp\/v2\/media?parent=12898"}],"wp:term":[{"taxonomy":"product_brand","embeddable":true,"href":"https:\/\/simfoniya.az\/ru\/wp-json\/wp\/v2\/product_brand?post=12898"},{"taxonomy":"product_cat","embeddable":true,"href":"https:\/\/simfoniya.az\/ru\/wp-json\/wp\/v2\/product_cat?post=12898"},{"taxonomy":"product_tag","embeddable":true,"href":"https:\/\/simfoniya.az\/ru\/wp-json\/wp\/v2\/product_tag?post=12898"},{"taxonomy":"collection","embeddable":true,"href":"https:\/\/simfoniya.az\/ru\/wp-json\/wp\/v2\/collection?post=12898"},{"taxonomy":"brand","embeddable":true,"href":"https:\/\/simfoniya.az\/ru\/wp-json\/wp\/v2\/brand?post=12898"},{"taxonomy":"category_2","embeddable":true,"href":"https:\/\/simfoniya.az\/ru\/wp-json\/wp\/v2\/category_2?post=12898"},{"taxonomy":"catergory_brand","embeddable":true,"href":"https:\/\/simfoniya.az\/ru\/wp-json\/wp\/v2\/catergory_brand?post=12898"}],"curies":[{"name":"WP","href":"https:\/\/api.w.org\/{rel}","templated":true}]}}