{"id":12993,"date":"2024-04-09T01:09:57","date_gmt":"2024-04-09T01:09:57","guid":{"rendered":"https:\/\/simfoniya.az\/?post_type=product&#038;p=12993"},"modified":"2025-01-28T13:02:28","modified_gmt":"2025-01-28T13:02:28","slug":"vives-triangulo-elvida-celes-32x27","status":"publish","type":"product","link":"https:\/\/simfoniya.az\/ru\/product\/vives-triangulo-elvida-celes-32x27\/","title":{"rendered":"\u0412\u0438\u0432\u0435\u0441, \u043f\u0440\u043e\u0449\u0430\u0439, \u0421\u0435\u043b\u0435\u0441"},"content":{"rendered":"<div class=\"flex max-w-full flex-col flex-grow\">\n<div class=\"min-h-8 text-message flex w-full flex-col items-end gap-2 whitespace-normal break-words [.text-message+&amp;]:mt-5\" dir=\"auto\" data-message-author-role=\"assistant\" data-message-id=\"4596e10d-37db-4e07-a299-e5d31e50dbb7\" data-message-model-slug=\"gpt-4o\">\n<div class=\"flex w-full flex-col gap-1 empty:hidden first:pt-[3px]\">\n<div class=\"markdown prose w-full break-words dark:prose-invert light\">\n<p>Bu m\u0259hsul \u00fc\u00e7bucaq formas\u0131nda parlaq boz r\u0259ngd\u0259 plit\u0259dir, m\u00fcasir v\u0259 minimalist dizaynlar \u00fc\u00e7\u00fcn m\u00fck\u0259mm\u0259ldir. S\u0259liq\u0259li v\u0259 z\u0259rif g\u00f6r\u00fcn\u00fc\u015f\u00fc il\u0259 interyer\u0259 eleqantl\u0131q qat\u0131r.<\/p>\n<\/div>\n<\/div>\n<\/div>\n<\/div>\n<div class=\"mb-2 flex gap-3 empty:hidden -ml-2\">\n<div class=\"items-center justify-start rounded-xl p-1 flex\">\n<div class=\"flex items-center\">\n<p>&nbsp;<\/p>\n<div class=\"flex\"><\/div>\n<div class=\"flex items-center pb-0\"><\/div>\n<\/div>\n<\/div>\n<\/div>\n","protected":false},"excerpt":{"rendered":"<p>\u042d\u0442\u043e\u0442 \u043f\u0440\u043e\u0434\u0443\u043a\u0442 \u043f\u0440\u0435\u0434\u0441\u0442\u0430\u0432\u043b\u044f\u0435\u0442 \u0441\u043e\u0431\u043e\u0439 \u043f\u043b\u0438\u0442\u043a\u0443 \u0442\u0440\u0435\u0443\u0433\u043e\u043b\u044c\u043d\u043e\u0439 \u0444\u043e\u0440\u043c\u044b \u0433\u043b\u044f\u043d\u0446\u0435\u0432\u043e\u0433\u043e \u0441\u0435\u0440\u043e\u0433\u043e \u0446\u0432\u0435\u0442\u0430, \u0438\u0434\u0435\u0430\u043b\u044c\u043d\u043e \u043f\u043e\u0434\u0445\u043e\u0434\u044f\u0449\u0443\u044e \u0434\u043b\u044f \u0441\u043e\u0432\u0440\u0435\u043c\u0435\u043d\u043d\u043e\u0433\u043e \u0438 \u043c\u0438\u043d\u0438\u043c\u0430\u043b\u0438\u0441\u0442\u0441\u043a\u043e\u0433\u043e \u0434\u0438\u0437\u0430\u0439\u043d\u0430. \u041e\u043d \u0434\u043e\u0431\u0430\u0432\u043b\u044f\u0435\u0442 \u044d\u043b\u0435\u0433\u0430\u043d\u0442\u043d\u043e\u0441\u0442\u0438 \u0438\u043d\u0442\u0435\u0440\u044c\u0435\u0440\u0443 \u0441\u0432\u043e\u0438\u043c \u0430\u043a\u043a\u0443\u0440\u0430\u0442\u043d\u044b\u043c \u0438 \u044d\u043b\u0435\u0433\u0430\u043d\u0442\u043d\u044b\u043c \u0432\u043d\u0435\u0448\u043d\u0438\u043c \u0432\u0438\u0434\u043e\u043c. &nbsp;<\/p>","protected":false},"featured_media":16160,"comment_status":"closed","ping_status":"closed","template":"","meta":[],"product_brand":[],"product_cat":[1662,1660,1657,76,357,403],"product_tag":[72,71,68,69,73,67,70],"collection":[],"brand":[313],"category_2":[],"catergory_brand":[],"class_list":{"0":"post-12993","1":"product","2":"type-product","3":"status-publish","4":"has-post-thumbnail","6":"product_cat-decorative-tiles","7":"product_cat-kitchen-tiles","8":"product_cat-ceramic-tiles","9":"product_cat-all","10":"product_cat-wall-tiles","11":"product_cat-bathroom-tiles","12":"product_tag-bath-tiles","13":"product_tag-bedroom-tiles","14":"product_tag-ceramic","15":"product_tag-ceramic-tiles","16":"product_tag-interior-tiles","17":"product_tag-tiles","18":"product_tag-wall-tiltes","19":"brand-vives","21":"first","22":"instock","23":"shipping-taxable","24":"product-type-simple"},"_links":{"self":[{"href":"https:\/\/simfoniya.az\/ru\/wp-json\/wp\/v2\/product\/12993","targetHints":{"allow":["GET"]}}],"collection":[{"href":"https:\/\/simfoniya.az\/ru\/wp-json\/wp\/v2\/product"}],"about":[{"href":"https:\/\/simfoniya.az\/ru\/wp-json\/wp\/v2\/types\/product"}],"replies":[{"embeddable":true,"href":"https:\/\/simfoniya.az\/ru\/wp-json\/wp\/v2\/comments?post=12993"}],"wp:featuredmedia":[{"embeddable":true,"href":"https:\/\/simfoniya.az\/ru\/wp-json\/wp\/v2\/media\/16160"}],"wp:attachment":[{"href":"https:\/\/simfoniya.az\/ru\/wp-json\/wp\/v2\/media?parent=12993"}],"wp:term":[{"taxonomy":"product_brand","embeddable":true,"href":"https:\/\/simfoniya.az\/ru\/wp-json\/wp\/v2\/product_brand?post=12993"},{"taxonomy":"product_cat","embeddable":true,"href":"https:\/\/simfoniya.az\/ru\/wp-json\/wp\/v2\/product_cat?post=12993"},{"taxonomy":"product_tag","embeddable":true,"href":"https:\/\/simfoniya.az\/ru\/wp-json\/wp\/v2\/product_tag?post=12993"},{"taxonomy":"collection","embeddable":true,"href":"https:\/\/simfoniya.az\/ru\/wp-json\/wp\/v2\/collection?post=12993"},{"taxonomy":"brand","embeddable":true,"href":"https:\/\/simfoniya.az\/ru\/wp-json\/wp\/v2\/brand?post=12993"},{"taxonomy":"category_2","embeddable":true,"href":"https:\/\/simfoniya.az\/ru\/wp-json\/wp\/v2\/category_2?post=12993"},{"taxonomy":"catergory_brand","embeddable":true,"href":"https:\/\/simfoniya.az\/ru\/wp-json\/wp\/v2\/catergory_brand?post=12993"}],"curies":[{"name":"WP","href":"https:\/\/api.w.org\/{rel}","templated":true}]}}