{"id":15661,"date":"2024-04-29T05:03:49","date_gmt":"2024-04-29T05:03:49","guid":{"rendered":"https:\/\/simfoniya.az\/?post_type=product&#038;p=15661"},"modified":"2024-11-04T11:22:13","modified_gmt":"2024-11-04T11:22:13","slug":"aparici-tailor-ivory-gres-49-1x49-1","status":"publish","type":"product","link":"https:\/\/simfoniya.az\/ru\/product\/aparici-tailor-ivory-gres-49-1x49-1\/","title":{"rendered":"\u041f\u043e\u0440\u0442\u043d\u043e\u0439-\u0432\u0435\u0434\u0443\u0449\u0438\u0439 \/ \u0410\u0439\u0432\u043e\u0440\u0438 \u0413\u0440\u0435\u0441"},"content":{"rendered":"<div class=\"flex max-w-full flex-col flex-grow\">\n<div class=\"min-h-8 text-message flex w-full flex-col items-end gap-2 whitespace-normal break-words [.text-message+&amp;]:mt-5\" dir=\"auto\" data-message-author-role=\"assistant\" data-message-id=\"c53f98f2-8157-4171-b057-0b1dcc954f02\" data-message-model-slug=\"gpt-4o\">\n<div class=\"flex w-full flex-col gap-1 empty:hidden first:pt-[3px]\">\n<div class=\"markdown prose w-full break-words dark:prose-invert light\">\n<p>Bu a\u00e7\u0131q krem r\u0259ngli plit\u0259, minimalistik dizayn\u0131 v\u0259 yum\u015faq r\u0259ngi il\u0259 m\u0259kan\u0131n\u0131za sad\u0259 v\u0259 z\u0259rif bir atmosfer qatacaq. T\u0259miz v\u0259 i\u015f\u0131ql\u0131 bir g\u00f6r\u00fcn\u00fc\u015f yarad\u0131r, interyer dizayn\u0131n\u0131z\u0131 tamamlay\u0131r.<\/p>\n<\/div>\n<\/div>\n<\/div>\n<\/div>\n<div class=\"mb-2 flex gap-3 empty:hidden -ml-2\">\n<div class=\"items-center justify-start rounded-xl p-1 flex\">\n<div class=\"flex items-center\">\n<p>&nbsp;<\/p>\n<div class=\"flex\"><\/div>\n<div class=\"flex items-center pb-0\"><\/div>\n<\/div>\n<\/div>\n<\/div>\n","protected":false},"excerpt":{"rendered":"<p>\u042d\u0442\u0430 \u043f\u043b\u0438\u0442\u043a\u0430 \u0441\u0432\u0435\u0442\u043b\u043e-\u043a\u0440\u0435\u043c\u043e\u0432\u043e\u0433\u043e \u0446\u0432\u0435\u0442\u0430 \u043f\u0440\u0438\u0434\u0430\u0441\u0442 \u0432\u0430\u0448\u0435\u043c\u0443 \u043f\u0440\u043e\u0441\u0442\u0440\u0430\u043d\u0441\u0442\u0432\u0443 \u043f\u0440\u043e\u0441\u0442\u0443\u044e \u0438 \u044d\u043b\u0435\u0433\u0430\u043d\u0442\u043d\u0443\u044e \u0430\u0442\u043c\u043e\u0441\u0444\u0435\u0440\u0443 \u0431\u043b\u0430\u0433\u043e\u0434\u0430\u0440\u044f \u043c\u0438\u043d\u0438\u043c\u0430\u043b\u0438\u0441\u0442\u0438\u0447\u043d\u043e\u043c\u0443 \u0434\u0438\u0437\u0430\u0439\u043d\u0443 \u0438 \u043c\u044f\u0433\u043a\u0438\u043c \u0446\u0432\u0435\u0442\u0430\u043c. \u041e\u043d \u0441\u043e\u0437\u0434\u0430\u0435\u0442 \u0447\u0438\u0441\u0442\u044b\u0439 \u0438 \u044f\u0440\u043a\u0438\u0439 \u0432\u0438\u0434, \u0434\u043e\u043f\u043e\u043b\u043d\u044f\u044f \u0434\u0438\u0437\u0430\u0439\u043d \u0432\u0430\u0448\u0435\u0433\u043e \u0438\u043d\u0442\u0435\u0440\u044c\u0435\u0440\u0430. &nbsp;<\/p>","protected":false},"featured_media":15663,"comment_status":"closed","ping_status":"closed","template":"","meta":[],"product_brand":[],"product_cat":[357,76],"product_tag":[],"collection":[],"brand":[],"category_2":[],"catergory_brand":[],"class_list":{"0":"post-15661","1":"product","2":"type-product","3":"status-publish","4":"has-post-thumbnail","6":"product_cat-wall-tiles","7":"product_cat-all","9":"first","10":"instock","11":"shipping-taxable","12":"product-type-simple"},"_links":{"self":[{"href":"https:\/\/simfoniya.az\/ru\/wp-json\/wp\/v2\/product\/15661","targetHints":{"allow":["GET"]}}],"collection":[{"href":"https:\/\/simfoniya.az\/ru\/wp-json\/wp\/v2\/product"}],"about":[{"href":"https:\/\/simfoniya.az\/ru\/wp-json\/wp\/v2\/types\/product"}],"replies":[{"embeddable":true,"href":"https:\/\/simfoniya.az\/ru\/wp-json\/wp\/v2\/comments?post=15661"}],"wp:featuredmedia":[{"embeddable":true,"href":"https:\/\/simfoniya.az\/ru\/wp-json\/wp\/v2\/media\/15663"}],"wp:attachment":[{"href":"https:\/\/simfoniya.az\/ru\/wp-json\/wp\/v2\/media?parent=15661"}],"wp:term":[{"taxonomy":"product_brand","embeddable":true,"href":"https:\/\/simfoniya.az\/ru\/wp-json\/wp\/v2\/product_brand?post=15661"},{"taxonomy":"product_cat","embeddable":true,"href":"https:\/\/simfoniya.az\/ru\/wp-json\/wp\/v2\/product_cat?post=15661"},{"taxonomy":"product_tag","embeddable":true,"href":"https:\/\/simfoniya.az\/ru\/wp-json\/wp\/v2\/product_tag?post=15661"},{"taxonomy":"collection","embeddable":true,"href":"https:\/\/simfoniya.az\/ru\/wp-json\/wp\/v2\/collection?post=15661"},{"taxonomy":"brand","embeddable":true,"href":"https:\/\/simfoniya.az\/ru\/wp-json\/wp\/v2\/brand?post=15661"},{"taxonomy":"category_2","embeddable":true,"href":"https:\/\/simfoniya.az\/ru\/wp-json\/wp\/v2\/category_2?post=15661"},{"taxonomy":"catergory_brand","embeddable":true,"href":"https:\/\/simfoniya.az\/ru\/wp-json\/wp\/v2\/catergory_brand?post=15661"}],"curies":[{"name":"WP","href":"https:\/\/api.w.org\/{rel}","templated":true}]}}