{"id":15853,"date":"2024-04-30T04:58:17","date_gmt":"2024-04-30T04:58:17","guid":{"rendered":"https:\/\/simfoniya.az\/?post_type=product&#038;p=15853"},"modified":"2024-11-04T11:21:19","modified_gmt":"2024-11-04T11:21:19","slug":"grespania-calcuta-3-blanco-30x90","status":"publish","type":"product","link":"https:\/\/simfoniya.az\/ru\/product\/grespania-calcuta-3-blanco-30x90\/","title":{"rendered":"\u0413\u0440\u0435\u0441\u043f\u0430\u043d\u0438\u044f \u041a\u0430\u043b\u044c\u043a\u0443\u0442\u0442\u0430 \/ 3 \u0411\u043b\u0430\u043d\u043a\u043e"},"content":{"rendered":"<div class=\"flex max-w-full flex-col flex-grow\">\n<div class=\"min-h-8 text-message flex w-full flex-col items-end gap-2 whitespace-normal break-words [.text-message+&amp;]:mt-5\" dir=\"auto\" data-message-author-role=\"assistant\" data-message-id=\"b3e42f0a-db7d-4cf3-a7e7-32cc535fb780\" data-message-model-slug=\"gpt-4o\">\n<div class=\"flex w-full flex-col gap-1 empty:hidden first:pt-[3px]\">\n<div class=\"markdown prose w-full break-words dark:prose-invert light\">\n<p>Bu klassik a\u011f fonlu v\u0259 q\u0131z\u0131l\u0131 nax\u0131\u015fl\u0131 plit\u0259, m\u0259kan\u0131n\u0131za z\u0259riflik v\u0259 inc\u0259lik qatmaq \u00fc\u00e7\u00fcn m\u00fck\u0259mm\u0259ldir. D\u0259bd\u0259b\u0259li detallar\u0131 il\u0259 interyeriniz\u0259 f\u0259rqli bir cazib\u0259 \u0259lav\u0259 ed\u0259c\u0259k.<\/p>\n<\/div>\n<\/div>\n<\/div>\n<\/div>\n<div class=\"mb-2 flex gap-3 empty:hidden -ml-2\">\n<div class=\"items-center justify-start rounded-xl p-1 flex\">\n<div class=\"flex items-center\">\n<p>&nbsp;<\/p>\n<div class=\"flex\"><\/div>\n<div class=\"flex items-center pb-0\"><\/div>\n<\/div>\n<\/div>\n<\/div>\n","protected":false},"excerpt":{"rendered":"<p>\u042d\u0442\u0430 \u043f\u043b\u0438\u0442\u043a\u0430 \u0441 \u043a\u043b\u0430\u0441\u0441\u0438\u0447\u0435\u0441\u043a\u0438\u043c \u0431\u0435\u043b\u044b\u043c \u0444\u043e\u043d\u043e\u043c \u0438 \u0437\u043e\u043b\u043e\u0442\u044b\u043c \u0443\u0437\u043e\u0440\u043e\u043c \u0438\u0434\u0435\u0430\u043b\u044c\u043d\u043e \u043f\u043e\u0434\u0445\u043e\u0434\u0438\u0442 \u0434\u043b\u044f \u043f\u0440\u0438\u0434\u0430\u043d\u0438\u044f \u044d\u043b\u0435\u0433\u0430\u043d\u0442\u043d\u043e\u0441\u0442\u0438 \u0438 \u0438\u0437\u044b\u0441\u043a\u0430\u043d\u043d\u043e\u0441\u0442\u0438 \u0432\u0430\u0448\u0435\u043c\u0443 \u043f\u0440\u043e\u0441\u0442\u0440\u0430\u043d\u0441\u0442\u0432\u0443. \u0420\u043e\u0441\u043a\u043e\u0448\u043d\u044b\u0435 \u0434\u0435\u0442\u0430\u043b\u0438 \u043f\u0440\u0438\u0434\u0430\u0434\u0443\u0442 \u0432\u0430\u0448\u0435\u043c\u0443 \u0438\u043d\u0442\u0435\u0440\u044c\u0435\u0440\u0443 \u043e\u0441\u043e\u0431\u044b\u0439 \u0448\u0430\u0440\u043c. &nbsp;<\/p>","protected":false},"featured_media":21115,"comment_status":"closed","ping_status":"closed","template":"","meta":[],"product_brand":[],"product_cat":[357,76],"product_tag":[],"collection":[],"brand":[],"category_2":[],"catergory_brand":[],"class_list":{"0":"post-15853","1":"product","2":"type-product","3":"status-publish","4":"has-post-thumbnail","6":"product_cat-wall-tiles","7":"product_cat-all","9":"first","10":"instock","11":"shipping-taxable","12":"product-type-simple"},"_links":{"self":[{"href":"https:\/\/simfoniya.az\/ru\/wp-json\/wp\/v2\/product\/15853","targetHints":{"allow":["GET"]}}],"collection":[{"href":"https:\/\/simfoniya.az\/ru\/wp-json\/wp\/v2\/product"}],"about":[{"href":"https:\/\/simfoniya.az\/ru\/wp-json\/wp\/v2\/types\/product"}],"replies":[{"embeddable":true,"href":"https:\/\/simfoniya.az\/ru\/wp-json\/wp\/v2\/comments?post=15853"}],"wp:featuredmedia":[{"embeddable":true,"href":"https:\/\/simfoniya.az\/ru\/wp-json\/wp\/v2\/media\/21115"}],"wp:attachment":[{"href":"https:\/\/simfoniya.az\/ru\/wp-json\/wp\/v2\/media?parent=15853"}],"wp:term":[{"taxonomy":"product_brand","embeddable":true,"href":"https:\/\/simfoniya.az\/ru\/wp-json\/wp\/v2\/product_brand?post=15853"},{"taxonomy":"product_cat","embeddable":true,"href":"https:\/\/simfoniya.az\/ru\/wp-json\/wp\/v2\/product_cat?post=15853"},{"taxonomy":"product_tag","embeddable":true,"href":"https:\/\/simfoniya.az\/ru\/wp-json\/wp\/v2\/product_tag?post=15853"},{"taxonomy":"collection","embeddable":true,"href":"https:\/\/simfoniya.az\/ru\/wp-json\/wp\/v2\/collection?post=15853"},{"taxonomy":"brand","embeddable":true,"href":"https:\/\/simfoniya.az\/ru\/wp-json\/wp\/v2\/brand?post=15853"},{"taxonomy":"category_2","embeddable":true,"href":"https:\/\/simfoniya.az\/ru\/wp-json\/wp\/v2\/category_2?post=15853"},{"taxonomy":"catergory_brand","embeddable":true,"href":"https:\/\/simfoniya.az\/ru\/wp-json\/wp\/v2\/catergory_brand?post=15853"}],"curies":[{"name":"WP","href":"https:\/\/api.w.org\/{rel}","templated":true}]}}