{"id":15857,"date":"2024-04-30T05:01:28","date_gmt":"2024-04-30T05:01:28","guid":{"rendered":"https:\/\/simfoniya.az\/?post_type=product&#038;p=15857"},"modified":"2024-11-04T11:21:07","modified_gmt":"2024-11-04T11:21:07","slug":"grespania-caleidos-beige-30x90","status":"publish","type":"product","link":"https:\/\/simfoniya.az\/ru\/product\/grespania-caleidos-beige-30x90\/","title":{"rendered":"\u0413\u0440\u0435\u0441\u043f\u0430\u043d\u0438\u044f \u041a\u0430\u043b\u0435\u0439\u0434\u043e\u0441 \/ \u0411\u0435\u0436\u0435\u0432\u044b\u0439"},"content":{"rendered":"<div class=\"flex max-w-full flex-col flex-grow\">\n<div class=\"min-h-8 text-message flex w-full flex-col items-end gap-2 whitespace-normal break-words [.text-message+&amp;]:mt-5\" dir=\"auto\" data-message-author-role=\"assistant\" data-message-id=\"0acb0af1-2d3a-4b9b-87bb-b8cd1dcd98af\" data-message-model-slug=\"gpt-4o\">\n<div class=\"flex w-full flex-col gap-1 empty:hidden first:pt-[3px]\">\n<div class=\"markdown prose w-full break-words dark:prose-invert light\">\n<p>Bu a\u00e7\u0131q r\u0259ngli keramika plit\u0259, interyeriniz\u0259 geni\u015flik v\u0259 ayd\u0131nl\u0131q qat\u0131r. Parlaq v\u0259 hamar s\u0259thi il\u0259 h\u0259m divar, h\u0259m d\u0259 d\u00f6\u015f\u0259m\u0259 \u00fc\u00e7\u00fcn ideald\u0131r, minimalist v\u0259 m\u00fcasir dizaynlarla m\u00fck\u0259mm\u0259l uy\u011funla\u015f\u0131r.<\/p>\n<\/div>\n<\/div>\n<\/div>\n<\/div>\n<div class=\"mb-2 flex gap-3 empty:hidden -ml-2\">\n<div class=\"items-center justify-start rounded-xl p-1 flex\">\n<div class=\"flex items-center\">\n<p>&nbsp;<\/p>\n<div class=\"flex\"><\/div>\n<div class=\"flex items-center pb-0\"><\/div>\n<\/div>\n<\/div>\n<\/div>\n","protected":false},"excerpt":{"rendered":"<p>\u042d\u0442\u0430 \u0441\u0432\u0435\u0442\u043b\u0430\u044f \u043a\u0435\u0440\u0430\u043c\u0438\u0447\u0435\u0441\u043a\u0430\u044f \u043f\u043b\u0438\u0442\u043a\u0430 \u0434\u043e\u0431\u0430\u0432\u0438\u0442 \u043f\u0440\u043e\u0441\u0442\u043e\u0440\u0430 \u0438 \u044f\u0441\u043d\u043e\u0441\u0442\u0438 \u0432\u0430\u0448\u0435\u043c\u0443 \u0438\u043d\u0442\u0435\u0440\u044c\u0435\u0440\u0443. \u0411\u043b\u0430\u0433\u043e\u0434\u0430\u0440\u044f \u0431\u043b\u0435\u0441\u0442\u044f\u0449\u0435\u0439 \u0438 \u0433\u043b\u0430\u0434\u043a\u043e\u0439 \u043f\u043e\u0432\u0435\u0440\u0445\u043d\u043e\u0441\u0442\u0438 \u043e\u043d \u0438\u0434\u0435\u0430\u043b\u044c\u043d\u043e \u043f\u043e\u0434\u0445\u043e\u0434\u0438\u0442 \u043a\u0430\u043a \u0434\u043b\u044f \u0441\u0442\u0435\u043d, \u0442\u0430\u043a \u0438 \u0434\u043b\u044f \u043f\u043e\u043b\u0430 \u0438 \u0438\u0434\u0435\u0430\u043b\u044c\u043d\u043e \u0432\u043f\u0438\u0441\u044b\u0432\u0430\u0435\u0442\u0441\u044f \u0432 \u043c\u0438\u043d\u0438\u043c\u0430\u043b\u0438\u0441\u0442\u0441\u043a\u0438\u0439 \u0438 \u0441\u043e\u0432\u0440\u0435\u043c\u0435\u043d\u043d\u044b\u0439 \u0434\u0438\u0437\u0430\u0439\u043d. &nbsp;<\/p>","protected":false},"featured_media":15858,"comment_status":"closed","ping_status":"closed","template":"","meta":[],"product_brand":[],"product_cat":[357,76],"product_tag":[],"collection":[],"brand":[],"category_2":[],"catergory_brand":[],"class_list":{"0":"post-15857","1":"product","2":"type-product","3":"status-publish","4":"has-post-thumbnail","6":"product_cat-wall-tiles","7":"product_cat-all","9":"first","10":"instock","11":"shipping-taxable","12":"product-type-simple"},"_links":{"self":[{"href":"https:\/\/simfoniya.az\/ru\/wp-json\/wp\/v2\/product\/15857","targetHints":{"allow":["GET"]}}],"collection":[{"href":"https:\/\/simfoniya.az\/ru\/wp-json\/wp\/v2\/product"}],"about":[{"href":"https:\/\/simfoniya.az\/ru\/wp-json\/wp\/v2\/types\/product"}],"replies":[{"embeddable":true,"href":"https:\/\/simfoniya.az\/ru\/wp-json\/wp\/v2\/comments?post=15857"}],"wp:featuredmedia":[{"embeddable":true,"href":"https:\/\/simfoniya.az\/ru\/wp-json\/wp\/v2\/media\/15858"}],"wp:attachment":[{"href":"https:\/\/simfoniya.az\/ru\/wp-json\/wp\/v2\/media?parent=15857"}],"wp:term":[{"taxonomy":"product_brand","embeddable":true,"href":"https:\/\/simfoniya.az\/ru\/wp-json\/wp\/v2\/product_brand?post=15857"},{"taxonomy":"product_cat","embeddable":true,"href":"https:\/\/simfoniya.az\/ru\/wp-json\/wp\/v2\/product_cat?post=15857"},{"taxonomy":"product_tag","embeddable":true,"href":"https:\/\/simfoniya.az\/ru\/wp-json\/wp\/v2\/product_tag?post=15857"},{"taxonomy":"collection","embeddable":true,"href":"https:\/\/simfoniya.az\/ru\/wp-json\/wp\/v2\/collection?post=15857"},{"taxonomy":"brand","embeddable":true,"href":"https:\/\/simfoniya.az\/ru\/wp-json\/wp\/v2\/brand?post=15857"},{"taxonomy":"category_2","embeddable":true,"href":"https:\/\/simfoniya.az\/ru\/wp-json\/wp\/v2\/category_2?post=15857"},{"taxonomy":"catergory_brand","embeddable":true,"href":"https:\/\/simfoniya.az\/ru\/wp-json\/wp\/v2\/catergory_brand?post=15857"}],"curies":[{"name":"WP","href":"https:\/\/api.w.org\/{rel}","templated":true}]}}