{"id":15867,"date":"2024-04-30T05:10:01","date_gmt":"2024-04-30T05:10:01","guid":{"rendered":"https:\/\/simfoniya.az\/?post_type=product&#038;p=15867"},"modified":"2025-01-28T13:04:12","modified_gmt":"2025-01-28T13:04:12","slug":"grespania-floresta-marron-30x90","status":"publish","type":"product","link":"https:\/\/simfoniya.az\/ru\/product\/grespania-floresta-marron-30x90\/","title":{"rendered":"\u0413\u0440\u0435\u0441\u043f\u0430\u043d\u0438\u044f \u0424\u043b\u043e\u0440\u0435\u0441\u0442\u0430 \/ \u041c\u0430\u0440\u0440\u043e\u043d"},"content":{"rendered":"<div class=\"flex max-w-full flex-col flex-grow\">\n<div class=\"min-h-8 text-message flex w-full flex-col items-end gap-2 whitespace-normal break-words [.text-message+&amp;]:mt-5\" dir=\"auto\" data-message-author-role=\"assistant\" data-message-id=\"1e2b64cb-7433-46d3-b12e-ccd5841bdcb6\" data-message-model-slug=\"gpt-4o\">\n<div class=\"flex w-full flex-col gap-1 empty:hidden first:pt-[3px]\">\n<div class=\"markdown prose w-full break-words dark:prose-invert light\">\n<p>Bu parlaq\u00a0 keramika plit\u0259si, yarpaq nax\u0131\u015flar\u0131 il\u0259 g\u00f6z ox\u015fay\u0131r v\u0259 interyer\u0259 canl\u0131l\u0131q qat\u0131r. X\u00fcsusil\u0259 c\u0259sar\u0259tli v\u0259 dinamik dizayn axtaranlar \u00fc\u00e7\u00fcn ideal se\u00e7imdir. R\u0259ngi v\u0259 nax\u0131\u015flar\u0131 il\u0259 vanna ota\u011f\u0131 v\u0259 m\u0259tb\u0259x kimi m\u0259kanlara f\u0259rqli bir t\u0259rz g\u0259tirir.<\/p>\n<\/div>\n<\/div>\n<\/div>\n<\/div>\n<div class=\"mb-2 flex gap-3 empty:hidden -ml-2\">\n<div class=\"items-center justify-start rounded-xl p-1 flex\">\n<div class=\"flex items-center\">\n<p>&nbsp;<\/p>\n<div class=\"flex\"><\/div>\n<div class=\"flex items-center pb-0\"><\/div>\n<\/div>\n<\/div>\n<\/div>\n","protected":false},"excerpt":{"rendered":"<p>\u042d\u0442\u0430 \u0433\u043b\u044f\u043d\u0446\u0435\u0432\u0430\u044f \u043a\u0435\u0440\u0430\u043c\u0438\u0447\u0435\u0441\u043a\u0430\u044f \u043f\u043b\u0438\u0442\u043a\u0430 \u043f\u0440\u0438\u0432\u043b\u0435\u043a\u0430\u0435\u0442 \u0432\u043d\u0438\u043c\u0430\u043d\u0438\u0435 \u0443\u0437\u043e\u0440\u043e\u043c \u0432 \u0432\u0438\u0434\u0435 \u043b\u0438\u0441\u0442\u044c\u0435\u0432 \u0438 \u043f\u0440\u0438\u0434\u0430\u0435\u0442 \u0438\u043d\u0442\u0435\u0440\u044c\u0435\u0440\u0443 \u0436\u0438\u0432\u043e\u0441\u0442\u0438. \u042d\u0442\u043e \u0438\u0434\u0435\u0430\u043b\u044c\u043d\u044b\u0439 \u0432\u044b\u0431\u043e\u0440 \u0434\u043b\u044f \u0442\u0435\u0445, \u043a\u0442\u043e \u0438\u0449\u0435\u0442 \u043e\u0441\u043e\u0431\u0435\u043d\u043d\u043e \u0441\u043c\u0435\u043b\u044b\u0439 \u0438 \u0434\u0438\u043d\u0430\u043c\u0438\u0447\u043d\u044b\u0439 \u0434\u0438\u0437\u0430\u0439\u043d. \u0411\u043b\u0430\u0433\u043e\u0434\u0430\u0440\u044f \u0441\u0432\u043e\u0435\u043c\u0443 \u0446\u0432\u0435\u0442\u0443 \u0438 \u0443\u0437\u043e\u0440\u0443 \u043e\u043d \u043f\u0440\u0438\u0432\u043d\u043e\u0441\u0438\u0442 \u043d\u043e\u0432\u044b\u0439 \u0441\u0442\u0438\u043b\u044c \u0432 \u0442\u0430\u043a\u0438\u0435 \u043f\u043e\u043c\u0435\u0449\u0435\u043d\u0438\u044f, \u043a\u0430\u043a \u0432\u0430\u043d\u043d\u044b\u0435 \u043a\u043e\u043c\u043d\u0430\u0442\u044b \u0438 \u043a\u0443\u0445\u043d\u0438. &nbsp;<\/p>","protected":false},"featured_media":15868,"comment_status":"closed","ping_status":"closed","template":"","meta":[],"product_brand":[],"product_cat":[1662,357,76,1657],"product_tag":[],"collection":[],"brand":[],"category_2":[],"catergory_brand":[],"class_list":{"0":"post-15867","1":"product","2":"type-product","3":"status-publish","4":"has-post-thumbnail","6":"product_cat-decorative-tiles","7":"product_cat-wall-tiles","8":"product_cat-all","9":"product_cat-ceramic-tiles","11":"first","12":"instock","13":"shipping-taxable","14":"product-type-simple"},"_links":{"self":[{"href":"https:\/\/simfoniya.az\/ru\/wp-json\/wp\/v2\/product\/15867","targetHints":{"allow":["GET"]}}],"collection":[{"href":"https:\/\/simfoniya.az\/ru\/wp-json\/wp\/v2\/product"}],"about":[{"href":"https:\/\/simfoniya.az\/ru\/wp-json\/wp\/v2\/types\/product"}],"replies":[{"embeddable":true,"href":"https:\/\/simfoniya.az\/ru\/wp-json\/wp\/v2\/comments?post=15867"}],"wp:featuredmedia":[{"embeddable":true,"href":"https:\/\/simfoniya.az\/ru\/wp-json\/wp\/v2\/media\/15868"}],"wp:attachment":[{"href":"https:\/\/simfoniya.az\/ru\/wp-json\/wp\/v2\/media?parent=15867"}],"wp:term":[{"taxonomy":"product_brand","embeddable":true,"href":"https:\/\/simfoniya.az\/ru\/wp-json\/wp\/v2\/product_brand?post=15867"},{"taxonomy":"product_cat","embeddable":true,"href":"https:\/\/simfoniya.az\/ru\/wp-json\/wp\/v2\/product_cat?post=15867"},{"taxonomy":"product_tag","embeddable":true,"href":"https:\/\/simfoniya.az\/ru\/wp-json\/wp\/v2\/product_tag?post=15867"},{"taxonomy":"collection","embeddable":true,"href":"https:\/\/simfoniya.az\/ru\/wp-json\/wp\/v2\/collection?post=15867"},{"taxonomy":"brand","embeddable":true,"href":"https:\/\/simfoniya.az\/ru\/wp-json\/wp\/v2\/brand?post=15867"},{"taxonomy":"category_2","embeddable":true,"href":"https:\/\/simfoniya.az\/ru\/wp-json\/wp\/v2\/category_2?post=15867"},{"taxonomy":"catergory_brand","embeddable":true,"href":"https:\/\/simfoniya.az\/ru\/wp-json\/wp\/v2\/catergory_brand?post=15867"}],"curies":[{"name":"WP","href":"https:\/\/api.w.org\/{rel}","templated":true}]}}