{"id":16109,"date":"2024-05-01T06:38:32","date_gmt":"2024-05-01T06:38:32","guid":{"rendered":"https:\/\/simfoniya.az\/?post_type=product&#038;p=16109"},"modified":"2024-11-04T10:40:37","modified_gmt":"2024-11-04T10:40:37","slug":"grespania-golden-gate-31-5x100","status":"publish","type":"product","link":"https:\/\/simfoniya.az\/ru\/product\/grespania-golden-gate-31-5x100\/","title":{"rendered":"\u0417\u043e\u043b\u043e\u0442\u044b\u0435 \u0432\u043e\u0440\u043e\u0442\u0430 \u0413\u0440\u0435\u0441\u043f\u0430\u043d\u0438\u0438"},"content":{"rendered":"<div class=\"flex max-w-full flex-col flex-grow\">\n<div class=\"min-h-8 text-message flex w-full flex-col items-end gap-2 whitespace-normal break-words [.text-message+&amp;]:mt-5\" dir=\"auto\" data-message-author-role=\"assistant\" data-message-id=\"b72b0254-b4ba-40f9-ac98-68ee678a7b15\" data-message-model-slug=\"gpt-4o\">\n<div class=\"flex w-full flex-col gap-1 empty:hidden first:pt-[3px]\">\n<div class=\"markdown prose w-full break-words dark:prose-invert light\">\n<p>Bu keramika plit\u0259, m\u00fcxt\u0259lif mavi, q\u0259hv\u0259yi v\u0259 bej r\u0259ngl\u0259rd\u0259n ibar\u0259t diagonal zolaqlara malikdir. Davaml\u0131 v\u0259 estetik c\u0259h\u0259td\u0259n c\u0259lbedici olan bu plit\u0259 h\u0259m d\u00f6\u015f\u0259m\u0259l\u0259rd\u0259, h\u0259m d\u0259 divarlarda istifad\u0259y\u0259 uy\u011fundur, x\u00fcsus\u0259n d\u0259 m\u00fcasir v\u0259 rustik interyerl\u0259r \u00fc\u00e7\u00fcn ideal se\u00e7imdir.<\/p>\n<\/div>\n<\/div>\n<\/div>\n<\/div>\n<div class=\"mb-2 flex gap-3 empty:hidden -ml-2\">\n<div class=\"items-center justify-start rounded-xl p-1 flex\">\n<div class=\"flex items-center\">\n<p>&nbsp;<\/p>\n<div class=\"flex\"><\/div>\n<div class=\"flex items-center pb-0\"><\/div>\n<\/div>\n<\/div>\n<\/div>\n","protected":false},"excerpt":{"rendered":"<p>\u041a\u0435\u0440\u0430\u043c\u0438\u0447\u0435\u0441\u043a\u0430\u044f \u043f\u043b\u0438\u0442\u043a\u0430 \u0438\u043c\u0435\u0435\u0442 \u0434\u0438\u0430\u0433\u043e\u043d\u0430\u043b\u044c\u043d\u044b\u0435 \u043f\u043e\u043b\u043e\u0441\u044b \u0440\u0430\u0437\u043d\u043e\u0433\u043e \u0441\u0438\u043d\u0435\u0433\u043e, \u043a\u043e\u0440\u0438\u0447\u043d\u0435\u0432\u043e\u0433\u043e \u0438 \u0431\u0435\u0436\u0435\u0432\u043e\u0433\u043e \u0446\u0432\u0435\u0442\u043e\u0432. \u041f\u0440\u043e\u0447\u043d\u0430\u044f \u0438 \u044d\u0441\u0442\u0435\u0442\u0438\u0447\u0435\u0441\u043a\u0438 \u043f\u0440\u0438\u0432\u043b\u0435\u043a\u0430\u0442\u0435\u043b\u044c\u043d\u0430\u044f, \u044d\u0442\u0430 \u043f\u043b\u0438\u0442\u043a\u0430 \u043f\u043e\u0434\u0445\u043e\u0434\u0438\u0442 \u043a\u0430\u043a \u0434\u043b\u044f \u043f\u043e\u043b\u0430, \u0442\u0430\u043a \u0438 \u0434\u043b\u044f \u0441\u0442\u0435\u043d, \u0447\u0442\u043e \u0434\u0435\u043b\u0430\u0435\u0442 \u0435\u0435 \u0438\u0434\u0435\u0430\u043b\u044c\u043d\u044b\u043c \u0432\u044b\u0431\u043e\u0440\u043e\u043c, \u043e\u0441\u043e\u0431\u0435\u043d\u043d\u043e \u0434\u043b\u044f \u0441\u043e\u0432\u0440\u0435\u043c\u0435\u043d\u043d\u044b\u0445 \u0438 \u0434\u0435\u0440\u0435\u0432\u0435\u043d\u0441\u043a\u0438\u0445 \u0438\u043d\u0442\u0435\u0440\u044c\u0435\u0440\u043e\u0432. &nbsp;<\/p>","protected":false},"featured_media":16110,"comment_status":"closed","ping_status":"closed","template":"","meta":[],"product_brand":[],"product_cat":[357,76],"product_tag":[],"collection":[],"brand":[312],"category_2":[],"catergory_brand":[],"class_list":{"0":"post-16109","1":"product","2":"type-product","3":"status-publish","4":"has-post-thumbnail","6":"product_cat-wall-tiles","7":"product_cat-all","8":"brand-grespania","10":"first","11":"instock","12":"shipping-taxable","13":"product-type-simple"},"_links":{"self":[{"href":"https:\/\/simfoniya.az\/ru\/wp-json\/wp\/v2\/product\/16109","targetHints":{"allow":["GET"]}}],"collection":[{"href":"https:\/\/simfoniya.az\/ru\/wp-json\/wp\/v2\/product"}],"about":[{"href":"https:\/\/simfoniya.az\/ru\/wp-json\/wp\/v2\/types\/product"}],"replies":[{"embeddable":true,"href":"https:\/\/simfoniya.az\/ru\/wp-json\/wp\/v2\/comments?post=16109"}],"wp:featuredmedia":[{"embeddable":true,"href":"https:\/\/simfoniya.az\/ru\/wp-json\/wp\/v2\/media\/16110"}],"wp:attachment":[{"href":"https:\/\/simfoniya.az\/ru\/wp-json\/wp\/v2\/media?parent=16109"}],"wp:term":[{"taxonomy":"product_brand","embeddable":true,"href":"https:\/\/simfoniya.az\/ru\/wp-json\/wp\/v2\/product_brand?post=16109"},{"taxonomy":"product_cat","embeddable":true,"href":"https:\/\/simfoniya.az\/ru\/wp-json\/wp\/v2\/product_cat?post=16109"},{"taxonomy":"product_tag","embeddable":true,"href":"https:\/\/simfoniya.az\/ru\/wp-json\/wp\/v2\/product_tag?post=16109"},{"taxonomy":"collection","embeddable":true,"href":"https:\/\/simfoniya.az\/ru\/wp-json\/wp\/v2\/collection?post=16109"},{"taxonomy":"brand","embeddable":true,"href":"https:\/\/simfoniya.az\/ru\/wp-json\/wp\/v2\/brand?post=16109"},{"taxonomy":"category_2","embeddable":true,"href":"https:\/\/simfoniya.az\/ru\/wp-json\/wp\/v2\/category_2?post=16109"},{"taxonomy":"catergory_brand","embeddable":true,"href":"https:\/\/simfoniya.az\/ru\/wp-json\/wp\/v2\/catergory_brand?post=16109"}],"curies":[{"name":"WP","href":"https:\/\/api.w.org\/{rel}","templated":true}]}}