{"id":16285,"date":"2024-05-02T04:37:37","date_gmt":"2024-05-02T04:37:37","guid":{"rendered":"https:\/\/simfoniya.az\/?post_type=product&#038;p=16285"},"modified":"2024-11-04T11:13:49","modified_gmt":"2024-11-04T11:13:49","slug":"vives-flysch-r-grafito-44-3x89-3","status":"publish","type":"product","link":"https:\/\/simfoniya.az\/ru\/product\/vives-flysch-r-grafito-44-3x89-3\/","title":{"rendered":"\u0412\u0438\u0432\u0435\u0441 \u0424\u043b\u0438\u0448-\u0440 \/ Grafi\u0307to"},"content":{"rendered":"<p>\u0424\u0430\u0431\u0440\u0438\u043a\u0430:<br \/>\n\u0412\u0438\u0432\u0435\u0441<br \/>\n\u041a\u043e\u043b\u043b\u0435\u043a\u0446\u0438\u044f:<br \/>\n\u041c\u0438\u0440\u043e\u0432\u043e\u0439 \u0444\u043b\u0438\u0448<br \/>\n\u0418\u043c\u044f:<br \/>\n\u0420 \u0413\u0440\u0430\u0444\u0438\u0442\u043e<br \/>\n\u0420\u0430\u0437\u043c\u0435\u0440:<br \/>\n44,3\u044589,3 \u0441\u043c, \u0442\u043e\u043b\u0449\u0438\u043d\u0430 10 \u043c\u043c.<br \/>\n\u0421\u0442\u0440\u0430\u043d\u0430 \u043f\u0440\u043e\u0438\u0437\u0432\u043e\u0434\u0438\u0442\u0435\u043b\u044c:<br \/>\n\u0418\u0441\u043f\u0430\u043d\u0438\u044f<br \/>\n\u0422\u0438\u043f:<br \/>\n\u0424\u043e\u043d<br \/>\n\u041f\u0440\u0438\u043b\u043e\u0436\u0435\u043d\u0438\u0435:<br \/>\n\u041f\u043e\u043b, \u0441\u0442\u0435\u043d\u044b<br \/>\n\u041f\u043e\u0432\u0435\u0440\u0445\u043d\u043e\u0441\u0442\u044c:<br \/>\n\u041c\u044d\u0442\u0442<br \/>\n\u0412 \u043a\u043e\u0440\u043e\u0431\u043a\u0435:<br \/>\n3 \u0448\u0442.\/26,8 \u043a\u0433.<br \/>\n\u0412\u0430\u0440\u0438\u0430\u043d\u0442 \u0442\u043e\u043d\u0430:<br \/>\n\u0427\u0435\u0442\u043a\u043e \u0441\u043a\u0430\u0437\u0430\u043d\u043e<br \/>\n\u041c\u0430\u0442\u0435\u0440\u0438\u0430\u043b:<br \/>\n\u041a\u0435\u0440\u0430\u043c\u043e\u0433\u0440\u0430\u043d\u0438\u0442<br \/>\n\u041e\u0431\u0440\u0435\u0437\u0430\u043d\u043d\u044b\u0435 \u043a\u0440\u0430\u044f:<br \/>\n\u041d\u0435\u0442<br \/>\n\u041a\u043e\u0434 \u043f\u0440\u043e\u0434\u0443\u043a\u0442\u0430:<br \/>\n129733<\/p>","protected":false},"excerpt":{"rendered":"<p>Fabrik: Vives Kolleksiya: World Flysch Ad: R Grafito \u00d6l\u00e7\u00fc: 44.3&#215;89.3 sm, qal\u0131nl\u0131q 10 mm \u0130stehsal \u00f6lk\u0259si: \u0130spaniya N\u00f6v: Fon T\u0259tbiq: D\u00f6\u015f\u0259m\u0259, divarlar S\u0259th: Mat Qutuda: 3 \u0259d\u0259d \/ 26.8 kq Ton variasiyas\u0131: Ayd\u0131n ifad\u0259 olunmu\u015f Material: Porcelan da\u015f m\u0259mulat\u0131 K\u0259silmi\u015f k\u0259narlar: Xeyr M\u0259hsul kodu: 129733<\/p>","protected":false},"featured_media":16286,"comment_status":"closed","ping_status":"closed","template":"","meta":[],"product_brand":[],"product_cat":[357,76],"product_tag":[],"collection":[],"brand":[],"category_2":[],"catergory_brand":[],"class_list":{"0":"post-16285","1":"product","2":"type-product","3":"status-publish","4":"has-post-thumbnail","6":"product_cat-wall-tiles","7":"product_cat-all","9":"first","10":"instock","11":"shipping-taxable","12":"product-type-simple"},"_links":{"self":[{"href":"https:\/\/simfoniya.az\/ru\/wp-json\/wp\/v2\/product\/16285","targetHints":{"allow":["GET"]}}],"collection":[{"href":"https:\/\/simfoniya.az\/ru\/wp-json\/wp\/v2\/product"}],"about":[{"href":"https:\/\/simfoniya.az\/ru\/wp-json\/wp\/v2\/types\/product"}],"replies":[{"embeddable":true,"href":"https:\/\/simfoniya.az\/ru\/wp-json\/wp\/v2\/comments?post=16285"}],"wp:featuredmedia":[{"embeddable":true,"href":"https:\/\/simfoniya.az\/ru\/wp-json\/wp\/v2\/media\/16286"}],"wp:attachment":[{"href":"https:\/\/simfoniya.az\/ru\/wp-json\/wp\/v2\/media?parent=16285"}],"wp:term":[{"taxonomy":"product_brand","embeddable":true,"href":"https:\/\/simfoniya.az\/ru\/wp-json\/wp\/v2\/product_brand?post=16285"},{"taxonomy":"product_cat","embeddable":true,"href":"https:\/\/simfoniya.az\/ru\/wp-json\/wp\/v2\/product_cat?post=16285"},{"taxonomy":"product_tag","embeddable":true,"href":"https:\/\/simfoniya.az\/ru\/wp-json\/wp\/v2\/product_tag?post=16285"},{"taxonomy":"collection","embeddable":true,"href":"https:\/\/simfoniya.az\/ru\/wp-json\/wp\/v2\/collection?post=16285"},{"taxonomy":"brand","embeddable":true,"href":"https:\/\/simfoniya.az\/ru\/wp-json\/wp\/v2\/brand?post=16285"},{"taxonomy":"category_2","embeddable":true,"href":"https:\/\/simfoniya.az\/ru\/wp-json\/wp\/v2\/category_2?post=16285"},{"taxonomy":"catergory_brand","embeddable":true,"href":"https:\/\/simfoniya.az\/ru\/wp-json\/wp\/v2\/catergory_brand?post=16285"}],"curies":[{"name":"WP","href":"https:\/\/api.w.org\/{rel}","templated":true}]}}