{"id":17688,"date":"2024-05-31T05:02:25","date_gmt":"2024-05-31T05:02:25","guid":{"rendered":"https:\/\/simfoniya.az\/?post_type=product&#038;p=17688"},"modified":"2024-09-02T18:37:48","modified_gmt":"2024-09-02T18:37:48","slug":"easy-79-aqua-delta-zero-brushed-msi-dn50-trap","status":"publish","type":"product","link":"https:\/\/simfoniya.az\/ru\/product\/easy-79-aqua-delta-zero-brushed-msi-dn50-trap\/","title":{"rendered":"\u041b\u0415\u0413\u041a\u041e \/ \u041b\u043e\u0432\u0443\u0448\u043a\u0430"},"content":{"rendered":"<div id=\"panel_description\" class=\"accordion-content\" role=\"tabpanel\" data-tab-content=\"\" aria-labelledby=\"panel_description-label\" aria-hidden=\"false\">\n<div class=\"flex-1 overflow-hidden masked-content\">\n<div class=\"h-full\">\n<div class=\"react-scroll-to-bottom--css-cdysy-79elbk h-full\">\n<div class=\"react-scroll-to-bottom--css-cdysy-1n7m0yu\">\n<div class=\"flex flex-col text-sm pb-[120px]\">\n<article class=\"w-full text-token-text-primary focus-visible:outline-2 focus-visible:outline-offset-[-4px]\" dir=\"auto\" data-testid=\"conversation-turn-39\" data-scroll-anchor=\"true\">\n<div class=\"text-base py-[18px] m-auto md:px-5 w-full px-3 lg:px-0\">\n<div class=\"mx-auto flex flex-1 gap-4 text-base md:gap-5 lg:gap-6 md:max-w-3xl lg:max-w-[40rem] xl:max-w-[48rem]\">\n<div class=\"group\/conversation-turn relative flex w-full min-w-0 flex-col agent-turn\">\n<div class=\"flex-col gap-1 md:gap-3\">\n<div class=\"flex max-w-full flex-col flex-grow\">\n<div class=\"min-h-[20px] text-message flex w-full flex-col items-end gap-2 break-words [.text-message+&amp;]:mt-5 overflow-x-auto whitespace-normal\" dir=\"auto\" data-message-author-role=\"assistant\" data-message-id=\"f53c5f7c-0df2-4b9e-84fa-c4b5c24e2182\">\n<div class=\"flex w-full flex-col gap-1 empty:hidden first:pt-[3px]\">\n<div class=\"markdown prose w-full break-words dark:prose-invert light\">\n<p>\u0130nnovativ dizayn\u0131 il\u0259 sa\u00e7 v\u0259 tullant\u0131lardan effektiv \u015f\u0259kild\u0259 tutaraq t\u0131xanmalardan qoruyur v\u0259 suyun s\u0259rb\u0259st ax\u0131\u015f\u0131n\u0131 t\u0259min edir. Asan qura\u015fd\u0131rma il\u0259 problemsiz vanna ota\u011f\u0131 bax\u0131m\u0131 t\u0259min ed\u0259n bu trap il\u0259 rahatl\u0131\u011f\u0131 ya\u015fay\u0131n<\/p>\n<\/div>\n<\/div>\n<\/div>\n<\/div>\n<\/div>\n<\/div>\n<\/div>\n<\/div>\n<\/article>\n<\/div>\n<\/div>\n<\/div>\n<\/div>\n<\/div>\n<\/div>\n","protected":false},"excerpt":{"rendered":"<p>\u0411\u043b\u0430\u0433\u043e\u0434\u0430\u0440\u044f \u0438\u043d\u043d\u043e\u0432\u0430\u0446\u0438\u043e\u043d\u043d\u043e\u043c\u0443 \u0434\u0438\u0437\u0430\u0439\u043d\u0443 \u043e\u043d \u044d\u0444\u0444\u0435\u043a\u0442\u0438\u0432\u043d\u043e \u0437\u0430\u0445\u0432\u0430\u0442\u044b\u0432\u0430\u0435\u0442 \u0432\u043e\u043b\u043e\u0441\u044b \u0438 \u043c\u0443\u0441\u043e\u0440, \u0437\u0430\u0449\u0438\u0449\u0430\u0435\u0442 \u043e\u0442 \u0437\u0430\u0441\u043e\u0440\u043e\u0432 \u0438 \u043e\u0431\u0435\u0441\u043f\u0435\u0447\u0438\u0432\u0430\u0435\u0442 \u0441\u0432\u043e\u0431\u043e\u0434\u043d\u044b\u0439 \u043f\u043e\u0442\u043e\u043a \u0432\u043e\u0434\u044b. \u0418\u0441\u043f\u044b\u0442\u0430\u0439\u0442\u0435 \u0443\u0434\u043e\u0431\u0441\u0442\u0432\u043e \u044d\u0442\u043e\u0433\u043e \u0441\u0438\u0444\u043e\u043d\u0430, \u043a\u043e\u0442\u043e\u0440\u044b\u0439 \u043e\u0431\u0435\u0441\u043f\u0435\u0447\u0438\u0432\u0430\u0435\u0442 \u0431\u0435\u0441\u043f\u0440\u043e\u0431\u043b\u0435\u043c\u043d\u043e\u0435 \u043e\u0431\u0441\u043b\u0443\u0436\u0438\u0432\u0430\u043d\u0438\u0435 \u0432\u0430\u043d\u043d\u043e\u0439 \u043a\u043e\u043c\u043d\u0430\u0442\u044b \u0438 \u043f\u0440\u043e\u0441\u0442\u0443\u044e \u0443\u0441\u0442\u0430\u043d\u043e\u0432\u043a\u0443.<\/p>","protected":false},"featured_media":17689,"comment_status":"closed","ping_status":"closed","template":"","meta":[],"product_brand":[],"product_cat":[76],"product_tag":[],"collection":[],"brand":[],"category_2":[],"catergory_brand":[],"class_list":{"0":"post-17688","1":"product","2":"type-product","3":"status-publish","4":"has-post-thumbnail","6":"product_cat-all","8":"first","9":"instock","10":"shipping-taxable","11":"product-type-simple"},"_links":{"self":[{"href":"https:\/\/simfoniya.az\/ru\/wp-json\/wp\/v2\/product\/17688","targetHints":{"allow":["GET"]}}],"collection":[{"href":"https:\/\/simfoniya.az\/ru\/wp-json\/wp\/v2\/product"}],"about":[{"href":"https:\/\/simfoniya.az\/ru\/wp-json\/wp\/v2\/types\/product"}],"replies":[{"embeddable":true,"href":"https:\/\/simfoniya.az\/ru\/wp-json\/wp\/v2\/comments?post=17688"}],"wp:featuredmedia":[{"embeddable":true,"href":"https:\/\/simfoniya.az\/ru\/wp-json\/wp\/v2\/media\/17689"}],"wp:attachment":[{"href":"https:\/\/simfoniya.az\/ru\/wp-json\/wp\/v2\/media?parent=17688"}],"wp:term":[{"taxonomy":"product_brand","embeddable":true,"href":"https:\/\/simfoniya.az\/ru\/wp-json\/wp\/v2\/product_brand?post=17688"},{"taxonomy":"product_cat","embeddable":true,"href":"https:\/\/simfoniya.az\/ru\/wp-json\/wp\/v2\/product_cat?post=17688"},{"taxonomy":"product_tag","embeddable":true,"href":"https:\/\/simfoniya.az\/ru\/wp-json\/wp\/v2\/product_tag?post=17688"},{"taxonomy":"collection","embeddable":true,"href":"https:\/\/simfoniya.az\/ru\/wp-json\/wp\/v2\/collection?post=17688"},{"taxonomy":"brand","embeddable":true,"href":"https:\/\/simfoniya.az\/ru\/wp-json\/wp\/v2\/brand?post=17688"},{"taxonomy":"category_2","embeddable":true,"href":"https:\/\/simfoniya.az\/ru\/wp-json\/wp\/v2\/category_2?post=17688"},{"taxonomy":"catergory_brand","embeddable":true,"href":"https:\/\/simfoniya.az\/ru\/wp-json\/wp\/v2\/catergory_brand?post=17688"}],"curies":[{"name":"WP","href":"https:\/\/api.w.org\/{rel}","templated":true}]}}