{"id":17693,"date":"2024-05-31T05:05:36","date_gmt":"2024-05-31T05:05:36","guid":{"rendered":"https:\/\/simfoniya.az\/?post_type=product&#038;p=17693"},"modified":"2024-09-02T18:42:50","modified_gmt":"2024-09-02T18:42:50","slug":"easy-drain-grid-brushed-carre-7-50cm-trap","status":"publish","type":"product","link":"https:\/\/simfoniya.az\/ru\/product\/easy-drain-grid-brushed-carre-7-50cm-trap\/","title":{"rendered":"\u041b\u0415\u0413\u041a\u041e \/ \u041b\u043e\u0432\u0443\u0448\u043a\u0430"},"content":{"rendered":"<div class=\"flex max-w-full flex-col flex-grow\">\n<div class=\"min-h-[20px] text-message flex w-full flex-col items-end gap-2 break-words [.text-message+&amp;]:mt-5 overflow-x-auto whitespace-normal\" dir=\"auto\" data-message-author-role=\"assistant\" data-message-id=\"bd3287c0-6777-4185-ad47-01da75051f3d\">\n<div class=\"flex w-full flex-col gap-1 empty:hidden first:pt-[3px]\">\n<div class=\"markdown prose w-full break-words dark:prose-invert light\">\n<p>\u015e\u0131k dizayn\u0131 v\u0259 innovativ \u015f\u0259b\u0259k\u0259 sistemi il\u0259 t\u0131xanmalara qar\u015f\u0131 effektiv qoruma t\u0259min edir, suyun s\u0259rb\u0259st ax\u0131\u015f\u0131n\u0131 t\u0259min edir. Asan t\u0259mizl\u0259n\u0259n v\u0259 bax\u0131m\u0131 rahat olan bu trap, vanna otaqlar\u0131, m\u0259tb\u0259xl\u0259r v\u0259 xidm\u0259t sah\u0259l\u0259ri \u00fc\u00e7\u00fcn m\u00fck\u0259mm\u0259l se\u00e7imdir.<\/p>\n<\/div>\n<\/div>\n<\/div>\n<\/div>\n","protected":false},"excerpt":{"rendered":"<p>\u0411\u043b\u0430\u0433\u043e\u0434\u0430\u0440\u044f \u0441\u0442\u0438\u043b\u044c\u043d\u043e\u043c\u0443 \u0434\u0438\u0437\u0430\u0439\u043d\u0443 \u0438 \u0438\u043d\u043d\u043e\u0432\u0430\u0446\u0438\u043e\u043d\u043d\u043e\u0439 \u0441\u0435\u0442\u0435\u0432\u043e\u0439 \u0441\u0438\u0441\u0442\u0435\u043c\u0435 \u043e\u043d \u043e\u0431\u0435\u0441\u043f\u0435\u0447\u0438\u0432\u0430\u0435\u0442 \u044d\u0444\u0444\u0435\u043a\u0442\u0438\u0432\u043d\u0443\u044e \u0437\u0430\u0449\u0438\u0442\u0443 \u043e\u0442 \u0437\u0430\u0441\u043e\u0440\u043e\u0432 \u0438 \u0441\u0432\u043e\u0431\u043e\u0434\u043d\u044b\u0439 \u043f\u043e\u0442\u043e\u043a \u0432\u043e\u0434\u044b. \u042d\u0442\u0430 \u043b\u043e\u0432\u0443\u0448\u043a\u0430 \u043f\u0440\u043e\u0441\u0442\u0430 \u0432 \u0443\u0445\u043e\u0434\u0435 \u0438 \u0443\u0445\u043e\u0434\u0435 \u0438 \u044f\u0432\u043b\u044f\u0435\u0442\u0441\u044f \u0438\u0434\u0435\u0430\u043b\u044c\u043d\u044b\u043c \u0432\u044b\u0431\u043e\u0440\u043e\u043c \u0434\u043b\u044f \u0432\u0430\u043d\u043d\u044b\u0445 \u043a\u043e\u043c\u043d\u0430\u0442, \u043a\u0443\u0445\u043e\u043d\u044c \u0438 \u0441\u043b\u0443\u0436\u0435\u0431\u043d\u044b\u0445 \u043f\u043e\u043c\u0435\u0449\u0435\u043d\u0438\u0439.<\/p>","protected":false},"featured_media":22515,"comment_status":"closed","ping_status":"closed","template":"","meta":[],"product_brand":[],"product_cat":[76],"product_tag":[],"collection":[],"brand":[],"category_2":[],"catergory_brand":[],"class_list":{"0":"post-17693","1":"product","2":"type-product","3":"status-publish","4":"has-post-thumbnail","6":"product_cat-all","8":"first","9":"instock","10":"shipping-taxable","11":"product-type-simple"},"_links":{"self":[{"href":"https:\/\/simfoniya.az\/ru\/wp-json\/wp\/v2\/product\/17693","targetHints":{"allow":["GET"]}}],"collection":[{"href":"https:\/\/simfoniya.az\/ru\/wp-json\/wp\/v2\/product"}],"about":[{"href":"https:\/\/simfoniya.az\/ru\/wp-json\/wp\/v2\/types\/product"}],"replies":[{"embeddable":true,"href":"https:\/\/simfoniya.az\/ru\/wp-json\/wp\/v2\/comments?post=17693"}],"wp:featuredmedia":[{"embeddable":true,"href":"https:\/\/simfoniya.az\/ru\/wp-json\/wp\/v2\/media\/22515"}],"wp:attachment":[{"href":"https:\/\/simfoniya.az\/ru\/wp-json\/wp\/v2\/media?parent=17693"}],"wp:term":[{"taxonomy":"product_brand","embeddable":true,"href":"https:\/\/simfoniya.az\/ru\/wp-json\/wp\/v2\/product_brand?post=17693"},{"taxonomy":"product_cat","embeddable":true,"href":"https:\/\/simfoniya.az\/ru\/wp-json\/wp\/v2\/product_cat?post=17693"},{"taxonomy":"product_tag","embeddable":true,"href":"https:\/\/simfoniya.az\/ru\/wp-json\/wp\/v2\/product_tag?post=17693"},{"taxonomy":"collection","embeddable":true,"href":"https:\/\/simfoniya.az\/ru\/wp-json\/wp\/v2\/collection?post=17693"},{"taxonomy":"brand","embeddable":true,"href":"https:\/\/simfoniya.az\/ru\/wp-json\/wp\/v2\/brand?post=17693"},{"taxonomy":"category_2","embeddable":true,"href":"https:\/\/simfoniya.az\/ru\/wp-json\/wp\/v2\/category_2?post=17693"},{"taxonomy":"catergory_brand","embeddable":true,"href":"https:\/\/simfoniya.az\/ru\/wp-json\/wp\/v2\/catergory_brand?post=17693"}],"curies":[{"name":"WP","href":"https:\/\/api.w.org\/{rel}","templated":true}]}}