{"id":17841,"date":"2024-05-31T06:43:38","date_gmt":"2024-05-31T06:43:38","guid":{"rendered":"https:\/\/simfoniya.az\/?post_type=product&#038;p=17841"},"modified":"2024-10-22T10:21:17","modified_gmt":"2024-10-22T10:21:17","slug":"ba-aida-mat-suseli-ref-60sm-qizili","status":"publish","type":"product","link":"https:\/\/simfoniya.az\/ru\/product\/ba-aida-mat-suseli-ref-60sm-qizili\/","title":{"rendered":"\u0411&amp;\u0410 \/ \u0420\u0435\u0444."},"content":{"rendered":"<p><a style=\"font-size: inherit;\" href=\"https:\/\/simfoniya.az\/ru\/product-category\/sanitary-and-bathroom\/accessories\/shelf\/?per_page=30\" target=\"_new\" rel=\"noreferrer noopener\">\u042d\u0442\u0430 \u043f\u0440\u043e\u0437\u0440\u0430\u0447\u043d\u0430\u044f \u0441\u0442\u0435\u043a\u043b\u044f\u043d\u043d\u0430\u044f \u043f\u043e\u043b\u043a\u0430 \u0443\u043a\u0440\u0430\u0448\u0435\u043d\u0430 \u0445\u0440\u043e\u043c\u0438\u0440\u043e\u0432\u0430\u043d\u043d\u044b\u043c\u0438 \u0434\u0435\u0442\u0430\u043b\u044f\u043c\u0438 \u0438 \u043f\u0440\u0438\u0434\u0430\u0441\u0442 \u0432\u0430\u0448\u0435\u0439 \u0432\u0430\u043d\u043d\u043e\u0439 \u043a\u043e\u043c\u043d\u0430\u0442\u0435 \u0441\u043e\u0432\u0440\u0435\u043c\u0435\u043d\u043d\u044b\u0439 \u0438 \u044d\u043b\u0435\u0433\u0430\u043d\u0442\u043d\u044b\u0439 \u0432\u0438\u0434. \u0415\u0433\u043e \u0434\u0438\u0437\u0430\u0439\u043d \u043e\u0434\u043d\u043e\u0432\u0440\u0435\u043c\u0435\u043d\u043d\u043e \u043a\u0440\u0430\u0441\u0438\u0432 \u0438 \u0444\u0443\u043d\u043a\u0446\u0438\u043e\u043d\u0430\u043b\u0435\u043d, \u0447\u0442\u043e \u043f\u043e\u0437\u0432\u043e\u043b\u044f\u0435\u0442 \u0430\u043a\u043a\u0443\u0440\u0430\u0442\u043d\u043e \u0438 \u0441\u0442\u0438\u043b\u044c\u043d\u043e \u0445\u0440\u0430\u043d\u0438\u0442\u044c \u0430\u043a\u0441\u0435\u0441\u0441\u0443\u0430\u0440\u044b \u0434\u043b\u044f \u0432\u0430\u043d\u043d\u043e\u0439 \u043a\u043e\u043c\u043d\u0430\u0442\u044b. <\/a><span style=\"font-size: inherit;\">.<\/span><\/p>","protected":false},"excerpt":{"rendered":"<p>Bu \u015f\u0259ffaf \u015f\u00fc\u015f\u0259 r\u0259f, xrom detallarla b\u0259z\u0259dilmi\u015fdir v\u0259 hamam\u0131n\u0131za m\u00fcasir v\u0259 z\u0259rif bir g\u00f6r\u00fcn\u00fc\u015f qatar. Dizayn\u0131 h\u0259m g\u00f6z\u0259l, h\u0259m d\u0259 funksionald\u0131r, hamam l\u0259vazimatlar\u0131n\u0131z\u0131 d\u00fczg\u00fcn v\u0259 t\u0259rtibatl\u0131 \u015f\u0259kild\u0259 saxlama\u011fa imkan verir. .<\/p>","protected":false},"featured_media":22839,"comment_status":"closed","ping_status":"closed","template":"","meta":[],"product_brand":[],"product_cat":[1503],"product_tag":[],"collection":[],"brand":[],"category_2":[],"catergory_brand":[],"class_list":{"0":"post-17841","1":"product","2":"type-product","3":"status-publish","4":"has-post-thumbnail","6":"product_cat-guzgu-rf","8":"first","9":"instock","10":"shipping-taxable","11":"product-type-simple"},"_links":{"self":[{"href":"https:\/\/simfoniya.az\/ru\/wp-json\/wp\/v2\/product\/17841","targetHints":{"allow":["GET"]}}],"collection":[{"href":"https:\/\/simfoniya.az\/ru\/wp-json\/wp\/v2\/product"}],"about":[{"href":"https:\/\/simfoniya.az\/ru\/wp-json\/wp\/v2\/types\/product"}],"replies":[{"embeddable":true,"href":"https:\/\/simfoniya.az\/ru\/wp-json\/wp\/v2\/comments?post=17841"}],"wp:featuredmedia":[{"embeddable":true,"href":"https:\/\/simfoniya.az\/ru\/wp-json\/wp\/v2\/media\/22839"}],"wp:attachment":[{"href":"https:\/\/simfoniya.az\/ru\/wp-json\/wp\/v2\/media?parent=17841"}],"wp:term":[{"taxonomy":"product_brand","embeddable":true,"href":"https:\/\/simfoniya.az\/ru\/wp-json\/wp\/v2\/product_brand?post=17841"},{"taxonomy":"product_cat","embeddable":true,"href":"https:\/\/simfoniya.az\/ru\/wp-json\/wp\/v2\/product_cat?post=17841"},{"taxonomy":"product_tag","embeddable":true,"href":"https:\/\/simfoniya.az\/ru\/wp-json\/wp\/v2\/product_tag?post=17841"},{"taxonomy":"collection","embeddable":true,"href":"https:\/\/simfoniya.az\/ru\/wp-json\/wp\/v2\/collection?post=17841"},{"taxonomy":"brand","embeddable":true,"href":"https:\/\/simfoniya.az\/ru\/wp-json\/wp\/v2\/brand?post=17841"},{"taxonomy":"category_2","embeddable":true,"href":"https:\/\/simfoniya.az\/ru\/wp-json\/wp\/v2\/category_2?post=17841"},{"taxonomy":"catergory_brand","embeddable":true,"href":"https:\/\/simfoniya.az\/ru\/wp-json\/wp\/v2\/catergory_brand?post=17841"}],"curies":[{"name":"WP","href":"https:\/\/api.w.org\/{rel}","templated":true}]}}