{"id":17939,"date":"2024-05-31T13:52:00","date_gmt":"2024-05-31T13:52:00","guid":{"rendered":"https:\/\/simfoniya.az\/?post_type=product&#038;p=17939"},"modified":"2024-10-22T10:01:22","modified_gmt":"2024-10-22T10:01:22","slug":"ba-domino-asma-dis-firca-qabi","status":"publish","type":"product","link":"https:\/\/simfoniya.az\/ru\/product\/ba-domino-asma-dis-firca-qabi\/","title":{"rendered":"B&amp;A \/ \u0414\u0435\u0440\u0436\u0430\u0442\u0435\u043b\u044c \u0434\u043b\u044f \u0437\u0443\u0431\u043d\u044b\u0445 \u0449\u0435\u0442\u043e\u043a"},"content":{"rendered":"<div class=\"flex max-w-full flex-col flex-grow\">\n<div class=\"min-h-8 text-message flex w-full flex-col items-end gap-2 whitespace-normal break-words [.text-message+&amp;]:mt-5\" dir=\"auto\" data-message-author-role=\"assistant\" data-message-id=\"86faef1f-4fd3-4b03-8fbf-e0d7a75ece7a\" data-message-model-slug=\"gpt-4o\">\n<div class=\"flex w-full flex-col gap-1 empty:hidden first:pt-[3px]\">\n<div class=\"markdown prose w-full break-words dark:prose-invert light\">\n<p>Bu sad\u0259 v\u0259 z\u0259rif dizaynl\u0131 a\u011f keramik di\u015f f\u0131r\u00e7as\u0131 qab\u0131, hamam\u0131n\u0131za m\u00fcasir v\u0259 t\u0259miz bir g\u00f6r\u00fcn\u00fc\u015f qatar. \u0130deal \u00f6l\u00e7\u00fcs\u00fc il\u0259 bir ne\u00e7\u0259 di\u015f f\u0131r\u00e7as\u0131n\u0131 rahat \u015f\u0259kild\u0259 saxlaya bil\u0259r. Yuyulmas\u0131 asan olan bu qab, hamam\u0131n\u0131zda h\u0259m praktik, h\u0259m d\u0259 estetik bir elementdir.<\/p>\n<\/div>\n<\/div>\n<\/div>\n<\/div>\n<div class=\"mb-2 flex gap-3 empty:hidden -ml-2\">\n<div class=\"items-center justify-start rounded-xl p-1 z-10 -mt-1 bg-token-main-surface-primary md:absolute flex\">\n<div class=\"flex items-center\"><button class=\"rounded-lg text-token-text-secondary hover:bg-token-main-surface-secondary\" aria-label=\"Read aloud\" data-testid=\"voice-play-turn-action-button\"><\/button><button class=\"rounded-lg text-token-text-secondary hover:bg-token-main-surface-secondary\" aria-label=\"\u041a\u043e\u043f\u0438\u0440\u043e\u0432\u0430\u0442\u044c\" data-testid=\"copy-turn-action-button\"><\/button><\/p>\n<div class=\"flex\"><\/div>\n<div class=\"flex items-center pb-0\"><\/div>\n<\/div>\n<\/div>\n<\/div>\n","protected":false},"excerpt":{"rendered":"<p>\u042d\u0442\u043e\u0442 \u0431\u0435\u043b\u044b\u0439 \u043a\u0435\u0440\u0430\u043c\u0438\u0447\u0435\u0441\u043a\u0438\u0439 \u0434\u0435\u0440\u0436\u0430\u0442\u0435\u043b\u044c \u0434\u043b\u044f \u0437\u0443\u0431\u043d\u044b\u0445 \u0449\u0435\u0442\u043e\u043a \u0441 \u043f\u0440\u043e\u0441\u0442\u044b\u043c \u0438 \u044d\u043b\u0435\u0433\u0430\u043d\u0442\u043d\u044b\u043c \u0434\u0438\u0437\u0430\u0439\u043d\u043e\u043c \u043f\u0440\u0438\u0434\u0430\u0441\u0442 \u0432\u0430\u0448\u0435\u0439 \u0432\u0430\u043d\u043d\u043e\u0439 \u043a\u043e\u043c\u043d\u0430\u0442\u0435 \u0441\u043e\u0432\u0440\u0435\u043c\u0435\u043d\u043d\u044b\u0439 \u0438 \u0447\u0438\u0441\u0442\u044b\u0439 \u0432\u0438\u0434. \u0411\u043b\u0430\u0433\u043e\u0434\u0430\u0440\u044f \u0438\u0434\u0435\u0430\u043b\u044c\u043d\u043e\u043c\u0443 \u0440\u0430\u0437\u043c\u0435\u0440\u0443 \u0432 \u043d\u0435\u0433\u043e \u043c\u043e\u0436\u043d\u043e \u0441 \u043a\u043e\u043c\u0444\u043e\u0440\u0442\u043e\u043c \u043f\u043e\u043c\u0435\u0441\u0442\u0438\u0442\u044c \u043d\u0435\u0441\u043a\u043e\u043b\u044c\u043a\u043e \u0437\u0443\u0431\u043d\u044b\u0445 \u0449\u0435\u0442\u043e\u043a. \u042d\u0442\u0430 \u043b\u0435\u0433\u043a\u043e \u043c\u043e\u044e\u0449\u0430\u044f\u0441\u044f \u043c\u0438\u0441\u043a\u0430 \u0441\u0442\u0430\u043d\u0435\u0442 \u043f\u0440\u0430\u043a\u0442\u0438\u0447\u043d\u044b\u043c \u0438 \u044d\u0441\u0442\u0435\u0442\u0438\u0447\u043d\u044b\u043c \u0434\u043e\u043f\u043e\u043b\u043d\u0435\u043d\u0438\u0435\u043c \u0432\u0430\u0448\u0435\u0439 \u0432\u0430\u043d\u043d\u043e\u0439 \u043a\u043e\u043c\u043d\u0430\u0442\u044b.<\/p>","protected":false},"featured_media":17940,"comment_status":"closed","ping_status":"closed","template":"","meta":[],"product_brand":[],"product_cat":[1442],"product_tag":[],"collection":[],"brand":[],"category_2":[],"catergory_brand":[],"class_list":{"0":"post-17939","1":"product","2":"type-product","3":"status-publish","4":"has-post-thumbnail","6":"product_cat-toothbrush-vase","8":"first","9":"instock","10":"shipping-taxable","11":"product-type-simple"},"_links":{"self":[{"href":"https:\/\/simfoniya.az\/ru\/wp-json\/wp\/v2\/product\/17939","targetHints":{"allow":["GET"]}}],"collection":[{"href":"https:\/\/simfoniya.az\/ru\/wp-json\/wp\/v2\/product"}],"about":[{"href":"https:\/\/simfoniya.az\/ru\/wp-json\/wp\/v2\/types\/product"}],"replies":[{"embeddable":true,"href":"https:\/\/simfoniya.az\/ru\/wp-json\/wp\/v2\/comments?post=17939"}],"wp:featuredmedia":[{"embeddable":true,"href":"https:\/\/simfoniya.az\/ru\/wp-json\/wp\/v2\/media\/17940"}],"wp:attachment":[{"href":"https:\/\/simfoniya.az\/ru\/wp-json\/wp\/v2\/media?parent=17939"}],"wp:term":[{"taxonomy":"product_brand","embeddable":true,"href":"https:\/\/simfoniya.az\/ru\/wp-json\/wp\/v2\/product_brand?post=17939"},{"taxonomy":"product_cat","embeddable":true,"href":"https:\/\/simfoniya.az\/ru\/wp-json\/wp\/v2\/product_cat?post=17939"},{"taxonomy":"product_tag","embeddable":true,"href":"https:\/\/simfoniya.az\/ru\/wp-json\/wp\/v2\/product_tag?post=17939"},{"taxonomy":"collection","embeddable":true,"href":"https:\/\/simfoniya.az\/ru\/wp-json\/wp\/v2\/collection?post=17939"},{"taxonomy":"brand","embeddable":true,"href":"https:\/\/simfoniya.az\/ru\/wp-json\/wp\/v2\/brand?post=17939"},{"taxonomy":"category_2","embeddable":true,"href":"https:\/\/simfoniya.az\/ru\/wp-json\/wp\/v2\/category_2?post=17939"},{"taxonomy":"catergory_brand","embeddable":true,"href":"https:\/\/simfoniya.az\/ru\/wp-json\/wp\/v2\/catergory_brand?post=17939"}],"curies":[{"name":"WP","href":"https:\/\/api.w.org\/{rel}","templated":true}]}}