{"id":18253,"date":"2024-06-01T05:01:36","date_gmt":"2024-06-01T05:01:36","guid":{"rendered":"https:\/\/simfoniya.az\/?post_type=product&#038;p=18253"},"modified":"2024-10-21T06:29:10","modified_gmt":"2024-10-21T06:29:10","slug":"vifra-kvadrat-aftafa-dus-xrom","status":"publish","type":"product","link":"https:\/\/simfoniya.az\/ru\/product\/vifra-kvadrat-aftafa-dus-xrom\/","title":{"rendered":"\u0412\u0438\u0444\u0440\u0430 \/ \u0420\u0443\u0447\u043d\u043e\u0439 \u0434\u0443\u0448"},"content":{"rendered":"<div class=\"flex max-w-full flex-col flex-grow\">\n<div class=\"min-h-8 text-message flex w-full flex-col items-end gap-2 whitespace-normal break-words [.text-message+&amp;]:mt-5\" dir=\"auto\" data-message-author-role=\"assistant\" data-message-id=\"448980a6-2487-4fa6-8b6c-dfe5ba560962\" data-message-model-slug=\"gpt-4o\">\n<div class=\"flex w-full flex-col gap-1 empty:hidden first:pt-[3px]\">\n<div class=\"markdown prose w-full break-words dark:prose-invert light\">\n<p>Bu m\u00fcasir dizaynl\u0131 \u0259l du\u015fu, hamam\u0131n\u0131za minimalizm v\u0259 sofistike bir g\u00f6r\u00fcn\u00fc\u015f qatar. Praktik tutacaq v\u0259 y\u00fcks\u0259k funksionall\u0131qla suyun ax\u0131n\u0131 v\u0259 temperaturunu asan idar\u0259 etm\u0259y\u0259 imkan verir. Xrom \u00f6rt\u00fcy\u00fc il\u0259 bu \u0259l du\u015fu, davaml\u0131l\u0131q v\u0259 parlaql\u0131q t\u0259klif edir.<\/p>\n<\/div>\n<\/div>\n<\/div>\n<\/div>\n<div class=\"mb-2 flex gap-3 empty:hidden -ml-2\">\n<div class=\"items-center justify-start rounded-xl p-1 flex\">\n<div class=\"flex items-center\"><button class=\"rounded-lg text-token-text-secondary hover:bg-token-main-surface-secondary\" aria-label=\"Read aloud\" data-testid=\"voice-play-turn-action-button\"><\/button><button class=\"rounded-lg text-token-text-secondary hover:bg-token-main-surface-secondary\" aria-label=\"\u041a\u043e\u043f\u0438\u0440\u043e\u0432\u0430\u0442\u044c\" data-testid=\"copy-turn-action-button\"><\/button><\/p>\n<div class=\"flex\"><\/div>\n<div class=\"flex items-center pb-0\"><\/div>\n<\/div>\n<\/div>\n<\/div>\n","protected":false},"excerpt":{"rendered":"<p>&nbsp;<\/p>\n<ul>\n<li><a class=\"download-icON\" target=\"_blank\" rel=\"noopener\"><span class=\"upc\">\u0422\u0415\u0425\u041d\u0418\u0427\u0415\u0421\u041a\u041e\u0415 \u041e\u041f\u0418\u0421\u0410\u041d\u0418\u0415<\/span><\/a><\/li>\n<li><a class=\"download-icON\" target=\"_blank\" rel=\"noopener\"><span class=\"upc\">\u041c\u041e\u041d\u0422\u0410\u0416<\/span><\/a><\/li>\n<li><a class=\"download-icON\" target=\"_blank\" rel=\"noopener\"><span class=\"upc\">\u041e\u0411\u0421\u041b\u0423\u0416\u0418\u0412\u0410\u041d\u0418\u0415<\/span><\/a><\/li>\n<li class=\"dropdown download-icON\">\n<div class=\"img\"><a class=\"dropdown-toggle\" target=\"_blank\" rel=\"noopener\" data-bs-toggle=\"dropdown\" aria-expanded=\"false\"><span class=\"upc\">2D-\u0424\u0410\u0419\u041b\u042b<\/span>\u00a0<\/a><\/div>\n<\/li>\n<li><a class=\"download-icON\" target=\"_blank\" rel=\"noopener\"><span class=\"upc\">\u0417\u0410\u041f\u0427\u0410\u0421\u0422\u0418<\/span><\/a><\/li>\n<\/ul>","protected":false},"featured_media":20716,"comment_status":"closed","ping_status":"closed","template":"","meta":[],"product_brand":[],"product_cat":[76],"product_tag":[],"collection":[],"brand":[],"category_2":[],"catergory_brand":[],"class_list":{"0":"post-18253","1":"product","2":"type-product","3":"status-publish","4":"has-post-thumbnail","6":"product_cat-all","8":"first","9":"instock","10":"shipping-taxable","11":"product-type-simple"},"_links":{"self":[{"href":"https:\/\/simfoniya.az\/ru\/wp-json\/wp\/v2\/product\/18253","targetHints":{"allow":["GET"]}}],"collection":[{"href":"https:\/\/simfoniya.az\/ru\/wp-json\/wp\/v2\/product"}],"about":[{"href":"https:\/\/simfoniya.az\/ru\/wp-json\/wp\/v2\/types\/product"}],"replies":[{"embeddable":true,"href":"https:\/\/simfoniya.az\/ru\/wp-json\/wp\/v2\/comments?post=18253"}],"wp:featuredmedia":[{"embeddable":true,"href":"https:\/\/simfoniya.az\/ru\/wp-json\/wp\/v2\/media\/20716"}],"wp:attachment":[{"href":"https:\/\/simfoniya.az\/ru\/wp-json\/wp\/v2\/media?parent=18253"}],"wp:term":[{"taxonomy":"product_brand","embeddable":true,"href":"https:\/\/simfoniya.az\/ru\/wp-json\/wp\/v2\/product_brand?post=18253"},{"taxonomy":"product_cat","embeddable":true,"href":"https:\/\/simfoniya.az\/ru\/wp-json\/wp\/v2\/product_cat?post=18253"},{"taxonomy":"product_tag","embeddable":true,"href":"https:\/\/simfoniya.az\/ru\/wp-json\/wp\/v2\/product_tag?post=18253"},{"taxonomy":"collection","embeddable":true,"href":"https:\/\/simfoniya.az\/ru\/wp-json\/wp\/v2\/collection?post=18253"},{"taxonomy":"brand","embeddable":true,"href":"https:\/\/simfoniya.az\/ru\/wp-json\/wp\/v2\/brand?post=18253"},{"taxonomy":"category_2","embeddable":true,"href":"https:\/\/simfoniya.az\/ru\/wp-json\/wp\/v2\/category_2?post=18253"},{"taxonomy":"catergory_brand","embeddable":true,"href":"https:\/\/simfoniya.az\/ru\/wp-json\/wp\/v2\/catergory_brand?post=18253"}],"curies":[{"name":"WP","href":"https:\/\/api.w.org\/{rel}","templated":true}]}}