{"id":18497,"date":"2024-06-01T10:14:31","date_gmt":"2024-06-01T10:14:31","guid":{"rendered":"https:\/\/simfoniya.az\/product\/fima-epoque-tek-desikli-bide-su-qarisdiricisi-xrom-2\/"},"modified":"2024-10-16T09:45:14","modified_gmt":"2024-10-16T09:45:14","slug":"fima-epoque-tek-desikli-bide-su-qarisdiricisi-xrom-2","status":"publish","type":"product","link":"https:\/\/simfoniya.az\/ru\/product\/fima-epoque-tek-desikli-bide-su-qarisdiricisi-xrom-2\/","title":{"rendered":"Fima Eppoque \/ \u0421\u043c\u0435\u0441\u0438\u0442\u0435\u043b\u044c \u0434\u043b\u044f \u0432\u043e\u0434\u044b"},"content":{"rendered":"<div class=\"flex max-w-full flex-col flex-grow\">\n<div class=\"min-h-8 text-message flex w-full flex-col items-end gap-2 whitespace-normal break-words [.text-message+&amp;]:mt-5\" dir=\"auto\" data-message-author-role=\"assistant\" data-message-id=\"c13fc81f-a048-4a80-9ec5-7b0d53361299\" data-message-model-slug=\"gpt-4o\">\n<div class=\"flex w-full flex-col gap-1 empty:hidden first:pt-[3px]\">\n<div class=\"markdown prose w-full break-words dark:prose-invert light\">\n<p>Bu l\u00fcks dizaynl\u0131 qar\u0131\u015fd\u0131r\u0131c\u0131 kran, kristal tutacaqlar\u0131 il\u0259 z\u0259ngin v\u0259 klassik bir g\u00f6r\u00fcn\u00fc\u015f t\u0259klif edir. \u0130sti v\u0259 soyuq suyun d\u0259qiq idar\u0259 olunmas\u0131n\u0131 t\u0259min ed\u0259n iki ayr\u0131 tutaca\u011f\u0131, suyun ax\u0131n\u0131n\u0131 v\u0259 temperaturunu asanl\u0131qla t\u0259nziml\u0259m\u0259y\u0259 imkan verir. Xrom \u00f6rt\u00fcy\u00fc v\u0259 qonaqlar\u0131n diqq\u0259tini c\u0259lb ed\u0259c\u0259k bu kran, hamam\u0131n\u0131za g\u00f6z\u0259llik v\u0259 sofistikal\u0131q \u0259lav\u0259 edir.<\/p>\n<\/div>\n<\/div>\n<\/div>\n<\/div>\n<div class=\"mb-2 flex gap-3 empty:hidden -ml-2\">\n<div class=\"items-center justify-start rounded-xl p-1 z-10 -mt-1 bg-token-main-surface-primary md:absolute flex\">\n<div class=\"flex items-center\"><button class=\"rounded-lg text-token-text-secondary hover:bg-token-main-surface-secondary\" aria-label=\"Read aloud\" data-testid=\"voice-play-turn-action-button\"><\/button><button class=\"rounded-lg text-token-text-secondary hover:bg-token-main-surface-secondary\" aria-label=\"\u041a\u043e\u043f\u0438\u0440\u043e\u0432\u0430\u0442\u044c\" data-testid=\"copy-turn-action-button\"><\/button><\/p>\n<div class=\"flex\"><\/div>\n<div class=\"flex items-center pb-0\"><\/div>\n<\/div>\n<\/div>\n<\/div>\n","protected":false},"excerpt":{"rendered":"<p>\u042d\u0442\u043e\u0442 \u0441\u043c\u0435\u0441\u0438\u0442\u0435\u043b\u044c \u0441 \u0440\u043e\u0441\u043a\u043e\u0448\u043d\u044b\u043c \u0434\u0438\u0437\u0430\u0439\u043d\u043e\u043c \u0438 \u0445\u0440\u0443\u0441\u0442\u0430\u043b\u044c\u043d\u044b\u043c\u0438 \u0440\u0443\u0447\u043a\u0430\u043c\u0438 \u0438\u043c\u0435\u0435\u0442 \u0431\u043e\u0433\u0430\u0442\u044b\u0439 \u043a\u043b\u0430\u0441\u0441\u0438\u0447\u0435\u0441\u043a\u0438\u0439 \u0432\u0438\u0434. \u0414\u0432\u0435 \u043e\u0442\u0434\u0435\u043b\u044c\u043d\u044b\u0435 \u0440\u0443\u0447\u043a\u0438, \u043e\u0431\u0435\u0441\u043f\u0435\u0447\u0438\u0432\u0430\u044e\u0449\u0438\u0435 \u0442\u043e\u0447\u043d\u044b\u0439 \u043a\u043e\u043d\u0442\u0440\u043e\u043b\u044c \u0433\u043e\u0440\u044f\u0447\u0435\u0439 \u0438 \u0445\u043e\u043b\u043e\u0434\u043d\u043e\u0439 \u0432\u043e\u0434\u044b, \u043f\u043e\u0437\u0432\u043e\u043b\u044f\u044e\u0442 \u043b\u0435\u0433\u043a\u043e \u0440\u0435\u0433\u0443\u043b\u0438\u0440\u043e\u0432\u0430\u0442\u044c \u043d\u0430\u043f\u043e\u0440 \u0438 \u0442\u0435\u043c\u043f\u0435\u0440\u0430\u0442\u0443\u0440\u0443 \u0432\u043e\u0434\u044b. \u042d\u0442\u043e\u0442 \u0441\u043c\u0435\u0441\u0438\u0442\u0435\u043b\u044c \u0441 \u0445\u0440\u043e\u043c\u0438\u0440\u043e\u0432\u0430\u043d\u043d\u043e\u0439 \u043e\u0442\u0434\u0435\u043b\u043a\u043e\u0439 \u0438 \u043f\u0440\u0438\u0432\u043b\u0435\u043a\u0430\u0442\u0435\u043b\u044c\u043d\u044b\u043c \u0432\u043d\u0435\u0448\u043d\u0438\u043c \u0432\u0438\u0434\u043e\u043c \u043f\u0440\u0438\u0434\u0430\u0441\u0442 \u0432\u0430\u0448\u0435\u0439 \u0432\u0430\u043d\u043d\u043e\u0439 \u043a\u043e\u043c\u043d\u0430\u0442\u0435 \u043a\u0440\u0430\u0441\u043e\u0442\u0443 \u0438 \u0438\u0437\u044b\u0441\u043a\u0430\u043d\u043d\u043e\u0441\u0442\u044c.<\/p>","protected":false},"featured_media":18496,"comment_status":"closed","ping_status":"closed","template":"","meta":[],"product_brand":[],"product_cat":[411],"product_tag":[],"collection":[],"brand":[],"category_2":[],"catergory_brand":[],"class_list":{"0":"post-18497","1":"product","2":"type-product","3":"status-publish","4":"has-post-thumbnail","6":"product_cat-faucets","8":"first","9":"instock","10":"shipping-taxable","11":"product-type-simple"},"_links":{"self":[{"href":"https:\/\/simfoniya.az\/ru\/wp-json\/wp\/v2\/product\/18497","targetHints":{"allow":["GET"]}}],"collection":[{"href":"https:\/\/simfoniya.az\/ru\/wp-json\/wp\/v2\/product"}],"about":[{"href":"https:\/\/simfoniya.az\/ru\/wp-json\/wp\/v2\/types\/product"}],"replies":[{"embeddable":true,"href":"https:\/\/simfoniya.az\/ru\/wp-json\/wp\/v2\/comments?post=18497"}],"wp:featuredmedia":[{"embeddable":true,"href":"https:\/\/simfoniya.az\/ru\/wp-json\/wp\/v2\/media\/18496"}],"wp:attachment":[{"href":"https:\/\/simfoniya.az\/ru\/wp-json\/wp\/v2\/media?parent=18497"}],"wp:term":[{"taxonomy":"product_brand","embeddable":true,"href":"https:\/\/simfoniya.az\/ru\/wp-json\/wp\/v2\/product_brand?post=18497"},{"taxonomy":"product_cat","embeddable":true,"href":"https:\/\/simfoniya.az\/ru\/wp-json\/wp\/v2\/product_cat?post=18497"},{"taxonomy":"product_tag","embeddable":true,"href":"https:\/\/simfoniya.az\/ru\/wp-json\/wp\/v2\/product_tag?post=18497"},{"taxonomy":"collection","embeddable":true,"href":"https:\/\/simfoniya.az\/ru\/wp-json\/wp\/v2\/collection?post=18497"},{"taxonomy":"brand","embeddable":true,"href":"https:\/\/simfoniya.az\/ru\/wp-json\/wp\/v2\/brand?post=18497"},{"taxonomy":"category_2","embeddable":true,"href":"https:\/\/simfoniya.az\/ru\/wp-json\/wp\/v2\/category_2?post=18497"},{"taxonomy":"catergory_brand","embeddable":true,"href":"https:\/\/simfoniya.az\/ru\/wp-json\/wp\/v2\/catergory_brand?post=18497"}],"curies":[{"name":"WP","href":"https:\/\/api.w.org\/{rel}","templated":true}]}}