{"id":18535,"date":"2024-06-01T10:14:53","date_gmt":"2024-06-01T10:14:53","guid":{"rendered":"https:\/\/simfoniya.az\/product\/fima-herend-chic-qigyenik-su-qaridiricisi-xrom\/"},"modified":"2024-10-16T08:14:55","modified_gmt":"2024-10-16T08:14:55","slug":"fima-herend-chic-qigyenik-su-qaridiricisi-xrom","status":"publish","type":"product","link":"https:\/\/simfoniya.az\/ru\/product\/fima-herend-chic-qigyenik-su-qaridiricisi-xrom\/","title":{"rendered":"\u0424\u0438\u043c\u0430 \u0425\u0435\u0440\u0435\u043d\u0434 \/ \u0421\u043c\u0435\u0441\u0438\u0442\u0435\u043b\u044c \u0434\u043b\u044f \u0432\u043e\u0434\u044b"},"content":{"rendered":"<div class=\"flex max-w-full flex-col flex-grow\">\n<div class=\"min-h-8 text-message flex w-full flex-col items-end gap-2 whitespace-normal break-words [.text-message+&amp;]:mt-5\" dir=\"auto\" data-message-author-role=\"assistant\" data-message-id=\"bac9a6ed-3d22-4011-ae78-ace855c8f5e6\" data-message-model-slug=\"gpt-4o\">\n<div class=\"flex w-full flex-col gap-1 empty:hidden first:pt-[3px]\">\n<div class=\"markdown prose w-full break-words dark:prose-invert light\">\n<div class=\"flex max-w-full flex-col flex-grow\">\n<div class=\"min-h-8 text-message flex w-full flex-col items-end gap-2 whitespace-normal break-words [.text-message+&amp;]:mt-5\" dir=\"auto\" data-message-author-role=\"assistant\" data-message-id=\"8f6efde5-1306-4f76-8d4a-45374dbae68d\" data-message-model-slug=\"gpt-4o\">\n<div class=\"flex w-full flex-col gap-1 empty:hidden first:pt-[3px]\">\n<div class=\"markdown prose w-full break-words dark:prose-invert light\">\n<p>Bu klassik dizaynl\u0131 hamam qar\u0131\u015fd\u0131r\u0131c\u0131 kran\u0131, iki tutacaql\u0131 sistemi il\u0259 isti v\u0259 soyuq suyun asan idar\u0259 olunmas\u0131n\u0131 t\u0259min edir. \u015e\u0259ffaf kristal tutacaqlar\u0131, suyun ax\u0131n\u0131n\u0131 v\u0259 temperaturunu d\u0259qiq t\u0259nziml\u0259m\u0259y\u0259 k\u00f6m\u0259k edir, bu da suyun istifad\u0259sini daha rahat v\u0259 effektiv edir. Parlaq xrom \u00f6rt\u00fcy\u00fc il\u0259 bu kran, hamam\u0131n\u0131za z\u0259rif v\u0259 d\u00f6vr\u00fc bir g\u00f6r\u00fcn\u00fc\u015f \u0259lav\u0259 edir v\u0259 uzun\u00f6m\u00fcrl\u00fc istifad\u0259 t\u0259min edir.<\/p>\n<\/div>\n<\/div>\n<\/div>\n<\/div>\n<div class=\"mb-2 flex gap-3 empty:hidden -ml-2\">\n<div class=\"items-center justify-start rounded-xl p-1 flex\">\n<div class=\"flex items-center\"><button class=\"rounded-lg text-token-text-secondary hover:bg-token-main-surface-secondary\" aria-label=\"Read aloud\" data-testid=\"voice-play-turn-action-button\">\u00a0<\/button><\/div>\n<\/div>\n<\/div>\n<\/div>\n<\/div>\n<\/div>\n<\/div>\n<div class=\"mb-2 flex gap-3 empty:hidden -ml-2\">\n<div class=\"items-center justify-start rounded-xl p-1 flex\">\n<div class=\"flex items-center\">\n<div class=\"flex items-center pb-0\"><\/div>\n<\/div>\n<\/div>\n<\/div>\n","protected":false},"excerpt":{"rendered":"<p>\u042d\u0442\u043e\u0442 \u0441\u043c\u0435\u0441\u0438\u0442\u0435\u043b\u044c \u0434\u043b\u044f \u0432\u0430\u043d\u043d\u043e\u0439 \u043a\u043e\u043c\u043d\u0430\u0442\u044b \u043a\u043b\u0430\u0441\u0441\u0438\u0447\u0435\u0441\u043a\u043e\u0433\u043e \u0434\u0438\u0437\u0430\u0439\u043d\u0430 \u043e\u0431\u0435\u0441\u043f\u0435\u0447\u0438\u0432\u0430\u0435\u0442 \u043b\u0435\u0433\u043a\u043e\u0435 \u0443\u043f\u0440\u0430\u0432\u043b\u0435\u043d\u0438\u0435 \u0433\u043e\u0440\u044f\u0447\u0435\u0439 \u0438 \u0445\u043e\u043b\u043e\u0434\u043d\u043e\u0439 \u0432\u043e\u0434\u043e\u0439 \u0441 \u043f\u043e\u043c\u043e\u0449\u044c\u044e \u0441\u0438\u0441\u0442\u0435\u043c\u044b \u0441 \u0434\u0432\u0443\u043c\u044f \u0440\u0443\u043a\u043e\u044f\u0442\u043a\u0430\u043c\u0438. \u0420\u0443\u0447\u043a\u0438 \u0438\u0437 \u043f\u0440\u043e\u0437\u0440\u0430\u0447\u043d\u043e\u0433\u043e \u043a\u0440\u0438\u0441\u0442\u0430\u043b\u043b\u0430 \u043f\u043e\u043c\u043e\u0433\u0430\u044e\u0442 \u0442\u043e\u0447\u043d\u043e \u0440\u0435\u0433\u0443\u043b\u0438\u0440\u043e\u0432\u0430\u0442\u044c \u043f\u043e\u0442\u043e\u043a \u0438 \u0442\u0435\u043c\u043f\u0435\u0440\u0430\u0442\u0443\u0440\u0443 \u0432\u043e\u0434\u044b, \u0434\u0435\u043b\u0430\u044f \u0438\u0441\u043f\u043e\u043b\u044c\u0437\u043e\u0432\u0430\u043d\u0438\u0435 \u0432\u043e\u0434\u044b \u0431\u043e\u043b\u0435\u0435 \u0443\u0434\u043e\u0431\u043d\u044b\u043c \u0438 \u044d\u0444\u0444\u0435\u043a\u0442\u0438\u0432\u043d\u044b\u043c. \u0411\u043b\u0430\u0433\u043e\u0434\u0430\u0440\u044f \u0431\u043b\u0435\u0441\u0442\u044f\u0449\u0435\u0439 \u0445\u0440\u043e\u043c\u0438\u0440\u043e\u0432\u0430\u043d\u043d\u043e\u0439 \u043e\u0442\u0434\u0435\u043b\u043a\u0435 \u044d\u0442\u043e\u0442 \u0441\u043c\u0435\u0441\u0438\u0442\u0435\u043b\u044c \u043f\u0440\u0438\u0434\u0430\u0441\u0442 \u044d\u043b\u0435\u0433\u0430\u043d\u0442\u043d\u044b\u0439 \u0438 \u0441\u043e\u0432\u0440\u0435\u043c\u0435\u043d\u043d\u044b\u0439 \u0432\u0438\u0434 \u0432\u0430\u0448\u0435\u0439 \u0432\u0430\u043d\u043d\u043e\u0439 \u043a\u043e\u043c\u043d\u0430\u0442\u0435 \u0438 \u043e\u0431\u0435\u0441\u043f\u0435\u0447\u0438\u0442 \u0434\u043b\u0438\u0442\u0435\u043b\u044c\u043d\u044b\u0439 \u0441\u0440\u043e\u043a \u0441\u043b\u0443\u0436\u0431\u044b. \u00a0<\/p>","protected":false},"featured_media":23658,"comment_status":"closed","ping_status":"closed","template":"","meta":[],"product_brand":[],"product_cat":[1397],"product_tag":[],"collection":[],"brand":[],"category_2":[],"catergory_brand":[],"class_list":{"0":"post-18535","1":"product","2":"type-product","3":"status-publish","4":"has-post-thumbnail","6":"product_cat-basin-water-bath-mixer","8":"first","9":"instock","10":"shipping-taxable","11":"product-type-simple"},"_links":{"self":[{"href":"https:\/\/simfoniya.az\/ru\/wp-json\/wp\/v2\/product\/18535","targetHints":{"allow":["GET"]}}],"collection":[{"href":"https:\/\/simfoniya.az\/ru\/wp-json\/wp\/v2\/product"}],"about":[{"href":"https:\/\/simfoniya.az\/ru\/wp-json\/wp\/v2\/types\/product"}],"replies":[{"embeddable":true,"href":"https:\/\/simfoniya.az\/ru\/wp-json\/wp\/v2\/comments?post=18535"}],"wp:featuredmedia":[{"embeddable":true,"href":"https:\/\/simfoniya.az\/ru\/wp-json\/wp\/v2\/media\/23658"}],"wp:attachment":[{"href":"https:\/\/simfoniya.az\/ru\/wp-json\/wp\/v2\/media?parent=18535"}],"wp:term":[{"taxonomy":"product_brand","embeddable":true,"href":"https:\/\/simfoniya.az\/ru\/wp-json\/wp\/v2\/product_brand?post=18535"},{"taxonomy":"product_cat","embeddable":true,"href":"https:\/\/simfoniya.az\/ru\/wp-json\/wp\/v2\/product_cat?post=18535"},{"taxonomy":"product_tag","embeddable":true,"href":"https:\/\/simfoniya.az\/ru\/wp-json\/wp\/v2\/product_tag?post=18535"},{"taxonomy":"collection","embeddable":true,"href":"https:\/\/simfoniya.az\/ru\/wp-json\/wp\/v2\/collection?post=18535"},{"taxonomy":"brand","embeddable":true,"href":"https:\/\/simfoniya.az\/ru\/wp-json\/wp\/v2\/brand?post=18535"},{"taxonomy":"category_2","embeddable":true,"href":"https:\/\/simfoniya.az\/ru\/wp-json\/wp\/v2\/category_2?post=18535"},{"taxonomy":"catergory_brand","embeddable":true,"href":"https:\/\/simfoniya.az\/ru\/wp-json\/wp\/v2\/catergory_brand?post=18535"}],"curies":[{"name":"WP","href":"https:\/\/api.w.org\/{rel}","templated":true}]}}