{"id":18537,"date":"2024-06-01T10:14:55","date_gmt":"2024-06-01T10:14:55","guid":{"rendered":"https:\/\/simfoniya.az\/product\/fima-herend-chic-qulp-qizili\/"},"modified":"2024-10-16T07:57:10","modified_gmt":"2024-10-16T07:57:10","slug":"fima-herend-chic-qulp-qizili","status":"publish","type":"product","link":"https:\/\/simfoniya.az\/ru\/product\/fima-herend-chic-qulp-qizili\/","title":{"rendered":"\u0424\u0438\u043c\u0430 \u0425\u0435\u0440\u0435\u043d\u0434 \/ \u0414\u0443\u0448\u0435\u0432\u0430\u044f \u043b\u0435\u0439\u043a\u0430"},"content":{"rendered":"<div class=\"flex max-w-full flex-col flex-grow\">\n<div class=\"min-h-8 text-message flex w-full flex-col items-end gap-2 whitespace-normal break-words [.text-message+&amp;]:mt-5\" dir=\"auto\" data-message-author-role=\"assistant\" data-message-id=\"15f0160f-b657-4fa4-95e7-5f6f50aa9800\" data-message-model-slug=\"gpt-4o\">\n<div class=\"flex w-full flex-col gap-1 empty:hidden first:pt-[3px]\">\n<div class=\"markdown prose w-full break-words dark:prose-invert light\">\n<p>Bu d\u00fczbucaql\u0131, m\u00fcasir dizaynl\u0131 du\u015f ba\u015fl\u0131\u011f\u0131, hamam\u0131n\u0131za m\u00fcasir v\u0259 z\u0259rif bir g\u00f6r\u00fcn\u00fc\u015f qatar. B\u0259rab\u0259r yay\u0131lm\u0131\u015f su \u00e7\u0131x\u0131\u015f delikl\u0259ri say\u0259sind\u0259, geni\u015f v\u0259 rahat su p\u00fcsk\u00fcrm\u0259si t\u0259min edir, du\u015f almaq t\u0259cr\u00fcb\u0259nizi daha rahat v\u0259 canland\u0131r\u0131c\u0131 edir. Xrom \u00f6rt\u00fcy\u00fc il\u0259 bu du\u015f ba\u015fl\u0131\u011f\u0131, h\u0259m davaml\u0131d\u0131r h\u0259m d\u0259 hamam\u0131n\u0131za minimal v\u0259 sofistike bir g\u00f6r\u00fcn\u00fc\u015f \u0259lav\u0259 edir.<\/p>\n<\/div>\n<\/div>\n<\/div>\n<\/div>\n<div class=\"mb-2 flex gap-3 empty:hidden -ml-2\">\n<div class=\"items-center justify-start rounded-xl p-1 flex\">\n<div class=\"flex items-center\"><button class=\"rounded-lg text-token-text-secondary hover:bg-token-main-surface-secondary\" aria-label=\"Read aloud\" data-testid=\"voice-play-turn-action-button\"><\/button><button class=\"rounded-lg text-token-text-secondary hover:bg-token-main-surface-secondary\" aria-label=\"\u041a\u043e\u043f\u0438\u0440\u043e\u0432\u0430\u0442\u044c\" data-testid=\"copy-turn-action-button\"><\/button><\/p>\n<div class=\"flex\"><\/div>\n<div class=\"flex items-center pb-0\"><\/div>\n<\/div>\n<\/div>\n<\/div>\n","protected":false},"excerpt":{"rendered":"<p>\u042d\u0442\u0430 \u043f\u0440\u044f\u043c\u043e\u0443\u0433\u043e\u043b\u044c\u043d\u0430\u044f \u043d\u0430\u0441\u0430\u0434\u043a\u0430 \u0434\u043b\u044f \u0434\u0443\u0448\u0430 \u0441\u043e\u0432\u0440\u0435\u043c\u0435\u043d\u043d\u043e\u0433\u043e \u0434\u0438\u0437\u0430\u0439\u043d\u0430 \u043f\u0440\u0438\u0434\u0430\u0441\u0442 \u0432\u0430\u0448\u0435\u0439 \u0432\u0430\u043d\u043d\u043e\u0439 \u043a\u043e\u043c\u043d\u0430\u0442\u0435 \u0441\u043e\u0432\u0440\u0435\u043c\u0435\u043d\u043d\u044b\u0439 \u0438 \u044d\u043b\u0435\u0433\u0430\u043d\u0442\u043d\u044b\u0439 \u0432\u0438\u0434. \u0411\u043b\u0430\u0433\u043e\u0434\u0430\u0440\u044f \u0440\u0430\u0432\u043d\u043e\u043c\u0435\u0440\u043d\u043e \u0440\u0430\u0441\u043f\u0440\u0435\u0434\u0435\u043b\u0435\u043d\u043d\u044b\u043c \u043e\u0442\u0432\u0435\u0440\u0441\u0442\u0438\u044f\u043c \u0434\u043b\u044f \u0432\u044b\u043f\u0443\u0441\u043a\u0430 \u0432\u043e\u0434\u044b \u043e\u043d \u043e\u0431\u0435\u0441\u043f\u0435\u0447\u0438\u0432\u0430\u0435\u0442 \u0448\u0438\u0440\u043e\u043a\u0443\u044e \u0438 \u0443\u0434\u043e\u0431\u043d\u0443\u044e \u0441\u0442\u0440\u0443\u044e \u0432\u043e\u0434\u044b, \u0447\u0442\u043e \u0434\u0435\u043b\u0430\u0435\u0442 \u043f\u0440\u0438\u043d\u044f\u0442\u0438\u0435 \u0434\u0443\u0448\u0430 \u0431\u043e\u043b\u0435\u0435 \u043a\u043e\u043c\u0444\u043e\u0440\u0442\u043d\u044b\u043c \u0438 \u043e\u0441\u0432\u0435\u0436\u0430\u044e\u0449\u0438\u043c. \u042d\u0442\u0430 \u043d\u0430\u0441\u0430\u0434\u043a\u0430 \u0434\u043b\u044f \u0434\u0443\u0448\u0430 \u0441 \u0445\u0440\u043e\u043c\u0438\u0440\u043e\u0432\u0430\u043d\u043d\u043e\u0439 \u043e\u0442\u0434\u0435\u043b\u043a\u043e\u0439 \u0434\u043e\u043b\u0433\u043e\u0432\u0435\u0447\u043d\u0430 \u0438 \u043f\u0440\u0438\u0434\u0430\u0435\u0442 \u0432\u0430\u0448\u0435\u0439 \u0432\u0430\u043d\u043d\u043e\u0439 \u043a\u043e\u043c\u043d\u0430\u0442\u0435 \u043c\u0438\u043d\u0438\u043c\u0430\u043b\u0438\u0441\u0442\u0438\u0447\u043d\u044b\u0439 \u0438 \u0438\u0437\u044b\u0441\u043a\u0430\u043d\u043d\u044b\u0439 \u0432\u0438\u0434.<\/p>","protected":false},"featured_media":18536,"comment_status":"closed","ping_status":"closed","template":"","meta":[],"product_brand":[],"product_cat":[410],"product_tag":[],"collection":[],"brand":[],"category_2":[],"catergory_brand":[],"class_list":{"0":"post-18537","1":"product","2":"type-product","3":"status-publish","4":"has-post-thumbnail","6":"product_cat-shower-heads","8":"first","9":"instock","10":"shipping-taxable","11":"product-type-simple"},"_links":{"self":[{"href":"https:\/\/simfoniya.az\/ru\/wp-json\/wp\/v2\/product\/18537","targetHints":{"allow":["GET"]}}],"collection":[{"href":"https:\/\/simfoniya.az\/ru\/wp-json\/wp\/v2\/product"}],"about":[{"href":"https:\/\/simfoniya.az\/ru\/wp-json\/wp\/v2\/types\/product"}],"replies":[{"embeddable":true,"href":"https:\/\/simfoniya.az\/ru\/wp-json\/wp\/v2\/comments?post=18537"}],"wp:featuredmedia":[{"embeddable":true,"href":"https:\/\/simfoniya.az\/ru\/wp-json\/wp\/v2\/media\/18536"}],"wp:attachment":[{"href":"https:\/\/simfoniya.az\/ru\/wp-json\/wp\/v2\/media?parent=18537"}],"wp:term":[{"taxonomy":"product_brand","embeddable":true,"href":"https:\/\/simfoniya.az\/ru\/wp-json\/wp\/v2\/product_brand?post=18537"},{"taxonomy":"product_cat","embeddable":true,"href":"https:\/\/simfoniya.az\/ru\/wp-json\/wp\/v2\/product_cat?post=18537"},{"taxonomy":"product_tag","embeddable":true,"href":"https:\/\/simfoniya.az\/ru\/wp-json\/wp\/v2\/product_tag?post=18537"},{"taxonomy":"collection","embeddable":true,"href":"https:\/\/simfoniya.az\/ru\/wp-json\/wp\/v2\/collection?post=18537"},{"taxonomy":"brand","embeddable":true,"href":"https:\/\/simfoniya.az\/ru\/wp-json\/wp\/v2\/brand?post=18537"},{"taxonomy":"category_2","embeddable":true,"href":"https:\/\/simfoniya.az\/ru\/wp-json\/wp\/v2\/category_2?post=18537"},{"taxonomy":"catergory_brand","embeddable":true,"href":"https:\/\/simfoniya.az\/ru\/wp-json\/wp\/v2\/catergory_brand?post=18537"}],"curies":[{"name":"WP","href":"https:\/\/api.w.org\/{rel}","templated":true}]}}