{"id":18571,"date":"2024-06-01T10:15:28","date_gmt":"2024-06-01T10:15:28","guid":{"rendered":"https:\/\/simfoniya.az\/product\/fima-metbex-suqarisdiricisi-qizili\/"},"modified":"2024-10-16T07:35:23","modified_gmt":"2024-10-16T07:35:23","slug":"fima-metbex-suqarisdiricisi-qizili","status":"publish","type":"product","link":"https:\/\/simfoniya.az\/ru\/product\/fima-metbex-suqarisdiricisi-qizili\/","title":{"rendered":"\u0424\u0438\u043c\u0430 \/ \u041a\u0440\u0430\u043d \u0434\u043b\u044f \u0432\u043e\u0434\u044b"},"content":{"rendered":"<div class=\"flex max-w-full flex-col flex-grow\">\n<div class=\"min-h-8 text-message flex w-full flex-col items-end gap-2 whitespace-normal break-words [.text-message+&amp;]:mt-5\" dir=\"auto\" data-message-author-role=\"assistant\" data-message-id=\"2b648854-9f81-4314-8d30-7672b7395346\" data-message-model-slug=\"gpt-4o\">\n<div class=\"flex w-full flex-col gap-1 empty:hidden first:pt-[3px]\">\n<div class=\"markdown prose w-full break-words dark:prose-invert light\">\n<p>Bu klassik dizaynl\u0131 m\u0259tb\u0259x qar\u0131\u015fd\u0131r\u0131c\u0131 kran\u0131, \u00f6z\u00fcn\u0259m\u0259xsus v\u0259 inc\u0259 detallar\u0131 il\u0259 diqq\u0259ti c\u0259lb edir. Xrom \u00f6rt\u00fcy\u00fc il\u0259 parlaq v\u0259 t\u0259miz bir g\u00f6r\u00fcn\u00fc\u015f t\u0259min ed\u0259n bu kran, h\u0259m funksionall\u0131\u011f\u0131 h\u0259m d\u0259 estetiki il\u0259 m\u0259tb\u0259xiniz\u0259 \u0259lav\u0259 bir z\u0259riflik g\u0259tirir. D\u00f6vr\u0259vi b\u00fck\u00fclm\u0259y\u0259 imkan ver\u0259n qolunun dizayn\u0131, suyun d\u0259qiq idar\u0259 olunmas\u0131na k\u00f6m\u0259k edir.<\/p>\n<\/div>\n<\/div>\n<\/div>\n<\/div>\n<div class=\"mb-2 flex gap-3 empty:hidden -ml-2\">\n<div class=\"items-center justify-start rounded-xl p-1 flex\">\n<div class=\"flex items-center\">\n<p>&nbsp;<\/p>\n<div class=\"flex\"><\/div>\n<div class=\"flex items-center pb-0\"><\/div>\n<\/div>\n<\/div>\n<\/div>\n","protected":false},"excerpt":{"rendered":"<p>\u042d\u0442\u043e\u0442 \u043a\u0443\u0445\u043e\u043d\u043d\u044b\u0439 \u0441\u043c\u0435\u0441\u0438\u0442\u0435\u043b\u044c \u0432 \u043a\u043b\u0430\u0441\u0441\u0438\u0447\u0435\u0441\u043a\u043e\u043c \u0434\u0438\u0437\u0430\u0439\u043d\u0435 \u043f\u0440\u0438\u0432\u043b\u0435\u043a\u0430\u0435\u0442 \u0432\u043d\u0438\u043c\u0430\u043d\u0438\u0435 \u0441\u0432\u043e\u0438\u043c\u0438 \u0443\u043d\u0438\u043a\u0430\u043b\u044c\u043d\u044b\u043c\u0438 \u0438 \u0438\u0437\u044f\u0449\u043d\u044b\u043c\u0438 \u0434\u0435\u0442\u0430\u043b\u044f\u043c\u0438. \u042d\u0442\u043e\u0442 \u0441\u043c\u0435\u0441\u0438\u0442\u0435\u043b\u044c, \u043a\u043e\u0442\u043e\u0440\u044b\u0439 \u0431\u043b\u0430\u0433\u043e\u0434\u0430\u0440\u044f \u0445\u0440\u043e\u043c\u0438\u0440\u043e\u0432\u0430\u043d\u043d\u043e\u043c\u0443 \u043f\u043e\u043a\u0440\u044b\u0442\u0438\u044e \u043f\u0440\u0438\u0434\u0430\u0435\u0442 \u044f\u0440\u043a\u0438\u0439 \u0438 \u0447\u0438\u0441\u0442\u044b\u0439 \u0432\u0438\u0434, \u043f\u0440\u0438\u0434\u0430\u0435\u0442 \u0432\u0430\u0448\u0435\u0439 \u043a\u0443\u0445\u043d\u0435 \u0434\u043e\u043f\u043e\u043b\u043d\u0438\u0442\u0435\u043b\u044c\u043d\u0443\u044e \u044d\u043b\u0435\u0433\u0430\u043d\u0442\u043d\u043e\u0441\u0442\u044c, \u0441\u043e\u0447\u0435\u0442\u0430\u044f \u0432 \u0441\u0435\u0431\u0435 \u0444\u0443\u043d\u043a\u0446\u0438\u043e\u043d\u0430\u043b\u044c\u043d\u043e\u0441\u0442\u044c \u0438 \u044d\u0441\u0442\u0435\u0442\u0438\u043a\u0443. \u041a\u043e\u043d\u0441\u0442\u0440\u0443\u043a\u0446\u0438\u044f \u0440\u044b\u0447\u0430\u0433\u0430, \u0434\u043e\u043f\u0443\u0441\u043a\u0430\u044e\u0449\u0430\u044f \u043a\u0440\u0443\u0433\u043e\u0432\u043e\u0435 \u0432\u0440\u0430\u0449\u0435\u043d\u0438\u0435, \u043f\u043e\u043c\u043e\u0433\u0430\u0435\u0442 \u0442\u043e\u0447\u043d\u043e \u043a\u043e\u043d\u0442\u0440\u043e\u043b\u0438\u0440\u043e\u0432\u0430\u0442\u044c \u0432\u043e\u0434\u0443. &nbsp;<\/p>","protected":false},"featured_media":18570,"comment_status":"closed","ping_status":"closed","template":"","meta":[],"product_brand":[],"product_cat":[411],"product_tag":[],"collection":[],"brand":[],"category_2":[],"catergory_brand":[],"class_list":{"0":"post-18571","1":"product","2":"type-product","3":"status-publish","4":"has-post-thumbnail","6":"product_cat-faucets","8":"first","9":"instock","10":"shipping-taxable","11":"product-type-simple"},"_links":{"self":[{"href":"https:\/\/simfoniya.az\/ru\/wp-json\/wp\/v2\/product\/18571","targetHints":{"allow":["GET"]}}],"collection":[{"href":"https:\/\/simfoniya.az\/ru\/wp-json\/wp\/v2\/product"}],"about":[{"href":"https:\/\/simfoniya.az\/ru\/wp-json\/wp\/v2\/types\/product"}],"replies":[{"embeddable":true,"href":"https:\/\/simfoniya.az\/ru\/wp-json\/wp\/v2\/comments?post=18571"}],"wp:featuredmedia":[{"embeddable":true,"href":"https:\/\/simfoniya.az\/ru\/wp-json\/wp\/v2\/media\/18570"}],"wp:attachment":[{"href":"https:\/\/simfoniya.az\/ru\/wp-json\/wp\/v2\/media?parent=18571"}],"wp:term":[{"taxonomy":"product_brand","embeddable":true,"href":"https:\/\/simfoniya.az\/ru\/wp-json\/wp\/v2\/product_brand?post=18571"},{"taxonomy":"product_cat","embeddable":true,"href":"https:\/\/simfoniya.az\/ru\/wp-json\/wp\/v2\/product_cat?post=18571"},{"taxonomy":"product_tag","embeddable":true,"href":"https:\/\/simfoniya.az\/ru\/wp-json\/wp\/v2\/product_tag?post=18571"},{"taxonomy":"collection","embeddable":true,"href":"https:\/\/simfoniya.az\/ru\/wp-json\/wp\/v2\/collection?post=18571"},{"taxonomy":"brand","embeddable":true,"href":"https:\/\/simfoniya.az\/ru\/wp-json\/wp\/v2\/brand?post=18571"},{"taxonomy":"category_2","embeddable":true,"href":"https:\/\/simfoniya.az\/ru\/wp-json\/wp\/v2\/category_2?post=18571"},{"taxonomy":"catergory_brand","embeddable":true,"href":"https:\/\/simfoniya.az\/ru\/wp-json\/wp\/v2\/catergory_brand?post=18571"}],"curies":[{"name":"WP","href":"https:\/\/api.w.org\/{rel}","templated":true}]}}