{"id":18617,"date":"2024-06-01T10:16:08","date_gmt":"2024-06-01T10:16:08","guid":{"rendered":"https:\/\/simfoniya.az\/product\/fima-olivia-el-duslu-vanna-su-qarisdiricisi-xrom\/"},"modified":"2024-10-09T09:06:36","modified_gmt":"2024-10-09T09:06:36","slug":"fima-olivia-el-duslu-vanna-su-qarisdiricisi-xrom","status":"publish","type":"product","link":"https:\/\/simfoniya.az\/ru\/product\/fima-olivia-el-duslu-vanna-su-qarisdiricisi-xrom\/","title":{"rendered":"\u0424\u0438\u043c\u0430 \u041e\u043b\u0438\u0432\u0438\u044f \/ \u0414\u0443\u0448\u0435\u0432\u043e\u0439 \u043d\u0430\u0431\u043e\u0440"},"content":{"rendered":"<div class=\"flex max-w-full flex-col flex-grow\">\n<div class=\"min-h-8 text-message flex w-full flex-col items-end gap-2 whitespace-normal break-words [.text-message+&amp;]:mt-5\" dir=\"auto\" data-message-author-role=\"assistant\" data-message-id=\"d0329d1d-3891-4033-9913-4d80a7b1478f\" data-message-model-slug=\"gpt-4o\">\n<div class=\"flex w-full flex-col gap-1 empty:hidden first:pt-[3px]\">\n<div class=\"markdown prose w-full break-words dark:prose-invert light\">\n<p>Bu du\u015f d\u0259sti isti v\u0259 soyuq su \u00fc\u00e7\u00fcn ayr\u0131 kranlara malikdir, el\u0259c\u0259 d\u0259 inteqrasiya olunmu\u015f portativ du\u015f ba\u015fl\u0131\u011f\u0131 il\u0259 t\u0259chiz edilmi\u015fdir, istifad\u0259si asan v\u0259 rahatd\u0131r.<\/p>\n<\/div>\n<\/div>\n<\/div>\n<\/div>\n<div class=\"mb-2 flex gap-3 empty:hidden -ml-2\">\n<div class=\"items-center justify-start rounded-xl p-1 flex\">\n<div class=\"flex items-center\"><button class=\"rounded-lg text-token-text-secondary hover:bg-token-main-surface-secondary\" aria-label=\"Read aloud\" data-testid=\"voice-play-turn-action-button\"><\/button><button class=\"rounded-lg text-token-text-secondary hover:bg-token-main-surface-secondary\" aria-label=\"\u041a\u043e\u043f\u0438\u0440\u043e\u0432\u0430\u0442\u044c\" data-testid=\"copy-turn-action-button\"><\/button><\/p>\n<div class=\"flex\"><\/div>\n<div class=\"flex items-center pb-0\"><\/div>\n<\/div>\n<\/div>\n<\/div>\n","protected":false},"excerpt":{"rendered":"<p>\u042d\u0442\u043e\u0442 \u0434\u0443\u0448\u0435\u0432\u043e\u0439 \u043d\u0430\u0431\u043e\u0440 \u0438\u043c\u0435\u0435\u0442 \u043e\u0442\u0434\u0435\u043b\u044c\u043d\u044b\u0435 \u043a\u0440\u0430\u043d\u044b \u0434\u043b\u044f \u0433\u043e\u0440\u044f\u0447\u0435\u0439 \u0438 \u0445\u043e\u043b\u043e\u0434\u043d\u043e\u0439 \u0432\u043e\u0434\u044b, \u0430 \u0442\u0430\u043a\u0436\u0435 \u0432\u0441\u0442\u0440\u043e\u0435\u043d\u043d\u0443\u044e \u043f\u043e\u0440\u0442\u0430\u0442\u0438\u0432\u043d\u0443\u044e \u043d\u0430\u0441\u0430\u0434\u043a\u0443 \u0434\u043b\u044f \u0434\u0443\u0448\u0430, \u043a\u043e\u0442\u043e\u0440\u043e\u0439 \u043b\u0435\u0433\u043a\u043e \u0438 \u0443\u0434\u043e\u0431\u043d\u043e \u043f\u043e\u043b\u044c\u0437\u043e\u0432\u0430\u0442\u044c\u0441\u044f.<\/p>","protected":false},"featured_media":18616,"comment_status":"closed","ping_status":"closed","template":"","meta":[],"product_brand":[],"product_cat":[1402,411],"product_tag":[],"collection":[],"brand":[],"category_2":[],"catergory_brand":[],"class_list":{"0":"post-18617","1":"product","2":"type-product","3":"status-publish","4":"has-post-thumbnail","6":"product_cat-shower-hands","7":"product_cat-faucets","9":"first","10":"instock","11":"shipping-taxable","12":"product-type-simple"},"_links":{"self":[{"href":"https:\/\/simfoniya.az\/ru\/wp-json\/wp\/v2\/product\/18617","targetHints":{"allow":["GET"]}}],"collection":[{"href":"https:\/\/simfoniya.az\/ru\/wp-json\/wp\/v2\/product"}],"about":[{"href":"https:\/\/simfoniya.az\/ru\/wp-json\/wp\/v2\/types\/product"}],"replies":[{"embeddable":true,"href":"https:\/\/simfoniya.az\/ru\/wp-json\/wp\/v2\/comments?post=18617"}],"wp:featuredmedia":[{"embeddable":true,"href":"https:\/\/simfoniya.az\/ru\/wp-json\/wp\/v2\/media\/18616"}],"wp:attachment":[{"href":"https:\/\/simfoniya.az\/ru\/wp-json\/wp\/v2\/media?parent=18617"}],"wp:term":[{"taxonomy":"product_brand","embeddable":true,"href":"https:\/\/simfoniya.az\/ru\/wp-json\/wp\/v2\/product_brand?post=18617"},{"taxonomy":"product_cat","embeddable":true,"href":"https:\/\/simfoniya.az\/ru\/wp-json\/wp\/v2\/product_cat?post=18617"},{"taxonomy":"product_tag","embeddable":true,"href":"https:\/\/simfoniya.az\/ru\/wp-json\/wp\/v2\/product_tag?post=18617"},{"taxonomy":"collection","embeddable":true,"href":"https:\/\/simfoniya.az\/ru\/wp-json\/wp\/v2\/collection?post=18617"},{"taxonomy":"brand","embeddable":true,"href":"https:\/\/simfoniya.az\/ru\/wp-json\/wp\/v2\/brand?post=18617"},{"taxonomy":"category_2","embeddable":true,"href":"https:\/\/simfoniya.az\/ru\/wp-json\/wp\/v2\/category_2?post=18617"},{"taxonomy":"catergory_brand","embeddable":true,"href":"https:\/\/simfoniya.az\/ru\/wp-json\/wp\/v2\/catergory_brand?post=18617"}],"curies":[{"name":"WP","href":"https:\/\/api.w.org\/{rel}","templated":true}]}}