{"id":18639,"date":"2024-06-01T12:29:58","date_gmt":"2024-06-01T12:29:58","guid":{"rendered":"https:\/\/simfoniya.az\/product\/fima-serie-vanna-su-qarisdiricisi-xrom\/"},"modified":"2024-10-09T07:51:38","modified_gmt":"2024-10-09T07:51:38","slug":"fima-serie-vanna-su-qarisdiricisi-xrom","status":"publish","type":"product","link":"https:\/\/simfoniya.az\/ru\/product\/fima-serie-vanna-su-qarisdiricisi-xrom\/","title":{"rendered":"Fima \/ \u0421\u043c\u0435\u0441\u0438\u0442\u0435\u043b\u044c \u0434\u043b\u044f \u0432\u043e\u0434\u044b \/ \u0425\u0440\u043e\u043c"},"content":{"rendered":"<div class=\"flex max-w-full flex-col flex-grow\">\n<div class=\"min-h-8 text-message flex w-full flex-col items-end gap-2 whitespace-normal break-words [.text-message+&amp;]:mt-5\" dir=\"auto\" data-message-author-role=\"assistant\" data-message-id=\"63330cd4-e0e1-40e7-8fd1-0498f09c8eec\" data-message-model-slug=\"gpt-4o\">\n<div class=\"flex w-full flex-col gap-1 empty:hidden first:pt-[3px]\">\n<div class=\"markdown prose w-full break-words dark:prose-invert light\">\n<p>Bu cilalanm\u0131\u015f xrom du\u015f qar\u0131\u015fd\u0131r\u0131c\u0131s\u0131, m\u00fcasir v\u0259 praktik dizayn\u0131 il\u0259 diqq\u0259t \u00e7\u0259kir. Su s\u0259rfiyyat\u0131n\u0131 azaldan texnologiyalarla t\u0259chiz edilmi\u015fdir.<\/p>\n<\/div>\n<\/div>\n<\/div>\n<\/div>\n<div class=\"mb-2 flex gap-3 empty:hidden -ml-2\">\n<div class=\"items-center justify-start rounded-xl p-1 flex\">\n<div class=\"flex items-center\"><button class=\"rounded-lg text-token-text-secondary hover:bg-token-main-surface-secondary\" aria-label=\"Read aloud\" data-testid=\"voice-play-turn-action-button\"><\/button><button class=\"rounded-lg text-token-text-secondary hover:bg-token-main-surface-secondary\" aria-label=\"\u041a\u043e\u043f\u0438\u0440\u043e\u0432\u0430\u0442\u044c\" data-testid=\"copy-turn-action-button\"><\/button><\/p>\n<div class=\"flex\"><\/div>\n<div class=\"flex items-center pb-0\"><\/div>\n<\/div>\n<\/div>\n<\/div>\n","protected":false},"excerpt":{"rendered":"<p>\u042d\u0442\u043e\u0442 \u0441\u043c\u0435\u0441\u0438\u0442\u0435\u043b\u044c \u0434\u043b\u044f \u0434\u0443\u0448\u0430 \u0438\u0437 \u043f\u043e\u043b\u0438\u0440\u043e\u0432\u0430\u043d\u043d\u043e\u0433\u043e \u0445\u0440\u043e\u043c\u0430 \u043e\u0442\u043b\u0438\u0447\u0430\u0435\u0442\u0441\u044f \u0441\u043e\u0432\u0440\u0435\u043c\u0435\u043d\u043d\u044b\u043c \u0438 \u043f\u0440\u0430\u043a\u0442\u0438\u0447\u043d\u044b\u043c \u0434\u0438\u0437\u0430\u0439\u043d\u043e\u043c. \u041e\u0441\u043d\u0430\u0449\u0435\u043d \u0442\u0435\u0445\u043d\u043e\u043b\u043e\u0433\u0438\u044f\u043c\u0438, \u043f\u043e\u0437\u0432\u043e\u043b\u044f\u044e\u0449\u0438\u043c\u0438 \u0441\u043d\u0438\u0437\u0438\u0442\u044c \u0440\u0430\u0441\u0445\u043e\u0434 \u0432\u043e\u0434\u044b.<\/p>","protected":false},"featured_media":23570,"comment_status":"closed","ping_status":"closed","template":"","meta":[],"product_brand":[],"product_cat":[1397],"product_tag":[],"collection":[],"brand":[],"category_2":[],"catergory_brand":[],"class_list":{"0":"post-18639","1":"product","2":"type-product","3":"status-publish","4":"has-post-thumbnail","6":"product_cat-basin-water-bath-mixer","8":"first","9":"instock","10":"shipping-taxable","11":"product-type-simple"},"_links":{"self":[{"href":"https:\/\/simfoniya.az\/ru\/wp-json\/wp\/v2\/product\/18639","targetHints":{"allow":["GET"]}}],"collection":[{"href":"https:\/\/simfoniya.az\/ru\/wp-json\/wp\/v2\/product"}],"about":[{"href":"https:\/\/simfoniya.az\/ru\/wp-json\/wp\/v2\/types\/product"}],"replies":[{"embeddable":true,"href":"https:\/\/simfoniya.az\/ru\/wp-json\/wp\/v2\/comments?post=18639"}],"wp:featuredmedia":[{"embeddable":true,"href":"https:\/\/simfoniya.az\/ru\/wp-json\/wp\/v2\/media\/23570"}],"wp:attachment":[{"href":"https:\/\/simfoniya.az\/ru\/wp-json\/wp\/v2\/media?parent=18639"}],"wp:term":[{"taxonomy":"product_brand","embeddable":true,"href":"https:\/\/simfoniya.az\/ru\/wp-json\/wp\/v2\/product_brand?post=18639"},{"taxonomy":"product_cat","embeddable":true,"href":"https:\/\/simfoniya.az\/ru\/wp-json\/wp\/v2\/product_cat?post=18639"},{"taxonomy":"product_tag","embeddable":true,"href":"https:\/\/simfoniya.az\/ru\/wp-json\/wp\/v2\/product_tag?post=18639"},{"taxonomy":"collection","embeddable":true,"href":"https:\/\/simfoniya.az\/ru\/wp-json\/wp\/v2\/collection?post=18639"},{"taxonomy":"brand","embeddable":true,"href":"https:\/\/simfoniya.az\/ru\/wp-json\/wp\/v2\/brand?post=18639"},{"taxonomy":"category_2","embeddable":true,"href":"https:\/\/simfoniya.az\/ru\/wp-json\/wp\/v2\/category_2?post=18639"},{"taxonomy":"catergory_brand","embeddable":true,"href":"https:\/\/simfoniya.az\/ru\/wp-json\/wp\/v2\/catergory_brand?post=18639"}],"curies":[{"name":"WP","href":"https:\/\/api.w.org\/{rel}","templated":true}]}}