{"id":18643,"date":"2024-06-01T12:30:01","date_gmt":"2024-06-01T12:30:01","guid":{"rendered":"https:\/\/simfoniya.az\/product\/fima-split-2-funksiyali-acma-qolu-xrom\/"},"modified":"2024-10-09T07:43:26","modified_gmt":"2024-10-09T07:43:26","slug":"fima-split-2-funksiyali-acma-qolu-xrom","status":"publish","type":"product","link":"https:\/\/simfoniya.az\/ru\/product\/fima-split-2-funksiyali-acma-qolu-xrom\/","title":{"rendered":"Fima \/ \u0421\u043c\u0435\u0441\u0438\u0442\u0435\u043b\u044c \u0434\u043b\u044f \u0432\u043e\u0434\u044b \/ 2 \u0444\u0443\u043d\u043a\u0446\u0438\u0438"},"content":{"rendered":"<div class=\"flex max-w-full flex-col flex-grow\">\n<div class=\"min-h-8 text-message flex w-full flex-col items-end gap-2 whitespace-normal break-words [.text-message+&amp;]:mt-5\" dir=\"auto\" data-message-author-role=\"assistant\" data-message-id=\"49dbbd43-231a-4079-ab39-49d43e852580\" data-message-model-slug=\"gpt-4o\">\n<div class=\"flex w-full flex-col gap-1 empty:hidden first:pt-[3px]\">\n<div class=\"markdown prose w-full break-words dark:prose-invert light\">\n<p>Bu m\u00fcasir dizaynl\u0131 du\u015f qar\u0131\u015fd\u0131r\u0131c\u0131d\u0131r. D\u00fcz, t\u0259miz x\u0259tl\u0259r\u0259 v\u0259 cilalanm\u0131\u015f xrom kaplamaya malikdir, bu da onu h\u0259r hans\u0131 m\u00fcasir hamam ota\u011f\u0131 \u00fc\u00e7\u00fcn m\u00fck\u0259mm\u0259l aksessuar edir. Qabar\u0131q, yumruq formas\u0131nda tutacaq v\u0259 yuvarlaq baza, funksionall\u0131\u011f\u0131 art\u0131raraq istifad\u0259ni rahatla\u015fd\u0131r\u0131r. Minimalist dizayn\u0131 il\u0259 h\u0259m praktik, h\u0259m d\u0259 vizual c\u0259lbedicilikt\u0259n \u00f6d\u00fcn verm\u0259y\u0259n bir se\u00e7imdir.<\/p>\n<\/div>\n<\/div>\n<\/div>\n<\/div>\n<div class=\"mb-2 flex gap-3 empty:hidden -ml-2\">\n<div class=\"items-center justify-start rounded-xl p-1 flex\">\n<div class=\"flex items-center\"><button class=\"rounded-lg text-token-text-secondary hover:bg-token-main-surface-secondary\" aria-label=\"Read aloud\" data-testid=\"voice-play-turn-action-button\"><\/button><button class=\"rounded-lg text-token-text-secondary hover:bg-token-main-surface-secondary\" aria-label=\"\u041a\u043e\u043f\u0438\u0440\u043e\u0432\u0430\u0442\u044c\" data-testid=\"copy-turn-action-button\"><\/button><\/p>\n<div class=\"flex\"><\/div>\n<div class=\"flex items-center pb-0\"><\/div>\n<\/div>\n<\/div>\n<\/div>\n","protected":false},"excerpt":{"rendered":"<p>\u042d\u0442\u043e \u0441\u043c\u0435\u0441\u0438\u0442\u0435\u043b\u044c \u0434\u043b\u044f \u0434\u0443\u0448\u0430 \u0441\u043e\u0432\u0440\u0435\u043c\u0435\u043d\u043d\u043e\u0433\u043e \u0434\u0438\u0437\u0430\u0439\u043d\u0430. \u041e\u043d \u0438\u043c\u0435\u0435\u0442 \u043f\u0440\u044f\u043c\u044b\u0435, \u0447\u0438\u0441\u0442\u044b\u0435 \u043b\u0438\u043d\u0438\u0438 \u0438 \u043f\u043e\u043b\u0438\u0440\u043e\u0432\u0430\u043d\u043d\u0443\u044e \u0445\u0440\u043e\u043c\u0438\u0440\u043e\u0432\u0430\u043d\u043d\u0443\u044e \u043e\u0442\u0434\u0435\u043b\u043a\u0443, \u0447\u0442\u043e \u0434\u0435\u043b\u0430\u0435\u0442 \u0435\u0433\u043e \u0438\u0434\u0435\u0430\u043b\u044c\u043d\u044b\u043c \u0430\u043a\u0441\u0435\u0441\u0441\u0443\u0430\u0440\u043e\u043c \u0434\u043b\u044f \u043b\u044e\u0431\u043e\u0439 \u0441\u043e\u0432\u0440\u0435\u043c\u0435\u043d\u043d\u043e\u0439 \u0432\u0430\u043d\u043d\u043e\u0439 \u043a\u043e\u043c\u043d\u0430\u0442\u044b. \u041f\u0440\u0438\u043f\u043e\u0434\u043d\u044f\u0442\u0430\u044f \u0440\u0443\u0447\u043a\u0430 \u0432 \u0444\u043e\u0440\u043c\u0435 \u043a\u0443\u043b\u0430\u043a\u0430 \u0438 \u0437\u0430\u043a\u0440\u0443\u0433\u043b\u0435\u043d\u043d\u043e\u0435 \u043e\u0441\u043d\u043e\u0432\u0430\u043d\u0438\u0435 \u043f\u043e\u0432\u044b\u0448\u0430\u044e\u0442 \u0444\u0443\u043d\u043a\u0446\u0438\u043e\u043d\u0430\u043b\u044c\u043d\u043e\u0441\u0442\u044c \u0438 \u0443\u0434\u043e\u0431\u0441\u0442\u0432\u043e \u0438\u0441\u043f\u043e\u043b\u044c\u0437\u043e\u0432\u0430\u043d\u0438\u044f. \u0411\u043b\u0430\u0433\u043e\u0434\u0430\u0440\u044f \u043c\u0438\u043d\u0438\u043c\u0430\u043b\u0438\u0441\u0442\u0438\u0447\u043d\u043e\u043c\u0443 \u0434\u0438\u0437\u0430\u0439\u043d\u0443 \u044d\u0442\u043e \u0432\u044b\u0431\u043e\u0440, \u043a\u043e\u0442\u043e\u0440\u044b\u0439 \u043d\u0435 \u0441\u0442\u0430\u0432\u0438\u0442 \u043f\u043e\u0434 \u0443\u0433\u0440\u043e\u0437\u0443 \u043f\u0440\u0430\u043a\u0442\u0438\u0447\u043d\u043e\u0441\u0442\u044c \u0438 \u0432\u043d\u0435\u0448\u043d\u044e\u044e \u043f\u0440\u0438\u0432\u043b\u0435\u043a\u0430\u0442\u0435\u043b\u044c\u043d\u043e\u0441\u0442\u044c.<\/p>","protected":false},"featured_media":23436,"comment_status":"closed","ping_status":"closed","template":"","meta":[],"product_brand":[],"product_cat":[1394],"product_tag":[],"collection":[],"brand":[],"category_2":[],"catergory_brand":[],"class_list":{"0":"post-18643","1":"product","2":"type-product","3":"status-publish","4":"has-post-thumbnail","6":"product_cat-shower-mixer","8":"first","9":"instock","10":"shipping-taxable","11":"product-type-simple"},"_links":{"self":[{"href":"https:\/\/simfoniya.az\/ru\/wp-json\/wp\/v2\/product\/18643","targetHints":{"allow":["GET"]}}],"collection":[{"href":"https:\/\/simfoniya.az\/ru\/wp-json\/wp\/v2\/product"}],"about":[{"href":"https:\/\/simfoniya.az\/ru\/wp-json\/wp\/v2\/types\/product"}],"replies":[{"embeddable":true,"href":"https:\/\/simfoniya.az\/ru\/wp-json\/wp\/v2\/comments?post=18643"}],"wp:featuredmedia":[{"embeddable":true,"href":"https:\/\/simfoniya.az\/ru\/wp-json\/wp\/v2\/media\/23436"}],"wp:attachment":[{"href":"https:\/\/simfoniya.az\/ru\/wp-json\/wp\/v2\/media?parent=18643"}],"wp:term":[{"taxonomy":"product_brand","embeddable":true,"href":"https:\/\/simfoniya.az\/ru\/wp-json\/wp\/v2\/product_brand?post=18643"},{"taxonomy":"product_cat","embeddable":true,"href":"https:\/\/simfoniya.az\/ru\/wp-json\/wp\/v2\/product_cat?post=18643"},{"taxonomy":"product_tag","embeddable":true,"href":"https:\/\/simfoniya.az\/ru\/wp-json\/wp\/v2\/product_tag?post=18643"},{"taxonomy":"collection","embeddable":true,"href":"https:\/\/simfoniya.az\/ru\/wp-json\/wp\/v2\/collection?post=18643"},{"taxonomy":"brand","embeddable":true,"href":"https:\/\/simfoniya.az\/ru\/wp-json\/wp\/v2\/brand?post=18643"},{"taxonomy":"category_2","embeddable":true,"href":"https:\/\/simfoniya.az\/ru\/wp-json\/wp\/v2\/category_2?post=18643"},{"taxonomy":"catergory_brand","embeddable":true,"href":"https:\/\/simfoniya.az\/ru\/wp-json\/wp\/v2\/catergory_brand?post=18643"}],"curies":[{"name":"WP","href":"https:\/\/api.w.org\/{rel}","templated":true}]}}