{"id":18662,"date":"2024-06-01T12:30:41","date_gmt":"2024-06-01T12:30:41","guid":{"rendered":"https:\/\/simfoniya.az\/product\/304-hamam-mebel-sas-820x490x490gzg-550x900yan-kabine-320x520x300ref320\/"},"modified":"2024-10-08T07:35:33","modified_gmt":"2024-10-08T07:35:33","slug":"304-hamam-mebel-sas-820x490x490gzg-550x900yan-kabine-320x520x300ref320","status":"publish","type":"product","link":"https:\/\/simfoniya.az\/ru\/product\/304-hamam-mebel-sas-820x490x490gzg-550x900yan-kabine-320x520x300ref320\/","title":{"rendered":"\u041c\u0435\u0431\u0435\u043b\u044c \u0434\u043b\u044f \u0432\u0430\u043d\u043d\u043e\u0439 \u043a\u043e\u043c\u043d\u0430\u0442\u044b"},"content":{"rendered":"<div class=\"flex max-w-full flex-col flex-grow\">\n<div class=\"min-h-8 text-message flex w-full flex-col items-end gap-2 whitespace-normal break-words [.text-message+&amp;]:mt-5\" dir=\"auto\" data-message-author-role=\"assistant\" data-message-id=\"8fb60812-49ba-4986-976e-b7aae3307067\">\n<div class=\"flex w-full flex-col gap-1 empty:hidden first:pt-[3px]\">\n<div class=\"markdown prose w-full break-words dark:prose-invert light\">\n<p>Bu, a\u011f r\u0259ngd\u0259 v\u0259 m\u00fcasir dizaynl\u0131, iki \u00e7ekmeceli hamam mebelidir. D\u00fcz x\u0259tl\u0259ri il\u0259 h\u0259r hans\u0131 bir interyer\u0259 asanl\u0131qla inteqrasiya olunur, h\u0259m d\u0259 geni\u015f saxlama sah\u0259si t\u0259min edir. Mebelin \u00fcst hiss\u0259sind\u0259 inteqrasiya edilmi\u015f lavabo v\u0259 m\u0259rk\u0259zd\u0259 bir musluq qura\u015fd\u0131rmaq \u00fc\u00e7\u00fcn yer var.<\/p>\n<\/div>\n<\/div>\n<\/div>\n<\/div>\n<div class=\"mb-2 flex gap-3 empty:hidden -ml-2\">\n<div class=\"items-center justify-start rounded-xl p-1 flex\">\n<div class=\"flex items-center\"><button class=\"rounded-lg text-token-text-secondary hover:bg-token-main-surface-secondary\" aria-label=\"Read aloud\" data-testid=\"voice-play-turn-action-button\"><\/button><button class=\"rounded-lg text-token-text-secondary hover:bg-token-main-surface-secondary\" aria-label=\"\u041a\u043e\u043f\u0438\u0440\u043e\u0432\u0430\u0442\u044c\" data-testid=\"copy-turn-action-button\"><\/button><\/p>\n<div class=\"flex\"><\/div>\n<div class=\"flex items-center pb-0\"><\/div>\n<\/div>\n<\/div>\n<\/div>\n","protected":false},"excerpt":{"rendered":"<p>\u042d\u0442\u043e \u043c\u0435\u0431\u0435\u043b\u044c \u0434\u043b\u044f \u0432\u0430\u043d\u043d\u043e\u0439 \u043a\u043e\u043c\u043d\u0430\u0442\u044b \u0441 \u0434\u0432\u0443\u043c\u044f \u044f\u0449\u0438\u043a\u0430\u043c\u0438 \u0431\u0435\u043b\u043e\u0433\u043e \u0446\u0432\u0435\u0442\u0430 \u0438 \u0441\u043e\u0432\u0440\u0435\u043c\u0435\u043d\u043d\u043e\u0433\u043e \u0434\u0438\u0437\u0430\u0439\u043d\u0430. \u0411\u043b\u0430\u0433\u043e\u0434\u0430\u0440\u044f \u0441\u0432\u043e\u0438\u043c \u043f\u0440\u044f\u043c\u044b\u043c \u043b\u0438\u043d\u0438\u044f\u043c \u043e\u043d \u043b\u0435\u0433\u043a\u043e \u0432\u043f\u0438\u0441\u044b\u0432\u0430\u0435\u0442\u0441\u044f \u0432 \u043b\u044e\u0431\u043e\u0439 \u0438\u043d\u0442\u0435\u0440\u044c\u0435\u0440 \u0438 \u043e\u0431\u0435\u0441\u043f\u0435\u0447\u0438\u0432\u0430\u0435\u0442 \u0434\u043e\u0441\u0442\u0430\u0442\u043e\u0447\u043d\u043e \u043c\u0435\u0441\u0442\u0430 \u0434\u043b\u044f \u0445\u0440\u0430\u043d\u0435\u043d\u0438\u044f \u0432\u0435\u0449\u0435\u0439. \u0412 \u0432\u0435\u0440\u0445\u043d\u044e\u044e \u0447\u0430\u0441\u0442\u044c \u043c\u0435\u0431\u0435\u043b\u0438 \u0432\u0441\u0442\u0440\u043e\u0435\u043d\u0430 \u0440\u0430\u043a\u043e\u0432\u0438\u043d\u0430 \u0438 \u043c\u0435\u0441\u0442\u043e \u0434\u043b\u044f \u0443\u0441\u0442\u0430\u043d\u043e\u0432\u043a\u0438 \u0441\u043c\u0435\u0441\u0438\u0442\u0435\u043b\u044f \u043f\u043e \u0446\u0435\u043d\u0442\u0440\u0443.<\/p>","protected":false},"featured_media":21774,"comment_status":"closed","ping_status":"closed","template":"","meta":[],"product_brand":[],"product_cat":[76],"product_tag":[],"collection":[],"brand":[],"category_2":[],"catergory_brand":[],"class_list":{"0":"post-18662","1":"product","2":"type-product","3":"status-publish","4":"has-post-thumbnail","6":"product_cat-all","8":"first","9":"instock","10":"shipping-taxable","11":"product-type-simple"},"_links":{"self":[{"href":"https:\/\/simfoniya.az\/ru\/wp-json\/wp\/v2\/product\/18662","targetHints":{"allow":["GET"]}}],"collection":[{"href":"https:\/\/simfoniya.az\/ru\/wp-json\/wp\/v2\/product"}],"about":[{"href":"https:\/\/simfoniya.az\/ru\/wp-json\/wp\/v2\/types\/product"}],"replies":[{"embeddable":true,"href":"https:\/\/simfoniya.az\/ru\/wp-json\/wp\/v2\/comments?post=18662"}],"wp:featuredmedia":[{"embeddable":true,"href":"https:\/\/simfoniya.az\/ru\/wp-json\/wp\/v2\/media\/21774"}],"wp:attachment":[{"href":"https:\/\/simfoniya.az\/ru\/wp-json\/wp\/v2\/media?parent=18662"}],"wp:term":[{"taxonomy":"product_brand","embeddable":true,"href":"https:\/\/simfoniya.az\/ru\/wp-json\/wp\/v2\/product_brand?post=18662"},{"taxonomy":"product_cat","embeddable":true,"href":"https:\/\/simfoniya.az\/ru\/wp-json\/wp\/v2\/product_cat?post=18662"},{"taxonomy":"product_tag","embeddable":true,"href":"https:\/\/simfoniya.az\/ru\/wp-json\/wp\/v2\/product_tag?post=18662"},{"taxonomy":"collection","embeddable":true,"href":"https:\/\/simfoniya.az\/ru\/wp-json\/wp\/v2\/collection?post=18662"},{"taxonomy":"brand","embeddable":true,"href":"https:\/\/simfoniya.az\/ru\/wp-json\/wp\/v2\/brand?post=18662"},{"taxonomy":"category_2","embeddable":true,"href":"https:\/\/simfoniya.az\/ru\/wp-json\/wp\/v2\/category_2?post=18662"},{"taxonomy":"catergory_brand","embeddable":true,"href":"https:\/\/simfoniya.az\/ru\/wp-json\/wp\/v2\/catergory_brand?post=18662"}],"curies":[{"name":"WP","href":"https:\/\/api.w.org\/{rel}","templated":true}]}}