{"id":18706,"date":"2024-06-01T12:31:32","date_gmt":"2024-06-01T12:31:32","guid":{"rendered":"https:\/\/simfoniya.az\/product\/gaoming-pas1313ib\/"},"modified":"2024-10-08T07:10:18","modified_gmt":"2024-10-08T07:10:18","slug":"gaoming-pas1313ib","status":"publish","type":"product","link":"https:\/\/simfoniya.az\/ru\/product\/gaoming-pas1313ib\/","title":{"rendered":"\u0413\u0430\u043e\u043c\u0438\u043d\u0433 \/ \u0411\u0430\u0442"},"content":{"rendered":"<div class=\"flex max-w-full flex-col flex-grow\">\n<div class=\"min-h-8 text-message flex w-full flex-col items-end gap-2 whitespace-normal break-words [.text-message+&amp;]:mt-5\" dir=\"auto\" data-message-author-role=\"assistant\" data-message-id=\"37b34379-df08-4407-8742-8416ce3f834a\">\n<div class=\"flex w-full flex-col gap-1 empty:hidden first:pt-[3px]\">\n<div class=\"markdown prose w-full break-words dark:prose-invert light\">\n<p>Bu m\u00fcasir hidromassaj vannas\u0131, b\u00fct\u00f6v v\u0259 m\u00fcasir dizayna malikdir. Vanna, istirah\u0259t v\u0259 sa\u011flaml\u0131\u011f\u0131n\u0131z\u0131 art\u0131rmaq \u00fc\u00e7\u00fcn hidroterapi x\u00fcsusiyy\u0259tl\u0259ri il\u0259 z\u0259ngindir. Onun inteqrasiya edilmi\u015f massaj ba\u015fl\u0131qlar\u0131 v\u0259 rahat oturma yeri, h\u0259m fiziki, h\u0259m d\u0259 emosional rahatlama t\u0259min edir.<\/p>\n<\/div>\n<\/div>\n<\/div>\n<\/div>\n<div class=\"mb-2 flex gap-3 empty:hidden -ml-2\">\n<div class=\"items-center justify-start rounded-xl p-1 flex\">\n<div class=\"flex items-center\"><button class=\"rounded-lg text-token-text-secondary hover:bg-token-main-surface-secondary\" aria-label=\"Read aloud\" data-testid=\"voice-play-turn-action-button\"><\/button><button class=\"rounded-lg text-token-text-secondary hover:bg-token-main-surface-secondary\" aria-label=\"\u041a\u043e\u043f\u0438\u0440\u043e\u0432\u0430\u0442\u044c\" data-testid=\"copy-turn-action-button\"><\/button><\/p>\n<div class=\"flex\"><\/div>\n<div class=\"flex items-center pb-0\"><\/div>\n<\/div>\n<\/div>\n<\/div>\n","protected":false},"excerpt":{"rendered":"<p>\u042d\u0442\u0430 \u0441\u043e\u0432\u0440\u0435\u043c\u0435\u043d\u043d\u0430\u044f \u0433\u0438\u0434\u0440\u043e\u043c\u0430\u0441\u0441\u0430\u0436\u043d\u0430\u044f \u0432\u0430\u043d\u043d\u0430 \u0438\u043c\u0435\u0435\u0442 \u0437\u0430\u043a\u043e\u043d\u0447\u0435\u043d\u043d\u044b\u0439 \u0438 \u0441\u043e\u0432\u0440\u0435\u043c\u0435\u043d\u043d\u044b\u0439 \u0434\u0438\u0437\u0430\u0439\u043d. \u0412\u0430\u043d\u043d\u0430 \u0431\u043e\u0433\u0430\u0442\u0430 \u0433\u0438\u0434\u0440\u043e\u0442\u0435\u0440\u0430\u043f\u0435\u0432\u0442\u0438\u0447\u0435\u0441\u043a\u0438\u043c\u0438 \u0441\u0432\u043e\u0439\u0441\u0442\u0432\u0430\u043c\u0438, \u043a\u043e\u0442\u043e\u0440\u044b\u0435 \u0443\u043b\u0443\u0447\u0448\u0430\u0442 \u0432\u0430\u0448\u0435 \u0440\u0430\u0441\u0441\u043b\u0430\u0431\u043b\u0435\u043d\u0438\u0435 \u0438 \u0437\u0434\u043e\u0440\u043e\u0432\u044c\u0435. \u0412\u0441\u0442\u0440\u043e\u0435\u043d\u043d\u044b\u0435 \u043c\u0430\u0441\u0441\u0430\u0436\u043d\u044b\u0435 \u0433\u043e\u043b\u043e\u0432\u043a\u0438 \u0438 \u0443\u0434\u043e\u0431\u043d\u043e\u0435 \u0441\u0438\u0434\u0435\u043d\u044c\u0435 \u043e\u0431\u0435\u0441\u043f\u0435\u0447\u0438\u0432\u0430\u044e\u0442 \u0444\u0438\u0437\u0438\u0447\u0435\u0441\u043a\u043e\u0435 \u0438 \u044d\u043c\u043e\u0446\u0438\u043e\u043d\u0430\u043b\u044c\u043d\u043e\u0435 \u0440\u0430\u0441\u0441\u043b\u0430\u0431\u043b\u0435\u043d\u0438\u0435.<\/p>","protected":false},"featured_media":23201,"comment_status":"closed","ping_status":"closed","template":"","meta":[],"product_brand":[],"product_cat":[1487],"product_tag":[],"collection":[],"brand":[],"category_2":[],"catergory_brand":[],"class_list":{"0":"post-18706","1":"product","2":"type-product","3":"status-publish","4":"has-post-thumbnail","6":"product_cat-bathtubs","8":"first","9":"instock","10":"shipping-taxable","11":"product-type-simple"},"_links":{"self":[{"href":"https:\/\/simfoniya.az\/ru\/wp-json\/wp\/v2\/product\/18706","targetHints":{"allow":["GET"]}}],"collection":[{"href":"https:\/\/simfoniya.az\/ru\/wp-json\/wp\/v2\/product"}],"about":[{"href":"https:\/\/simfoniya.az\/ru\/wp-json\/wp\/v2\/types\/product"}],"replies":[{"embeddable":true,"href":"https:\/\/simfoniya.az\/ru\/wp-json\/wp\/v2\/comments?post=18706"}],"wp:featuredmedia":[{"embeddable":true,"href":"https:\/\/simfoniya.az\/ru\/wp-json\/wp\/v2\/media\/23201"}],"wp:attachment":[{"href":"https:\/\/simfoniya.az\/ru\/wp-json\/wp\/v2\/media?parent=18706"}],"wp:term":[{"taxonomy":"product_brand","embeddable":true,"href":"https:\/\/simfoniya.az\/ru\/wp-json\/wp\/v2\/product_brand?post=18706"},{"taxonomy":"product_cat","embeddable":true,"href":"https:\/\/simfoniya.az\/ru\/wp-json\/wp\/v2\/product_cat?post=18706"},{"taxonomy":"product_tag","embeddable":true,"href":"https:\/\/simfoniya.az\/ru\/wp-json\/wp\/v2\/product_tag?post=18706"},{"taxonomy":"collection","embeddable":true,"href":"https:\/\/simfoniya.az\/ru\/wp-json\/wp\/v2\/collection?post=18706"},{"taxonomy":"brand","embeddable":true,"href":"https:\/\/simfoniya.az\/ru\/wp-json\/wp\/v2\/brand?post=18706"},{"taxonomy":"category_2","embeddable":true,"href":"https:\/\/simfoniya.az\/ru\/wp-json\/wp\/v2\/category_2?post=18706"},{"taxonomy":"catergory_brand","embeddable":true,"href":"https:\/\/simfoniya.az\/ru\/wp-json\/wp\/v2\/catergory_brand?post=18706"}],"curies":[{"name":"WP","href":"https:\/\/api.w.org\/{rel}","templated":true}]}}