{"id":18720,"date":"2024-06-01T12:31:47","date_gmt":"2024-06-01T12:31:47","guid":{"rendered":"https:\/\/simfoniya.az\/product\/jn-hamam-mebel-1020x520x520gzg-600x900rf-300x120x160\/"},"modified":"2024-10-08T06:20:39","modified_gmt":"2024-10-08T06:20:39","slug":"jn-hamam-mebel-1020x520x520gzg-600x900rf-300x120x160","status":"publish","type":"product","link":"https:\/\/simfoniya.az\/ru\/product\/jn-hamam-mebel-1020x520x520gzg-600x900rf-300x120x160\/","title":{"rendered":"Jn \/ \u041c\u0435\u0431\u0435\u043b\u044c \u0434\u043b\u044f \u0432\u0430\u043d\u043d\u043e\u0439 \u043a\u043e\u043c\u043d\u0430\u0442\u044b"},"content":{"rendered":"<div class=\"flex max-w-full flex-col flex-grow\">\n<div class=\"min-h-8 text-message flex w-full flex-col items-end gap-2 whitespace-normal break-words [.text-message+&amp;]:mt-5\" dir=\"auto\" data-message-author-role=\"assistant\" data-message-id=\"6e61b15d-ce1a-4d8e-b053-3465a8a80492\">\n<div class=\"flex w-full flex-col gap-1 empty:hidden first:pt-[3px]\">\n<div class=\"markdown prose w-full break-words dark:prose-invert light\">\n<p>Mebel par\u00e7as\u0131 a\u011f v\u0259 qara detallarla z\u0259ngindir, \u00f6n t\u0259r\u0259fd\u0259 dekorativ doku il\u0259 tamamlan\u0131r. \u0130ki \u0259d\u0259d oval g\u00fczg\u00fc v\u0259 ikili qar\u0131\u015fd\u0131r\u0131c\u0131 il\u0259 qura\u015fd\u0131r\u0131lm\u0131\u015f ikili qara lavabolar var. Otaq h\u0259m m\u00fcasir, h\u0259m d\u0259 klassik elementl\u0259r birl\u0259\u015fdir\u0259r\u0259k z\u0259rif v\u0259 \u015f\u0131k bir g\u00f6r\u00fcn\u00fc\u015f yarad\u0131r.<\/p>\n<\/div>\n<\/div>\n<\/div>\n<\/div>\n<div class=\"mb-2 flex gap-3 empty:hidden -ml-2\">\n<div class=\"items-center justify-start rounded-xl p-1 flex\">\n<div class=\"flex items-center\"><button class=\"rounded-lg text-token-text-secondary hover:bg-token-main-surface-secondary\" aria-label=\"Read aloud\" data-testid=\"voice-play-turn-action-button\"><\/button><button class=\"rounded-lg text-token-text-secondary hover:bg-token-main-surface-secondary\" aria-label=\"\u041a\u043e\u043f\u0438\u0440\u043e\u0432\u0430\u0442\u044c\" data-testid=\"copy-turn-action-button\"><\/button><\/p>\n<div class=\"flex\"><\/div>\n<div class=\"flex items-center pb-0\"><\/div>\n<\/div>\n<\/div>\n<\/div>\n","protected":false},"excerpt":{"rendered":"<p>\u041f\u0440\u0435\u0434\u043c\u0435\u0442 \u043c\u0435\u0431\u0435\u043b\u0438 \u0431\u043e\u0433\u0430\u0442 \u0447\u0435\u0440\u043d\u043e-\u0431\u0435\u043b\u044b\u043c\u0438 \u0434\u0435\u0442\u0430\u043b\u044f\u043c\u0438, \u0434\u043e\u043f\u043e\u043b\u043d\u0435\u043d\u043d\u044b\u043c\u0438 \u0434\u0435\u043a\u043e\u0440\u0430\u0442\u0438\u0432\u043d\u043e\u0439 \u0444\u0430\u043a\u0442\u0443\u0440\u043e\u0439 \u0441\u043f\u0435\u0440\u0435\u0434\u0438. \u0414\u0432\u043e\u0439\u043d\u044b\u0435 \u0447\u0435\u0440\u043d\u044b\u0435 \u0440\u0430\u043a\u043e\u0432\u0438\u043d\u044b \u043e\u0441\u043d\u0430\u0449\u0435\u043d\u044b \u0434\u0432\u0443\u043c\u044f \u043e\u0432\u0430\u043b\u044c\u043d\u044b\u043c\u0438 \u0437\u0435\u0440\u043a\u0430\u043b\u0430\u043c\u0438 \u0438 \u0434\u0432\u043e\u0439\u043d\u044b\u043c\u0438 \u0441\u043c\u0435\u0441\u0438\u0442\u0435\u043b\u044f\u043c\u0438. \u041a\u043e\u043c\u043d\u0430\u0442\u0430 \u0441\u043e\u0447\u0435\u0442\u0430\u0435\u0442 \u0432 \u0441\u0435\u0431\u0435 \u043a\u0430\u043a \u0441\u043e\u0432\u0440\u0435\u043c\u0435\u043d\u043d\u044b\u0435, \u0442\u0430\u043a \u0438 \u043a\u043b\u0430\u0441\u0441\u0438\u0447\u0435\u0441\u043a\u0438\u0435 \u044d\u043b\u0435\u043c\u0435\u043d\u0442\u044b, \u0441\u043e\u0437\u0434\u0430\u0432\u0430\u044f \u044d\u043b\u0435\u0433\u0430\u043d\u0442\u043d\u044b\u0439 \u0438 \u0441\u0442\u0438\u043b\u044c\u043d\u044b\u0439 \u0432\u0438\u0434.<\/p>","protected":false},"featured_media":18719,"comment_status":"closed","ping_status":"closed","template":"","meta":[],"product_brand":[],"product_cat":[76],"product_tag":[],"collection":[],"brand":[],"category_2":[],"catergory_brand":[],"class_list":{"0":"post-18720","1":"product","2":"type-product","3":"status-publish","4":"has-post-thumbnail","6":"product_cat-all","8":"first","9":"instock","10":"shipping-taxable","11":"product-type-simple"},"_links":{"self":[{"href":"https:\/\/simfoniya.az\/ru\/wp-json\/wp\/v2\/product\/18720","targetHints":{"allow":["GET"]}}],"collection":[{"href":"https:\/\/simfoniya.az\/ru\/wp-json\/wp\/v2\/product"}],"about":[{"href":"https:\/\/simfoniya.az\/ru\/wp-json\/wp\/v2\/types\/product"}],"replies":[{"embeddable":true,"href":"https:\/\/simfoniya.az\/ru\/wp-json\/wp\/v2\/comments?post=18720"}],"wp:featuredmedia":[{"embeddable":true,"href":"https:\/\/simfoniya.az\/ru\/wp-json\/wp\/v2\/media\/18719"}],"wp:attachment":[{"href":"https:\/\/simfoniya.az\/ru\/wp-json\/wp\/v2\/media?parent=18720"}],"wp:term":[{"taxonomy":"product_brand","embeddable":true,"href":"https:\/\/simfoniya.az\/ru\/wp-json\/wp\/v2\/product_brand?post=18720"},{"taxonomy":"product_cat","embeddable":true,"href":"https:\/\/simfoniya.az\/ru\/wp-json\/wp\/v2\/product_cat?post=18720"},{"taxonomy":"product_tag","embeddable":true,"href":"https:\/\/simfoniya.az\/ru\/wp-json\/wp\/v2\/product_tag?post=18720"},{"taxonomy":"collection","embeddable":true,"href":"https:\/\/simfoniya.az\/ru\/wp-json\/wp\/v2\/collection?post=18720"},{"taxonomy":"brand","embeddable":true,"href":"https:\/\/simfoniya.az\/ru\/wp-json\/wp\/v2\/brand?post=18720"},{"taxonomy":"category_2","embeddable":true,"href":"https:\/\/simfoniya.az\/ru\/wp-json\/wp\/v2\/category_2?post=18720"},{"taxonomy":"catergory_brand","embeddable":true,"href":"https:\/\/simfoniya.az\/ru\/wp-json\/wp\/v2\/catergory_brand?post=18720"}],"curies":[{"name":"WP","href":"https:\/\/api.w.org\/{rel}","templated":true}]}}