{"id":18747,"date":"2024-06-01T12:33:05","date_gmt":"2024-06-01T12:33:05","guid":{"rendered":"https:\/\/simfoniya.az\/product\/grand-sy10031-d-firasi-qabi-mat-stkan\/"},"modified":"2024-10-07T11:58:41","modified_gmt":"2024-10-07T11:58:41","slug":"grand-sy10031-d-firasi-qabi-mat-stkan","status":"publish","type":"product","link":"https:\/\/simfoniya.az\/ru\/product\/grand-sy10031-d-firasi-qabi-mat-stkan\/","title":{"rendered":"\u0413\u0440\u0430\u043d\u0434 \/ \u0414\u0435\u0440\u0436\u0430\u0442\u0435\u043b\u044c \u0434\u043b\u044f \u0437\u0443\u0431\u043d\u044b\u0445 \u0449\u0435\u0442\u043e\u043a"},"content":{"rendered":"<div class=\"flex max-w-full flex-col flex-grow\">\n<div class=\"min-h-8 text-message flex w-full flex-col items-end gap-2 whitespace-normal break-words [.text-message+&amp;]:mt-5\" dir=\"auto\" data-message-author-role=\"assistant\" data-message-id=\"4cf9ab2e-b5cc-4854-a3c5-738e1f5f424d\">\n<div class=\"flex w-full flex-col gap-1 empty:hidden first:pt-[3px]\">\n<div class=\"markdown prose w-full break-words dark:prose-invert light\">\n<p>Bu parlaq g\u00fcm\u00fc\u015f r\u0259ngli di\u015f f\u0131r\u00e7as\u0131 tutucusu, \u015f\u0259ffaf \u015f\u00fc\u015f\u0259 qab\u0131 il\u0259 b\u0259z\u0259dilmi\u015fdir. Onun m\u00fcasir v\u0259 s\u0259liq\u0259li dizayn\u0131, hamam ota\u011f\u0131n\u0131za z\u0259riflik v\u0259 funksionall\u0131q \u0259lav\u0259 ed\u0259r. H\u0259m d\u0259 di\u015f f\u0131r\u00e7as\u0131n\u0131 v\u0259 ya dig\u0259r hamam l\u0259vazimatlar\u0131n\u0131 saxlamaq \u00fc\u00e7\u00fcn \u0259lveri\u015flidir.<\/p>\n<\/div>\n<\/div>\n<\/div>\n<\/div>\n<div class=\"mb-2 flex gap-3 empty:hidden -ml-2\">\n<div class=\"items-center justify-start rounded-xl p-1 flex\">\n<div class=\"flex items-center\"><button class=\"rounded-lg text-token-text-secondary hover:bg-token-main-surface-secondary\" aria-label=\"Read aloud\" data-testid=\"voice-play-turn-action-button\"><\/button><button class=\"rounded-lg text-token-text-secondary hover:bg-token-main-surface-secondary\" aria-label=\"\u041a\u043e\u043f\u0438\u0440\u043e\u0432\u0430\u0442\u044c\" data-testid=\"copy-turn-action-button\"><\/button><\/p>\n<div class=\"flex\"><\/div>\n<div class=\"flex items-center pb-0\"><\/div>\n<\/div>\n<\/div>\n<\/div>\n","protected":false},"excerpt":{"rendered":"<p>\u042d\u0442\u0430 \u0431\u043b\u0435\u0441\u0442\u044f\u0449\u0430\u044f \u0441\u0435\u0440\u0435\u0431\u0440\u044f\u043d\u0430\u044f \u043f\u043e\u0434\u0441\u0442\u0430\u0432\u043a\u0430 \u0434\u043b\u044f \u0437\u0443\u0431\u043d\u044b\u0445 \u0449\u0435\u0442\u043e\u043a \u0443\u043a\u0440\u0430\u0448\u0435\u043d\u0430 \u043f\u0440\u043e\u0437\u0440\u0430\u0447\u043d\u044b\u043c \u0441\u0442\u0435\u043a\u043b\u044f\u043d\u043d\u044b\u043c \u0444\u0443\u0442\u043b\u044f\u0440\u043e\u043c. \u0415\u0433\u043e \u0441\u043e\u0432\u0440\u0435\u043c\u0435\u043d\u043d\u044b\u0439 \u0438 \u044d\u043b\u0435\u0433\u0430\u043d\u0442\u043d\u044b\u0439 \u0434\u0438\u0437\u0430\u0439\u043d \u0434\u043e\u0431\u0430\u0432\u0438\u0442 \u044d\u043b\u0435\u0433\u0430\u043d\u0442\u043d\u043e\u0441\u0442\u0438 \u0438 \u0444\u0443\u043d\u043a\u0446\u0438\u043e\u043d\u0430\u043b\u044c\u043d\u043e\u0441\u0442\u0438 \u0432\u0430\u0448\u0435\u0439 \u0432\u0430\u043d\u043d\u043e\u0439 \u043a\u043e\u043c\u043d\u0430\u0442\u0435. \u0422\u0430\u043a\u0436\u0435 \u0443\u0434\u043e\u0431\u043d\u043e \u0445\u0440\u0430\u043d\u0438\u0442\u044c \u0437\u0443\u0431\u043d\u0443\u044e \u0449\u0435\u0442\u043a\u0443 \u0438\u043b\u0438 \u0434\u0440\u0443\u0433\u0438\u0435 \u0430\u043a\u0441\u0435\u0441\u0441\u0443\u0430\u0440\u044b \u0434\u043b\u044f \u0432\u0430\u043d\u043d\u043e\u0439 \u043a\u043e\u043c\u043d\u0430\u0442\u044b.<\/p>","protected":false},"featured_media":18746,"comment_status":"closed","ping_status":"closed","template":"","meta":[],"product_brand":[],"product_cat":[76],"product_tag":[],"collection":[],"brand":[],"category_2":[],"catergory_brand":[],"class_list":{"0":"post-18747","1":"product","2":"type-product","3":"status-publish","4":"has-post-thumbnail","6":"product_cat-all","8":"first","9":"instock","10":"shipping-taxable","11":"product-type-simple"},"_links":{"self":[{"href":"https:\/\/simfoniya.az\/ru\/wp-json\/wp\/v2\/product\/18747","targetHints":{"allow":["GET"]}}],"collection":[{"href":"https:\/\/simfoniya.az\/ru\/wp-json\/wp\/v2\/product"}],"about":[{"href":"https:\/\/simfoniya.az\/ru\/wp-json\/wp\/v2\/types\/product"}],"replies":[{"embeddable":true,"href":"https:\/\/simfoniya.az\/ru\/wp-json\/wp\/v2\/comments?post=18747"}],"wp:featuredmedia":[{"embeddable":true,"href":"https:\/\/simfoniya.az\/ru\/wp-json\/wp\/v2\/media\/18746"}],"wp:attachment":[{"href":"https:\/\/simfoniya.az\/ru\/wp-json\/wp\/v2\/media?parent=18747"}],"wp:term":[{"taxonomy":"product_brand","embeddable":true,"href":"https:\/\/simfoniya.az\/ru\/wp-json\/wp\/v2\/product_brand?post=18747"},{"taxonomy":"product_cat","embeddable":true,"href":"https:\/\/simfoniya.az\/ru\/wp-json\/wp\/v2\/product_cat?post=18747"},{"taxonomy":"product_tag","embeddable":true,"href":"https:\/\/simfoniya.az\/ru\/wp-json\/wp\/v2\/product_tag?post=18747"},{"taxonomy":"collection","embeddable":true,"href":"https:\/\/simfoniya.az\/ru\/wp-json\/wp\/v2\/collection?post=18747"},{"taxonomy":"brand","embeddable":true,"href":"https:\/\/simfoniya.az\/ru\/wp-json\/wp\/v2\/brand?post=18747"},{"taxonomy":"category_2","embeddable":true,"href":"https:\/\/simfoniya.az\/ru\/wp-json\/wp\/v2\/category_2?post=18747"},{"taxonomy":"catergory_brand","embeddable":true,"href":"https:\/\/simfoniya.az\/ru\/wp-json\/wp\/v2\/catergory_brand?post=18747"}],"curies":[{"name":"WP","href":"https:\/\/api.w.org\/{rel}","templated":true}]}}