{"id":18792,"date":"2024-06-01T12:34:31","date_gmt":"2024-06-01T12:34:31","guid":{"rendered":"https:\/\/simfoniya.az\/product\/nsmad-kl-qarmaq-2\/"},"modified":"2024-10-07T11:30:19","modified_gmt":"2024-10-07T11:30:19","slug":"nsmad-kl-qarmaq-2","status":"publish","type":"product","link":"https:\/\/simfoniya.az\/ru\/product\/nsmad-kl-qarmaq-2\/","title":{"rendered":"\u041d\u0438\u0441\u043c\u0430\u0434 \/ \u041f\u043e\u0432\u0435\u0448\u0435\u043d\u0438\u0435"},"content":{"rendered":"<div class=\"flex max-w-full flex-col flex-grow\">\n<div class=\"min-h-8 text-message flex w-full flex-col items-end gap-2 whitespace-normal break-words [.text-message+&amp;]:mt-5\" dir=\"auto\" data-message-author-role=\"assistant\" data-message-id=\"c813e845-382d-48e0-b371-431c7d53c4b3\">\n<div class=\"flex w-full flex-col gap-1 empty:hidden first:pt-[3px]\">\n<div class=\"markdown prose w-full break-words dark:prose-invert light\">\n<p>Bu, divara qura\u015fd\u0131r\u0131lan, metal asq\u0131d\u0131r. Geyiml\u0259r, xalatlar v\u0259 ya d\u0259smallar asmaq \u00fc\u00e7\u00fcn n\u0259z\u0259rd\u0259 tutulmu\u015fdur. Q\u0131z\u0131l r\u0259ngli x\u00fcsusi metal \u00f6rt\u00fcy\u00fc il\u0259 m\u00fcasir v\u0259 \u015f\u0131x g\u00f6r\u00fcn\u00fc\u015f\u0259 malikdir. S\u0259liq\u0259li v\u0259 praktik dizayn\u0131 il\u0259, h\u0259r hans\u0131 banyo interyerin\u0259 uy\u011fun g\u0259lir.<\/p>\n<\/div>\n<\/div>\n<\/div>\n<\/div>\n<div class=\"mb-2 flex gap-3 empty:hidden -ml-2\">\n<div class=\"items-center justify-start rounded-xl p-1 flex\">\n<div class=\"flex items-center\"><button class=\"rounded-lg text-token-text-secondary hover:bg-token-main-surface-secondary\" aria-label=\"Read aloud\" data-testid=\"voice-play-turn-action-button\"><\/button><button class=\"rounded-lg text-token-text-secondary hover:bg-token-main-surface-secondary\" aria-label=\"\u041a\u043e\u043f\u0438\u0440\u043e\u0432\u0430\u0442\u044c\" data-testid=\"copy-turn-action-button\"><\/button><\/p>\n<div class=\"flex\"><\/div>\n<div class=\"flex items-center pb-0\"><\/div>\n<\/div>\n<\/div>\n<\/div>\n","protected":false},"excerpt":{"rendered":"<p>\u042d\u0442\u043e \u043d\u0430\u0441\u0442\u0435\u043d\u043d\u0430\u044f \u043c\u0435\u0442\u0430\u043b\u043b\u0438\u0447\u0435\u0441\u043a\u0430\u044f \u0432\u0435\u0448\u0430\u043b\u043a\u0430. \u041f\u0440\u0435\u0434\u043d\u0430\u0437\u043d\u0430\u0447\u0435\u043d \u0434\u043b\u044f \u043f\u043e\u0434\u0432\u0435\u0448\u0438\u0432\u0430\u043d\u0438\u044f \u043e\u0434\u0435\u0436\u0434\u044b, \u0445\u0430\u043b\u0430\u0442\u043e\u0432 \u0438\u043b\u0438 \u043f\u043e\u043b\u043e\u0442\u0435\u043d\u0435\u0446. \u041e\u043d \u0438\u043c\u0435\u0435\u0442 \u0441\u043e\u0432\u0440\u0435\u043c\u0435\u043d\u043d\u044b\u0439 \u0438 \u0441\u0442\u0438\u043b\u044c\u043d\u044b\u0439 \u0432\u0438\u0434 \u0431\u043b\u0430\u0433\u043e\u0434\u0430\u0440\u044f \u0441\u043f\u0435\u0446\u0438\u0430\u043b\u044c\u043d\u043e\u043c\u0443 \u043c\u0435\u0442\u0430\u043b\u043b\u0438\u0447\u0435\u0441\u043a\u043e\u043c\u0443 \u043f\u043e\u043a\u0440\u044b\u0442\u0438\u044e \u0437\u043e\u043b\u043e\u0442\u0438\u0441\u0442\u043e\u0433\u043e \u0446\u0432\u0435\u0442\u0430. \u0411\u043b\u0430\u0433\u043e\u0434\u0430\u0440\u044f \u0430\u043a\u043a\u0443\u0440\u0430\u0442\u043d\u043e\u043c\u0443 \u0438 \u043f\u0440\u0430\u043a\u0442\u0438\u0447\u043d\u043e\u043c\u0443 \u0434\u0438\u0437\u0430\u0439\u043d\u0443 \u043e\u043d \u043f\u043e\u0434\u043e\u0439\u0434\u0435\u0442 \u043a \u043b\u044e\u0431\u043e\u043c\u0443 \u0438\u043d\u0442\u0435\u0440\u044c\u0435\u0440\u0443 \u0432\u0430\u043d\u043d\u043e\u0439 \u043a\u043e\u043c\u043d\u0430\u0442\u044b.<\/p>","protected":false},"featured_media":23101,"comment_status":"closed","ping_status":"closed","template":"","meta":[],"product_brand":[],"product_cat":[1327],"product_tag":[],"collection":[],"brand":[],"category_2":[],"catergory_brand":[],"class_list":{"0":"post-18792","1":"product","2":"type-product","3":"status-publish","4":"has-post-thumbnail","6":"product_cat-hooks-and-hangers","8":"first","9":"instock","10":"shipping-taxable","11":"product-type-simple"},"_links":{"self":[{"href":"https:\/\/simfoniya.az\/ru\/wp-json\/wp\/v2\/product\/18792","targetHints":{"allow":["GET"]}}],"collection":[{"href":"https:\/\/simfoniya.az\/ru\/wp-json\/wp\/v2\/product"}],"about":[{"href":"https:\/\/simfoniya.az\/ru\/wp-json\/wp\/v2\/types\/product"}],"replies":[{"embeddable":true,"href":"https:\/\/simfoniya.az\/ru\/wp-json\/wp\/v2\/comments?post=18792"}],"wp:featuredmedia":[{"embeddable":true,"href":"https:\/\/simfoniya.az\/ru\/wp-json\/wp\/v2\/media\/23101"}],"wp:attachment":[{"href":"https:\/\/simfoniya.az\/ru\/wp-json\/wp\/v2\/media?parent=18792"}],"wp:term":[{"taxonomy":"product_brand","embeddable":true,"href":"https:\/\/simfoniya.az\/ru\/wp-json\/wp\/v2\/product_brand?post=18792"},{"taxonomy":"product_cat","embeddable":true,"href":"https:\/\/simfoniya.az\/ru\/wp-json\/wp\/v2\/product_cat?post=18792"},{"taxonomy":"product_tag","embeddable":true,"href":"https:\/\/simfoniya.az\/ru\/wp-json\/wp\/v2\/product_tag?post=18792"},{"taxonomy":"collection","embeddable":true,"href":"https:\/\/simfoniya.az\/ru\/wp-json\/wp\/v2\/collection?post=18792"},{"taxonomy":"brand","embeddable":true,"href":"https:\/\/simfoniya.az\/ru\/wp-json\/wp\/v2\/brand?post=18792"},{"taxonomy":"category_2","embeddable":true,"href":"https:\/\/simfoniya.az\/ru\/wp-json\/wp\/v2\/category_2?post=18792"},{"taxonomy":"catergory_brand","embeddable":true,"href":"https:\/\/simfoniya.az\/ru\/wp-json\/wp\/v2\/catergory_brand?post=18792"}],"curies":[{"name":"WP","href":"https:\/\/api.w.org\/{rel}","templated":true}]}}