{"id":18844,"date":"2024-06-01T12:35:58","date_gmt":"2024-06-01T12:35:58","guid":{"rendered":"https:\/\/simfoniya.az\/product\/nsmad-tualet-firasi-3\/"},"modified":"2024-10-07T08:38:38","modified_gmt":"2024-10-07T08:38:38","slug":"nsmad-tualet-firasi-3","status":"publish","type":"product","link":"https:\/\/simfoniya.az\/ru\/product\/nsmad-tualet-firasi-3\/","title":{"rendered":"\u041d\u0438\u0441\u043c\u0430\u0434 \/ \u0422\u0443\u0430\u043b\u0435\u0442\u043d\u0430\u044f \u0449\u0435\u0442\u043a\u0430"},"content":{"rendered":"<div class=\"flex max-w-full flex-col flex-grow\">\n<div class=\"min-h-8 text-message flex w-full flex-col items-end gap-2 whitespace-normal break-words [.text-message+&amp;]:mt-5\" dir=\"auto\" data-message-author-role=\"assistant\" data-message-id=\"d8d85271-3de9-4f37-864e-5e68da026cf2\">\n<div class=\"flex w-full flex-col gap-1 empty:hidden first:pt-[3px]\">\n<div class=\"markdown prose w-full break-words dark:prose-invert light\">\n<p>Bu, q\u0131z\u0131l r\u0259ngli metal sapl\u0131 v\u0259 a\u011f seramik qab\u0131 il\u0259 tualet f\u0131r\u00e7as\u0131d\u0131r. Z\u0259rif v\u0259 klassik dizayn\u0131 il\u0259, bu tualet f\u0131r\u00e7as\u0131 vanna otaqlar\u0131na l\u00fcks bir g\u00f6r\u00fcn\u00fc\u015f qatar. Q\u0131z\u0131l sap\u0131 v\u0259 seramik qab\u0131, davaml\u0131l\u0131\u011f\u0131 v\u0259 asan t\u0259mizl\u0259nm\u0259 x\u00fcsusiyy\u0259tl\u0259ri il\u0259 praktik bir \u0259lav\u0259dir.<\/p>\n<\/div>\n<\/div>\n<\/div>\n<\/div>\n<div class=\"mb-2 flex gap-3 empty:hidden -ml-2\">\n<div class=\"items-center justify-start rounded-xl p-1 flex\">\n<div class=\"flex items-center\"><button class=\"rounded-lg text-token-text-secondary hover:bg-token-main-surface-secondary\" aria-label=\"Read aloud\" data-testid=\"voice-play-turn-action-button\"><\/button><button class=\"rounded-lg text-token-text-secondary hover:bg-token-main-surface-secondary\" aria-label=\"\u041a\u043e\u043f\u0438\u0440\u043e\u0432\u0430\u0442\u044c\" data-testid=\"copy-turn-action-button\"><\/button><\/p>\n<div class=\"flex\"><\/div>\n<div class=\"flex items-center pb-0\"><\/div>\n<\/div>\n<\/div>\n<\/div>\n","protected":false},"excerpt":{"rendered":"<p>\u042d\u0442\u043e \u0435\u0440\u0448\u0438\u043a \u0434\u043b\u044f \u0443\u043d\u0438\u0442\u0430\u0437\u0430 \u0441 \u043c\u0435\u0442\u0430\u043b\u043b\u0438\u0447\u0435\u0441\u043a\u043e\u0439 \u0440\u0443\u0447\u043a\u043e\u0439 \u0437\u043e\u043b\u043e\u0442\u043e\u0433\u043e \u0446\u0432\u0435\u0442\u0430 \u0438 \u0431\u0435\u043b\u043e\u0439 \u043a\u0435\u0440\u0430\u043c\u0438\u0447\u0435\u0441\u043a\u043e\u0439 \u0447\u0430\u0448\u0435\u0439. \u0411\u043b\u0430\u0433\u043e\u0434\u0430\u0440\u044f \u044d\u043b\u0435\u0433\u0430\u043d\u0442\u043d\u043e\u043c\u0443 \u043a\u043b\u0430\u0441\u0441\u0438\u0447\u0435\u0441\u043a\u043e\u043c\u0443 \u0434\u0438\u0437\u0430\u0439\u043d\u0443 \u044d\u0442\u043e\u0442 \u0451\u0440\u0448\u0438\u043a \u0434\u043b\u044f \u0443\u043d\u0438\u0442\u0430\u0437\u0430 \u043f\u0440\u0438\u0434\u0430\u0451\u0442 \u0432\u0430\u043d\u043d\u043e\u0439 \u043a\u043e\u043c\u043d\u0430\u0442\u0435 \u0440\u043e\u0441\u043a\u043e\u0448\u043d\u044b\u0439 \u0432\u0438\u0434. \u0417\u043e\u043b\u043e\u0442\u0430\u044f \u0440\u0443\u0447\u043a\u0430 \u0438 \u043a\u0435\u0440\u0430\u043c\u0438\u0447\u0435\u0441\u043a\u0430\u044f \u0447\u0430\u0448\u0430 \u2014 \u043f\u0440\u0430\u043a\u0442\u0438\u0447\u043d\u043e\u0435 \u0434\u043e\u043f\u043e\u043b\u043d\u0435\u043d\u0438\u0435, \u0434\u043e\u043b\u0433\u043e\u0432\u0435\u0447\u043d\u043e\u0435 \u0438 \u043b\u0435\u0433\u043a\u043e \u0447\u0438\u0441\u0442\u044f\u0449\u0435\u0435\u0441\u044f.<\/p>","protected":false},"featured_media":23066,"comment_status":"closed","ping_status":"closed","template":"","meta":[],"product_brand":[],"product_cat":[1444],"product_tag":[],"collection":[],"brand":[],"category_2":[],"catergory_brand":[],"class_list":{"0":"post-18844","1":"product","2":"type-product","3":"status-publish","4":"has-post-thumbnail","6":"product_cat-toilet-brush","8":"first","9":"instock","10":"shipping-taxable","11":"product-type-simple"},"_links":{"self":[{"href":"https:\/\/simfoniya.az\/ru\/wp-json\/wp\/v2\/product\/18844","targetHints":{"allow":["GET"]}}],"collection":[{"href":"https:\/\/simfoniya.az\/ru\/wp-json\/wp\/v2\/product"}],"about":[{"href":"https:\/\/simfoniya.az\/ru\/wp-json\/wp\/v2\/types\/product"}],"replies":[{"embeddable":true,"href":"https:\/\/simfoniya.az\/ru\/wp-json\/wp\/v2\/comments?post=18844"}],"wp:featuredmedia":[{"embeddable":true,"href":"https:\/\/simfoniya.az\/ru\/wp-json\/wp\/v2\/media\/23066"}],"wp:attachment":[{"href":"https:\/\/simfoniya.az\/ru\/wp-json\/wp\/v2\/media?parent=18844"}],"wp:term":[{"taxonomy":"product_brand","embeddable":true,"href":"https:\/\/simfoniya.az\/ru\/wp-json\/wp\/v2\/product_brand?post=18844"},{"taxonomy":"product_cat","embeddable":true,"href":"https:\/\/simfoniya.az\/ru\/wp-json\/wp\/v2\/product_cat?post=18844"},{"taxonomy":"product_tag","embeddable":true,"href":"https:\/\/simfoniya.az\/ru\/wp-json\/wp\/v2\/product_tag?post=18844"},{"taxonomy":"collection","embeddable":true,"href":"https:\/\/simfoniya.az\/ru\/wp-json\/wp\/v2\/collection?post=18844"},{"taxonomy":"brand","embeddable":true,"href":"https:\/\/simfoniya.az\/ru\/wp-json\/wp\/v2\/brand?post=18844"},{"taxonomy":"category_2","embeddable":true,"href":"https:\/\/simfoniya.az\/ru\/wp-json\/wp\/v2\/category_2?post=18844"},{"taxonomy":"catergory_brand","embeddable":true,"href":"https:\/\/simfoniya.az\/ru\/wp-json\/wp\/v2\/catergory_brand?post=18844"}],"curies":[{"name":"WP","href":"https:\/\/api.w.org\/{rel}","templated":true}]}}