{"id":18871,"date":"2024-06-01T12:37:02","date_gmt":"2024-06-01T12:37:02","guid":{"rendered":"https:\/\/simfoniya.az\/product\/frank-hamam-mebeli-1300x520x860-guzgu-1250x900\/"},"modified":"2024-10-07T08:17:15","modified_gmt":"2024-10-07T08:17:15","slug":"frank-hamam-mebeli-1300x520x860-guzgu-1250x900","status":"publish","type":"product","link":"https:\/\/simfoniya.az\/ru\/product\/frank-hamam-mebeli-1300x520x860-guzgu-1250x900\/","title":{"rendered":"\u0424\u0440\u0430\u043d\u043a \/ \u041c\u0435\u0431\u0435\u043b\u044c \u0434\u043b\u044f \u0432\u0430\u043d\u043d\u043e\u0439 \u043a\u043e\u043c\u043d\u0430\u0442\u044b"},"content":{"rendered":"<div class=\"flex max-w-full flex-col flex-grow\">\n<div class=\"min-h-8 text-message flex w-full flex-col items-end gap-2 whitespace-normal break-words [.text-message+&amp;]:mt-5\" dir=\"auto\" data-message-author-role=\"assistant\" data-message-id=\"ed79e32f-e65f-4c2d-a57e-a5ba01b8cd96\">\n<div class=\"flex w-full flex-col gap-1 empty:hidden first:pt-[3px]\">\n<div class=\"markdown prose w-full break-words dark:prose-invert light\">\n<p>Bu, a\u011f r\u0259ngd\u0259 v\u0259 neoklassik dizaynl\u0131 bir sufra masas\u0131d\u0131r. \u0130nc\u0259 oyma detallar\u0131 v\u0259 q\u00f6vs forma aynas\u0131 il\u0259, masada \u00e7\u0259km\u0259c\u0259l\u0259r v\u0259 uy\u011fun oturacaq daxildir. Masan\u0131n \u00fcz\u0259rind\u0259 \u00e7i\u00e7\u0259k v\u0259 kosmetika m\u0259hsullar\u0131 \u00fc\u00e7\u00fcn yer var. Yataq ota\u011f\u0131 v\u0259 ya geyim ota\u011f\u0131 \u00fc\u00e7\u00fcn g\u00f6z\u0259l v\u0259 funksional bir \u0259lav\u0259dir.<\/p>\n<\/div>\n<\/div>\n<\/div>\n<\/div>\n<div class=\"mb-2 flex gap-3 empty:hidden -ml-2\">\n<div class=\"items-center justify-start rounded-xl p-1 flex\">\n<div class=\"flex items-center\">\n<p>&nbsp;<\/p>\n<div class=\"flex\"><\/div>\n<div class=\"flex items-center pb-0\"><\/div>\n<\/div>\n<\/div>\n<\/div>\n","protected":false},"excerpt":{"rendered":"<p>\u042d\u0442\u043e \u043e\u0431\u0435\u0434\u0435\u043d\u043d\u044b\u0439 \u0441\u0442\u043e\u043b \u0431\u0435\u043b\u043e\u0433\u043e \u0446\u0432\u0435\u0442\u0430 \u0438 \u043d\u0435\u043e\u043a\u043b\u0430\u0441\u0441\u0438\u0447\u0435\u0441\u043a\u043e\u0433\u043e \u0434\u0438\u0437\u0430\u0439\u043d\u0430. \u0421\u0442\u043e\u043b \u0441 \u0438\u0437\u044f\u0449\u043d\u044b\u043c\u0438 \u0440\u0435\u0437\u043d\u044b\u043c\u0438 \u0434\u0435\u0442\u0430\u043b\u044f\u043c\u0438 \u0438 \u0430\u0440\u043e\u0447\u043d\u044b\u043c \u0437\u0435\u0440\u043a\u0430\u043b\u043e\u043c \u043e\u0441\u043d\u0430\u0449\u0435\u043d \u0432\u044b\u0434\u0432\u0438\u0436\u043d\u044b\u043c\u0438 \u044f\u0449\u0438\u043a\u0430\u043c\u0438 \u0438 \u043f\u043e\u0434\u0445\u043e\u0434\u044f\u0449\u0438\u043c \u0441\u0438\u0434\u0435\u043d\u044c\u0435\u043c. \u041d\u0430 \u0441\u0442\u043e\u043b\u0435 \u043d\u0430\u0439\u0434\u0435\u0442\u0441\u044f \u043c\u0435\u0441\u0442\u043e \u0434\u043b\u044f \u0446\u0432\u0435\u0442\u043e\u0432 \u0438 \u043a\u043e\u0441\u043c\u0435\u0442\u0438\u043a\u0438. \u042d\u0442\u043e \u043a\u0440\u0430\u0441\u0438\u0432\u043e\u0435 \u0438 \u0444\u0443\u043d\u043a\u0446\u0438\u043e\u043d\u0430\u043b\u044c\u043d\u043e\u0435 \u0434\u043e\u043f\u043e\u043b\u043d\u0435\u043d\u0438\u0435 \u0441\u043f\u0430\u043b\u044c\u043d\u0438 \u0438\u043b\u0438 \u0433\u0430\u0440\u0434\u0435\u0440\u043e\u0431\u043d\u043e\u0439. &nbsp;<\/p>","protected":false},"featured_media":20405,"comment_status":"closed","ping_status":"closed","template":"","meta":[],"product_brand":[],"product_cat":[76],"product_tag":[],"collection":[],"brand":[],"category_2":[],"catergory_brand":[],"class_list":{"0":"post-18871","1":"product","2":"type-product","3":"status-publish","4":"has-post-thumbnail","6":"product_cat-all","8":"first","9":"instock","10":"shipping-taxable","11":"product-type-simple"},"_links":{"self":[{"href":"https:\/\/simfoniya.az\/ru\/wp-json\/wp\/v2\/product\/18871","targetHints":{"allow":["GET"]}}],"collection":[{"href":"https:\/\/simfoniya.az\/ru\/wp-json\/wp\/v2\/product"}],"about":[{"href":"https:\/\/simfoniya.az\/ru\/wp-json\/wp\/v2\/types\/product"}],"replies":[{"embeddable":true,"href":"https:\/\/simfoniya.az\/ru\/wp-json\/wp\/v2\/comments?post=18871"}],"wp:featuredmedia":[{"embeddable":true,"href":"https:\/\/simfoniya.az\/ru\/wp-json\/wp\/v2\/media\/20405"}],"wp:attachment":[{"href":"https:\/\/simfoniya.az\/ru\/wp-json\/wp\/v2\/media?parent=18871"}],"wp:term":[{"taxonomy":"product_brand","embeddable":true,"href":"https:\/\/simfoniya.az\/ru\/wp-json\/wp\/v2\/product_brand?post=18871"},{"taxonomy":"product_cat","embeddable":true,"href":"https:\/\/simfoniya.az\/ru\/wp-json\/wp\/v2\/product_cat?post=18871"},{"taxonomy":"product_tag","embeddable":true,"href":"https:\/\/simfoniya.az\/ru\/wp-json\/wp\/v2\/product_tag?post=18871"},{"taxonomy":"collection","embeddable":true,"href":"https:\/\/simfoniya.az\/ru\/wp-json\/wp\/v2\/collection?post=18871"},{"taxonomy":"brand","embeddable":true,"href":"https:\/\/simfoniya.az\/ru\/wp-json\/wp\/v2\/brand?post=18871"},{"taxonomy":"category_2","embeddable":true,"href":"https:\/\/simfoniya.az\/ru\/wp-json\/wp\/v2\/category_2?post=18871"},{"taxonomy":"catergory_brand","embeddable":true,"href":"https:\/\/simfoniya.az\/ru\/wp-json\/wp\/v2\/catergory_brand?post=18871"}],"curies":[{"name":"WP","href":"https:\/\/api.w.org\/{rel}","templated":true}]}}