{"id":18873,"date":"2024-06-01T12:37:03","date_gmt":"2024-06-01T12:37:03","guid":{"rendered":"https:\/\/simfoniya.az\/product\/frank-hamam-mebeli-2000x600x860-guzgu-1650x1250\/"},"modified":"2024-10-07T08:13:26","modified_gmt":"2024-10-07T08:13:26","slug":"frank-hamam-mebeli-2000x600x860-guzgu-1650x1250","status":"publish","type":"product","link":"https:\/\/simfoniya.az\/ru\/product\/frank-hamam-mebeli-2000x600x860-guzgu-1650x1250\/","title":{"rendered":"\u0424\u0440\u0430\u043d\u043a \/ \u041c\u0435\u0431\u0435\u043b\u044c \u0434\u043b\u044f \u0432\u0430\u043d\u043d\u043e\u0439 \u043a\u043e\u043c\u043d\u0430\u0442\u044b"},"content":{"rendered":"<div class=\"flex-1 overflow-hidden\">\n<div class=\"h-full\">\n<div class=\"react-scroll-to-bottom--css-xuiem-79elbk h-full\">\n<div class=\"react-scroll-to-bottom--css-xuiem-1n7m0yu\">\n<div class=\"flex flex-col text-sm md:pb-9\">\n<article class=\"w-full text-token-text-primary focus-visible:outline-2 focus-visible:outline-offset-[-4px]\" dir=\"auto\" data-testid=\"conversation-turn-165\" data-scroll-anchor=\"true\">\n<div class=\"text-base py-[18px] px-3 md:px-4 m-auto w-full md:px-5 lg:px-4 xl:px-5\">\n<div class=\"mx-auto flex flex-1 gap-4 text-base md:gap-5 lg:gap-6 md:max-w-3xl lg:max-w-[40rem] xl:max-w-[48rem]\">\n<div class=\"group\/conversation-turn relative flex w-full min-w-0 flex-col agent-turn\">\n<div class=\"flex-col gap-1 md:gap-3\">\n<div class=\"flex max-w-full flex-col flex-grow\">\n<div class=\"min-h-8 text-message flex w-full flex-col items-end gap-2 whitespace-normal break-words [.text-message+&amp;]:mt-5\" dir=\"auto\" data-message-author-role=\"assistant\" data-message-id=\"9274c4b5-5923-4df2-8b3d-76ba82e32bf5\">\n<div class=\"flex w-full flex-col gap-1 empty:hidden first:pt-[3px]\">\n<div class=\"markdown prose w-full break-words dark:prose-invert light\">\n<p>Bu, antik g\u00fcm\u00fc\u015f r\u0259ngind\u0259 v\u0259 a\u011f\u0131r oyma detallar\u0131na malik klassik konsol masas\u0131d\u0131r. Z\u0259rif g\u00fcl nax\u0131\u015flar\u0131 v\u0259 \u0259yilmi\u015f ayaqlar\u0131 il\u0259, bu masada \u00e7\u0259km\u0259c\u0259 v\u0259 dolab qap\u0131lar\u0131 geni\u015f saxlama imkan\u0131 t\u0259klif edir. Qonaq ota\u011f\u0131, yem\u0259k ota\u011f\u0131 v\u0259 ya koridor \u00fc\u00e7\u00fcn ideal, hem estetik, hem de fonksiyonel bir \u0259lav\u0259dir.<\/p>\n<\/div>\n<\/div>\n<\/div>\n<\/div>\n<div class=\"mb-2 flex gap-3 empty:hidden -ml-2\">\n<div class=\"items-center justify-start rounded-xl p-1 flex\"><\/div>\n<\/div>\n<\/div>\n<\/div>\n<\/div>\n<\/div>\n<\/article>\n<\/div>\n<\/div>\n<\/div>\n<\/div>\n<\/div>\n<div class=\"md:pt-0 dark:border-white\/20 md:border-transparent md:dark:border-transparent w-full\">\n<div class=\"\">\n<div class=\"text-base px-3 md:px-4 m-auto w-full md:px-5 lg:px-4 xl:px-5\">\n<div class=\"mx-auto flex flex-1 gap-4 text-base md:gap-5 lg:gap-6 md:max-w-3xl lg:max-w-[40rem] xl:max-w-[48rem]\">\n<form class=\"w-full\" aria-haspopup=\"dialog\" aria-expanded=\"false\" aria-controls=\"radix-:rl3:\" data-state=\"closed\">\n<div class=\"relative flex h-full max-w-full flex-1 flex-col\">\n<div class=\"group relative flex w-full items-center\">\n<div class=\"flex w-full flex-col gap-1.5 rounded-[26px] p-1.5 transition-colors bg-[#f4f4f4] dark:bg-token-main-surface-secondary\">\n<div class=\"flex items-end gap-1.5 pl-4 md:gap-2\">\n<div class=\"-ml-2.5 flex\">\n<div class=\"relative\">\n<div class=\"relative\">\n<div class=\"flex flex-col\"><\/div>\n<\/div>\n<\/div>\n<\/div>\n<div class=\"flex min-w-0 flex-1 flex-col\">\n<div class=\"_prosemirror-parent_15ceg_1 text-token-text-primary max-h-[25dvh] max-h-52 overflow-auto default-browser\">\n<div id=\"prompt-textarea\" class=\"ProseMirror\" contenteditable=\"true\" translate=\"no\"><\/div>\n<\/div>\n<\/div>\n<\/div>\n<\/div>\n<\/div>\n<\/div>\n<\/form>\n<\/div>\n<\/div>\n<\/div>\n<\/div>\n","protected":false},"excerpt":{"rendered":"<p>\u042d\u0442\u043e \u043a\u043b\u0430\u0441\u0441\u0438\u0447\u0435\u0441\u043a\u0438\u0439 \u043a\u043e\u043d\u0441\u043e\u043b\u044c\u043d\u044b\u0439 \u0441\u0442\u043e\u043b\u0438\u043a \u0441 \u043e\u0442\u0434\u0435\u043b\u043a\u043e\u0439 \u043f\u043e\u0434 \u0441\u0442\u0430\u0440\u0438\u043d\u043d\u043e\u0435 \u0441\u0435\u0440\u0435\u0431\u0440\u043e \u0438 \u0442\u044f\u0436\u0435\u043b\u044b\u043c\u0438 \u0440\u0435\u0437\u043d\u044b\u043c\u0438 \u0434\u0435\u0442\u0430\u043b\u044f\u043c\u0438. \u042d\u0442\u043e\u0442 \u0441\u0442\u043e\u043b \u0441 \u043d\u0435\u0436\u043d\u044b\u043c\u0438 \u0446\u0432\u0435\u0442\u043e\u0447\u043d\u044b\u043c\u0438 \u0443\u0437\u043e\u0440\u0430\u043c\u0438 \u0438 \u0438\u0437\u043e\u0433\u043d\u0443\u0442\u044b\u043c\u0438 \u043d\u043e\u0436\u043a\u0430\u043c\u0438 \u043e\u0441\u043d\u0430\u0449\u0435\u043d \u044f\u0449\u0438\u043a\u0430\u043c\u0438 \u0438 \u0434\u0432\u0435\u0440\u0446\u0430\u043c\u0438 \u0448\u043a\u0430\u0444\u0430, \u043a\u043e\u0442\u043e\u0440\u044b\u0435 \u043e\u0431\u0435\u0441\u043f\u0435\u0447\u0438\u0432\u0430\u044e\u0442 \u0434\u043e\u0441\u0442\u0430\u0442\u043e\u0447\u043d\u043e \u043c\u0435\u0441\u0442\u0430 \u0434\u043b\u044f \u0445\u0440\u0430\u043d\u0435\u043d\u0438\u044f \u0432\u0435\u0449\u0435\u0439. \u042d\u0442\u043e \u0438\u0434\u0435\u0430\u043b\u044c\u043d\u043e\u0435 \u0434\u043e\u043f\u043e\u043b\u043d\u0435\u043d\u0438\u0435 \u043a \u0433\u043e\u0441\u0442\u0438\u043d\u043e\u0439, \u0441\u0442\u043e\u043b\u043e\u0432\u043e\u0439 \u0438\u043b\u0438 \u043f\u0440\u0438\u0445\u043e\u0436\u0435\u0439, \u043a\u0430\u043a \u044d\u0441\u0442\u0435\u0442\u0438\u0447\u043d\u043e\u0435, \u0442\u0430\u043a \u0438 \u0444\u0443\u043d\u043a\u0446\u0438\u043e\u043d\u0430\u043b\u044c\u043d\u043e\u0435.<\/p>","protected":false},"featured_media":18872,"comment_status":"closed","ping_status":"closed","template":"","meta":[],"product_brand":[],"product_cat":[76],"product_tag":[],"collection":[],"brand":[],"category_2":[],"catergory_brand":[],"class_list":{"0":"post-18873","1":"product","2":"type-product","3":"status-publish","4":"has-post-thumbnail","6":"product_cat-all","8":"first","9":"instock","10":"shipping-taxable","11":"product-type-simple"},"_links":{"self":[{"href":"https:\/\/simfoniya.az\/ru\/wp-json\/wp\/v2\/product\/18873","targetHints":{"allow":["GET"]}}],"collection":[{"href":"https:\/\/simfoniya.az\/ru\/wp-json\/wp\/v2\/product"}],"about":[{"href":"https:\/\/simfoniya.az\/ru\/wp-json\/wp\/v2\/types\/product"}],"replies":[{"embeddable":true,"href":"https:\/\/simfoniya.az\/ru\/wp-json\/wp\/v2\/comments?post=18873"}],"wp:featuredmedia":[{"embeddable":true,"href":"https:\/\/simfoniya.az\/ru\/wp-json\/wp\/v2\/media\/18872"}],"wp:attachment":[{"href":"https:\/\/simfoniya.az\/ru\/wp-json\/wp\/v2\/media?parent=18873"}],"wp:term":[{"taxonomy":"product_brand","embeddable":true,"href":"https:\/\/simfoniya.az\/ru\/wp-json\/wp\/v2\/product_brand?post=18873"},{"taxonomy":"product_cat","embeddable":true,"href":"https:\/\/simfoniya.az\/ru\/wp-json\/wp\/v2\/product_cat?post=18873"},{"taxonomy":"product_tag","embeddable":true,"href":"https:\/\/simfoniya.az\/ru\/wp-json\/wp\/v2\/product_tag?post=18873"},{"taxonomy":"collection","embeddable":true,"href":"https:\/\/simfoniya.az\/ru\/wp-json\/wp\/v2\/collection?post=18873"},{"taxonomy":"brand","embeddable":true,"href":"https:\/\/simfoniya.az\/ru\/wp-json\/wp\/v2\/brand?post=18873"},{"taxonomy":"category_2","embeddable":true,"href":"https:\/\/simfoniya.az\/ru\/wp-json\/wp\/v2\/category_2?post=18873"},{"taxonomy":"catergory_brand","embeddable":true,"href":"https:\/\/simfoniya.az\/ru\/wp-json\/wp\/v2\/catergory_brand?post=18873"}],"curies":[{"name":"WP","href":"https:\/\/api.w.org\/{rel}","templated":true}]}}