{"id":18877,"date":"2024-06-01T12:37:12","date_gmt":"2024-06-01T12:37:12","guid":{"rendered":"https:\/\/simfoniya.az\/product\/frank-dus-kabina-left-higned-door-1500x900x1900\/"},"modified":"2024-10-07T07:55:49","modified_gmt":"2024-10-07T07:55:49","slug":"frank-dus-kabina-left-higned-door-1500x900x1900","status":"publish","type":"product","link":"https:\/\/simfoniya.az\/ru\/product\/frank-dus-kabina-left-higned-door-1500x900x1900\/","title":{"rendered":"\u0424\u0430\u043d\u043a \/ \u0414\u0443\u0448\u0435\u0432\u0430\u044f \u043a\u0430\u0431\u0438\u043d\u0430"},"content":{"rendered":"<div class=\"flex max-w-full flex-col flex-grow\">\n<div class=\"min-h-8 text-message flex w-full flex-col items-end gap-2 whitespace-normal break-words [.text-message+&amp;]:mt-5\" dir=\"auto\" data-message-author-role=\"assistant\" data-message-id=\"8caabfa6-0e49-40f6-a716-a1649933b9c7\">\n<div class=\"flex w-full flex-col gap-1 empty:hidden first:pt-[3px]\">\n<div class=\"markdown prose w-full break-words dark:prose-invert light\">\n<p>Bu, z\u0259rif nax\u0131\u015flarla b\u0259z\u0259dilmi\u015f v\u0259 q\u0131z\u0131l detallarla z\u0259nginl\u0259\u015fdirilmi\u015f dair\u0259vi du\u015f kabinas\u0131d\u0131r. \u015e\u00fc\u015f\u0259 \u00fcz\u0259rind\u0259ki inc\u0259 nax\u0131\u015flar v\u0259 q\u0131z\u0131l \u00e7\u0259r\u00e7iv\u0259l\u0259r kabinaya l\u00fcks v\u0259 g\u00f6z\u0259llik qat\u0131r. Bu du\u015f kabinas\u0131, h\u0259r hans\u0131 m\u00fcasir v\u0259 ya klassik vanna ota\u011f\u0131nda estetik bir m\u0259rk\u0259z n\u00f6qt\u0259si yarad\u0131r, eyni zamanda praktik v\u0259 davaml\u0131 istifad\u0259 t\u0259klif edir.<\/p>\n<\/div>\n<\/div>\n<\/div>\n<\/div>\n<div class=\"mb-2 flex gap-3 empty:hidden -ml-2\">\n<div class=\"items-center justify-start rounded-xl p-1 flex\">\n<div class=\"flex items-center justify-center rounded-lg text-token-text-secondary\">\n<p>&nbsp;<\/p>\n<div class=\"px-0.5 text-sm font-semibold tabular-nums\"><\/div>\n<\/div>\n<\/div>\n<\/div>\n","protected":false},"excerpt":{"rendered":"<p>\u042d\u0442\u043e \u043a\u0440\u0443\u0433\u043b\u0430\u044f \u0434\u0443\u0448\u0435\u0432\u0430\u044f \u043a\u0430\u0431\u0438\u043d\u0430, \u0443\u043a\u0440\u0430\u0448\u0435\u043d\u043d\u0430\u044f \u0438\u0437\u044f\u0449\u043d\u044b\u043c\u0438 \u0443\u0437\u043e\u0440\u0430\u043c\u0438 \u0438 \u0434\u043e\u043f\u043e\u043b\u043d\u0435\u043d\u043d\u0430\u044f \u0437\u043e\u043b\u043e\u0442\u044b\u043c\u0438 \u0434\u0435\u0442\u0430\u043b\u044f\u043c\u0438. \u0418\u0437\u044f\u0449\u043d\u044b\u0435 \u0443\u0437\u043e\u0440\u044b \u043d\u0430 \u0441\u0442\u0435\u043a\u043b\u0435 \u0438 \u0437\u043e\u043b\u043e\u0442\u044b\u0435 \u0440\u0430\u043c\u044b \u0434\u043e\u0431\u0430\u0432\u043b\u044f\u044e\u0442 \u0441\u0430\u043b\u043e\u043d\u0443 \u0440\u043e\u0441\u043a\u043e\u0448\u0438 \u0438 \u043a\u0440\u0430\u0441\u043e\u0442\u044b. \u042d\u0442\u0430 \u0434\u0443\u0448\u0435\u0432\u0430\u044f \u043a\u0430\u0431\u0438\u043d\u0430 \u0441\u043e\u0437\u0434\u0430\u0435\u0442 \u044d\u0441\u0442\u0435\u0442\u0438\u0447\u0435\u0441\u043a\u0438\u0439 \u0430\u043a\u0446\u0435\u043d\u0442 \u0432 \u043b\u044e\u0431\u043e\u0439 \u0441\u043e\u0432\u0440\u0435\u043c\u0435\u043d\u043d\u043e\u0439 \u0438\u043b\u0438 \u043a\u043b\u0430\u0441\u0441\u0438\u0447\u0435\u0441\u043a\u043e\u0439 \u0432\u0430\u043d\u043d\u043e\u0439 \u043a\u043e\u043c\u043d\u0430\u0442\u0435, \u043e\u0431\u0435\u0441\u043f\u0435\u0447\u0438\u0432\u0430\u044f \u043f\u0440\u0438 \u044d\u0442\u043e\u043c \u043f\u0440\u0430\u043a\u0442\u0438\u0447\u043d\u043e\u0441\u0442\u044c \u0438 \u0434\u043e\u043b\u0433\u043e\u0432\u0435\u0447\u043d\u043e\u0441\u0442\u044c \u0438\u0441\u043f\u043e\u043b\u044c\u0437\u043e\u0432\u0430\u043d\u0438\u044f. &nbsp;<\/p>","protected":false},"featured_media":23210,"comment_status":"closed","ping_status":"closed","template":"","meta":[],"product_brand":[],"product_cat":[1342],"product_tag":[],"collection":[],"brand":[],"category_2":[],"catergory_brand":[],"class_list":{"0":"post-18877","1":"product","2":"type-product","3":"status-publish","4":"has-post-thumbnail","6":"product_cat-shower-cabinet","8":"first","9":"instock","10":"shipping-taxable","11":"product-type-simple"},"_links":{"self":[{"href":"https:\/\/simfoniya.az\/ru\/wp-json\/wp\/v2\/product\/18877","targetHints":{"allow":["GET"]}}],"collection":[{"href":"https:\/\/simfoniya.az\/ru\/wp-json\/wp\/v2\/product"}],"about":[{"href":"https:\/\/simfoniya.az\/ru\/wp-json\/wp\/v2\/types\/product"}],"replies":[{"embeddable":true,"href":"https:\/\/simfoniya.az\/ru\/wp-json\/wp\/v2\/comments?post=18877"}],"wp:featuredmedia":[{"embeddable":true,"href":"https:\/\/simfoniya.az\/ru\/wp-json\/wp\/v2\/media\/23210"}],"wp:attachment":[{"href":"https:\/\/simfoniya.az\/ru\/wp-json\/wp\/v2\/media?parent=18877"}],"wp:term":[{"taxonomy":"product_brand","embeddable":true,"href":"https:\/\/simfoniya.az\/ru\/wp-json\/wp\/v2\/product_brand?post=18877"},{"taxonomy":"product_cat","embeddable":true,"href":"https:\/\/simfoniya.az\/ru\/wp-json\/wp\/v2\/product_cat?post=18877"},{"taxonomy":"product_tag","embeddable":true,"href":"https:\/\/simfoniya.az\/ru\/wp-json\/wp\/v2\/product_tag?post=18877"},{"taxonomy":"collection","embeddable":true,"href":"https:\/\/simfoniya.az\/ru\/wp-json\/wp\/v2\/collection?post=18877"},{"taxonomy":"brand","embeddable":true,"href":"https:\/\/simfoniya.az\/ru\/wp-json\/wp\/v2\/brand?post=18877"},{"taxonomy":"category_2","embeddable":true,"href":"https:\/\/simfoniya.az\/ru\/wp-json\/wp\/v2\/category_2?post=18877"},{"taxonomy":"catergory_brand","embeddable":true,"href":"https:\/\/simfoniya.az\/ru\/wp-json\/wp\/v2\/catergory_brand?post=18877"}],"curies":[{"name":"WP","href":"https:\/\/api.w.org\/{rel}","templated":true}]}}