{"id":18969,"date":"2024-06-02T05:36:30","date_gmt":"2024-06-02T05:36:30","guid":{"rendered":"https:\/\/simfoniya.az\/product\/gb-comp-one-2401-2-siyirtmeli-mebel-ag-parlaq-105x52x52-komplekt\/"},"modified":"2024-10-07T06:59:50","modified_gmt":"2024-10-07T06:59:50","slug":"gb-comp-one-2401-2-siyirtmeli-mebel-ag-parlaq-105x52x52-komplekt","status":"publish","type":"product","link":"https:\/\/simfoniya.az\/ru\/product\/gb-comp-one-2401-2-siyirtmeli-mebel-ag-parlaq-105x52x52-komplekt\/","title":{"rendered":"Gb Comp \/ \u041c\u0435\u0431\u0435\u043b\u044c \u0434\u043b\u044f \u0432\u0430\u043d\u043d\u043e\u0439 \u043a\u043e\u043c\u043d\u0430\u0442\u044b"},"content":{"rendered":"<div class=\"flex max-w-full flex-col flex-grow\">\n<div class=\"min-h-8 text-message flex w-full flex-col items-end gap-2 whitespace-normal break-words [.text-message+&amp;]:mt-5\" dir=\"auto\" data-message-author-role=\"assistant\" data-message-id=\"fa6983f0-95d8-4796-b2cf-afc30e1daf09\">\n<div class=\"flex w-full flex-col gap-1 empty:hidden first:pt-[3px]\">\n<div class=\"markdown prose w-full break-words dark:prose-invert light\">\n<p>Bu, qaranl\u0131q taxta r\u0259ngind\u0259 m\u00fcasir vanna ota\u011f\u0131 dolab\u0131d\u0131r. Dolab\u0131n t\u0259miz v\u0259 d\u00fcz x\u0259ttli dizayn\u0131 minimalist bir g\u00f6r\u00fcn\u00fc\u015f yarad\u0131r, geni\u015f \u00e7\u0259km\u0259c\u0259l\u0259ri is\u0259 \u00e7oxlu saxlama sah\u0259si t\u0259klif edir. \u00dcst\u00fcnd\u0259ki a\u011f s\u0259th v\u0259 inteqrasiya edilmi\u015f lavabo dolab\u0131n z\u0259rifliyini art\u0131r\u0131r. Bu dolab, m\u00fcasir vanna otaqlar\u0131na \u015f\u0131k v\u0259 funksional bir \u0259lav\u0259dir.<\/p>\n<\/div>\n<\/div>\n<\/div>\n<\/div>\n<div class=\"mb-2 flex gap-3 empty:hidden -ml-2\">\n<div class=\"items-center justify-start rounded-xl p-1 flex\">\n<div class=\"flex items-center\"><button class=\"rounded-lg text-token-text-secondary hover:bg-token-main-surface-secondary\" aria-label=\"Read aloud\" data-testid=\"voice-play-turn-action-button\"><\/button><button class=\"rounded-lg text-token-text-secondary hover:bg-token-main-surface-secondary\" aria-label=\"\u041a\u043e\u043f\u0438\u0440\u043e\u0432\u0430\u0442\u044c\" data-testid=\"copy-turn-action-button\"><\/button><\/p>\n<div class=\"flex\"><\/div>\n<div class=\"flex items-center pb-0\"><\/div>\n<\/div>\n<\/div>\n<\/div>\n","protected":false},"excerpt":{"rendered":"<p>\u042d\u0442\u043e \u0441\u043e\u0432\u0440\u0435\u043c\u0435\u043d\u043d\u044b\u0439 \u0448\u043a\u0430\u0444 \u0434\u043b\u044f \u0432\u0430\u043d\u043d\u043e\u0439 \u043a\u043e\u043c\u043d\u0430\u0442\u044b \u0446\u0432\u0435\u0442\u0430 \u0442\u0435\u043c\u043d\u043e\u0433\u043e \u0434\u0435\u0440\u0435\u0432\u0430. \u0427\u0438\u0441\u0442\u044b\u0439 \u0438 \u043f\u0440\u044f\u043c\u043e\u0439 \u0434\u0438\u0437\u0430\u0439\u043d \u0448\u043a\u0430\u0444\u0430 \u0441\u043e\u0437\u0434\u0430\u0435\u0442 \u043c\u0438\u043d\u0438\u043c\u0430\u043b\u0438\u0441\u0442\u0441\u043a\u0438\u0439 \u0432\u0438\u0434, \u0430 \u0448\u0438\u0440\u043e\u043a\u0438\u0435 \u044f\u0449\u0438\u043a\u0438 \u043e\u0431\u0435\u0441\u043f\u0435\u0447\u0438\u0432\u0430\u044e\u0442 \u0434\u043e\u0441\u0442\u0430\u0442\u043e\u0447\u043d\u043e \u043c\u0435\u0441\u0442\u0430 \u0434\u043b\u044f \u0445\u0440\u0430\u043d\u0435\u043d\u0438\u044f \u0432\u0435\u0449\u0435\u0439. \u0411\u0435\u043b\u0430\u044f \u043f\u043e\u0432\u0435\u0440\u0445\u043d\u043e\u0441\u0442\u044c \u0441\u0432\u0435\u0440\u0445\u0443 \u0438 \u0432\u0441\u0442\u0440\u043e\u0435\u043d\u043d\u0430\u044f \u0440\u0430\u043a\u043e\u0432\u0438\u043d\u0430 \u043f\u043e\u0434\u0447\u0435\u0440\u043a\u0438\u0432\u0430\u044e\u0442 \u044d\u043b\u0435\u0433\u0430\u043d\u0442\u043d\u043e\u0441\u0442\u044c \u0448\u043a\u0430\u0444\u0430. \u042d\u0442\u043e\u0442 \u0448\u043a\u0430\u0444 \u0441\u0442\u0430\u043d\u0435\u0442 \u0441\u0442\u0438\u043b\u044c\u043d\u044b\u043c \u0438 \u0444\u0443\u043d\u043a\u0446\u0438\u043e\u043d\u0430\u043b\u044c\u043d\u044b\u043c \u0434\u043e\u043f\u043e\u043b\u043d\u0435\u043d\u0438\u0435\u043c \u0441\u043e\u0432\u0440\u0435\u043c\u0435\u043d\u043d\u043e\u0439 \u0432\u0430\u043d\u043d\u043e\u0439 \u043a\u043e\u043c\u043d\u0430\u0442\u044b.<\/p>","protected":false},"featured_media":18968,"comment_status":"closed","ping_status":"closed","template":"","meta":[],"product_brand":[],"product_cat":[1506],"product_tag":[],"collection":[],"brand":[1505],"category_2":[],"catergory_brand":[],"class_list":{"0":"post-18969","1":"product","2":"type-product","3":"status-publish","4":"has-post-thumbnail","6":"product_cat-bathroom-vanity","7":"brand-il-tempo","9":"first","10":"instock","11":"shipping-taxable","12":"product-type-simple"},"_links":{"self":[{"href":"https:\/\/simfoniya.az\/ru\/wp-json\/wp\/v2\/product\/18969","targetHints":{"allow":["GET"]}}],"collection":[{"href":"https:\/\/simfoniya.az\/ru\/wp-json\/wp\/v2\/product"}],"about":[{"href":"https:\/\/simfoniya.az\/ru\/wp-json\/wp\/v2\/types\/product"}],"replies":[{"embeddable":true,"href":"https:\/\/simfoniya.az\/ru\/wp-json\/wp\/v2\/comments?post=18969"}],"wp:featuredmedia":[{"embeddable":true,"href":"https:\/\/simfoniya.az\/ru\/wp-json\/wp\/v2\/media\/18968"}],"wp:attachment":[{"href":"https:\/\/simfoniya.az\/ru\/wp-json\/wp\/v2\/media?parent=18969"}],"wp:term":[{"taxonomy":"product_brand","embeddable":true,"href":"https:\/\/simfoniya.az\/ru\/wp-json\/wp\/v2\/product_brand?post=18969"},{"taxonomy":"product_cat","embeddable":true,"href":"https:\/\/simfoniya.az\/ru\/wp-json\/wp\/v2\/product_cat?post=18969"},{"taxonomy":"product_tag","embeddable":true,"href":"https:\/\/simfoniya.az\/ru\/wp-json\/wp\/v2\/product_tag?post=18969"},{"taxonomy":"collection","embeddable":true,"href":"https:\/\/simfoniya.az\/ru\/wp-json\/wp\/v2\/collection?post=18969"},{"taxonomy":"brand","embeddable":true,"href":"https:\/\/simfoniya.az\/ru\/wp-json\/wp\/v2\/brand?post=18969"},{"taxonomy":"category_2","embeddable":true,"href":"https:\/\/simfoniya.az\/ru\/wp-json\/wp\/v2\/category_2?post=18969"},{"taxonomy":"catergory_brand","embeddable":true,"href":"https:\/\/simfoniya.az\/ru\/wp-json\/wp\/v2\/catergory_brand?post=18969"}],"curies":[{"name":"WP","href":"https:\/\/api.w.org\/{rel}","templated":true}]}}