{"id":18972,"date":"2024-06-02T05:36:40","date_gmt":"2024-06-02T05:36:40","guid":{"rendered":"https:\/\/simfoniya.az\/product\/gb-comp-one-25-6345-guzgu-74x94x5-5-gumusu\/"},"modified":"2024-10-07T06:58:57","modified_gmt":"2024-10-07T06:58:57","slug":"gb-comp-one-25-6345-guzgu-74x94x5-5-gumusu","status":"publish","type":"product","link":"https:\/\/simfoniya.az\/ru\/product\/gb-comp-one-25-6345-guzgu-74x94x5-5-gumusu\/","title":{"rendered":"\u0413\u0431 \u041a\u043e\u043c\u043f\/\u0417\u0435\u0440\u043a\u0430\u043b\u043e"},"content":{"rendered":"<div class=\"flex max-w-full flex-col flex-grow\">\n<div class=\"min-h-8 text-message flex w-full flex-col items-end gap-2 whitespace-normal break-words [.text-message+&amp;]:mt-5\" dir=\"auto\" data-message-author-role=\"assistant\" data-message-id=\"271d82d4-ccf2-4e7f-861c-be90f88ab6a3\">\n<div class=\"flex w-full flex-col gap-1 empty:hidden first:pt-[3px]\">\n<div class=\"markdown prose w-full break-words dark:prose-invert light\">\n<p>Bu, m\u00fcasir dizaynl\u0131 i\u015f\u0131ql\u0131 g\u00fczg\u00fcd\u00fcr. \u00dcst hiss\u0259sind\u0259 yerl\u0259\u015f\u0259n uzun LED i\u015f\u0131q x\u0259tti il\u0259, bu g\u00fczg\u00fc yax\u015f\u0131 i\u015f\u0131qland\u0131rma t\u0259min edir v\u0259 vanna ota\u011f\u0131nda h\u0259m faydal\u0131, h\u0259m d\u0259 dekorativ element kimi i\u015fl\u0259yir. Qara fon \u00fcz\u0259rind\u0259 a\u011f \u00e7\u0259r\u00e7iv\u0259si il\u0259 sofistike bir g\u00f6r\u00fcn\u00fc\u015f yarad\u0131r. Bu g\u00fczg\u00fc, m\u00fcasir interyerl\u0259r\u0259 z\u0259riflik \u0259lav\u0259 ed\u0259r.<\/p>\n<\/div>\n<\/div>\n<\/div>\n<\/div>\n<div class=\"mb-2 flex gap-3 empty:hidden -ml-2\">\n<div class=\"items-center justify-start rounded-xl p-1 flex\">\n<div class=\"flex items-center\"><button class=\"rounded-lg text-token-text-secondary hover:bg-token-main-surface-secondary\" aria-label=\"Read aloud\" data-testid=\"voice-play-turn-action-button\"><\/button><button class=\"rounded-lg text-token-text-secondary hover:bg-token-main-surface-secondary\" aria-label=\"\u041a\u043e\u043f\u0438\u0440\u043e\u0432\u0430\u0442\u044c\" data-testid=\"copy-turn-action-button\"><\/button><\/p>\n<div class=\"flex\"><\/div>\n<div class=\"flex items-center pb-0\"><\/div>\n<\/div>\n<\/div>\n<\/div>\n","protected":false},"excerpt":{"rendered":"<p>\u042d\u0442\u043e \u0437\u0435\u0440\u043a\u0430\u043b\u043e \u0441 \u043f\u043e\u0434\u0441\u0432\u0435\u0442\u043a\u043e\u0439 \u0441\u043e\u0432\u0440\u0435\u043c\u0435\u043d\u043d\u043e\u0433\u043e \u0434\u0438\u0437\u0430\u0439\u043d\u0430. \u0417\u0435\u0440\u043a\u0430\u043b\u043e \u0441 \u0434\u043b\u0438\u043d\u043d\u043e\u0439 \u0441\u0432\u0435\u0442\u043e\u0434\u0438\u043e\u0434\u043d\u043e\u0439 \u043f\u043e\u0434\u0441\u0432\u0435\u0442\u043a\u043e\u0439 \u0432\u0432\u0435\u0440\u0445\u0443 \u043e\u0431\u0435\u0441\u043f\u0435\u0447\u0438\u0432\u0430\u0435\u0442 \u0445\u043e\u0440\u043e\u0448\u0435\u0435 \u043e\u0441\u0432\u0435\u0449\u0435\u043d\u0438\u0435 \u0438 \u0441\u043b\u0443\u0436\u0438\u0442 \u043a\u0430\u043a \u043f\u043e\u043b\u0435\u0437\u043d\u044b\u043c, \u0442\u0430\u043a \u0438 \u0434\u0435\u043a\u043e\u0440\u0430\u0442\u0438\u0432\u043d\u044b\u043c \u044d\u043b\u0435\u043c\u0435\u043d\u0442\u043e\u043c \u0432 \u0432\u0430\u043d\u043d\u043e\u0439 \u043a\u043e\u043c\u043d\u0430\u0442\u0435. \u0411\u0435\u043b\u0430\u044f \u0440\u0430\u043c\u043a\u0430 \u043d\u0430 \u0447\u0435\u0440\u043d\u043e\u043c \u0444\u043e\u043d\u0435 \u0441\u043e\u0437\u0434\u0430\u0435\u0442 \u0438\u0437\u044b\u0441\u043a\u0430\u043d\u043d\u044b\u0439 \u0432\u0438\u0434. \u042d\u0442\u043e \u0437\u0435\u0440\u043a\u0430\u043b\u043e \u043f\u0440\u0438\u0434\u0430\u0441\u0442 \u044d\u043b\u0435\u0433\u0430\u043d\u0442\u043d\u043e\u0441\u0442\u044c \u0441\u043e\u0432\u0440\u0435\u043c\u0435\u043d\u043d\u043e\u043c\u0443 \u0438\u043d\u0442\u0435\u0440\u044c\u0435\u0440\u0443.<\/p>","protected":false},"featured_media":18971,"comment_status":"closed","ping_status":"closed","template":"","meta":[],"product_brand":[],"product_cat":[76],"product_tag":[],"collection":[],"brand":[],"category_2":[],"catergory_brand":[],"class_list":{"0":"post-18972","1":"product","2":"type-product","3":"status-publish","4":"has-post-thumbnail","6":"product_cat-all","8":"first","9":"instock","10":"shipping-taxable","11":"product-type-simple"},"_links":{"self":[{"href":"https:\/\/simfoniya.az\/ru\/wp-json\/wp\/v2\/product\/18972","targetHints":{"allow":["GET"]}}],"collection":[{"href":"https:\/\/simfoniya.az\/ru\/wp-json\/wp\/v2\/product"}],"about":[{"href":"https:\/\/simfoniya.az\/ru\/wp-json\/wp\/v2\/types\/product"}],"replies":[{"embeddable":true,"href":"https:\/\/simfoniya.az\/ru\/wp-json\/wp\/v2\/comments?post=18972"}],"wp:featuredmedia":[{"embeddable":true,"href":"https:\/\/simfoniya.az\/ru\/wp-json\/wp\/v2\/media\/18971"}],"wp:attachment":[{"href":"https:\/\/simfoniya.az\/ru\/wp-json\/wp\/v2\/media?parent=18972"}],"wp:term":[{"taxonomy":"product_brand","embeddable":true,"href":"https:\/\/simfoniya.az\/ru\/wp-json\/wp\/v2\/product_brand?post=18972"},{"taxonomy":"product_cat","embeddable":true,"href":"https:\/\/simfoniya.az\/ru\/wp-json\/wp\/v2\/product_cat?post=18972"},{"taxonomy":"product_tag","embeddable":true,"href":"https:\/\/simfoniya.az\/ru\/wp-json\/wp\/v2\/product_tag?post=18972"},{"taxonomy":"collection","embeddable":true,"href":"https:\/\/simfoniya.az\/ru\/wp-json\/wp\/v2\/collection?post=18972"},{"taxonomy":"brand","embeddable":true,"href":"https:\/\/simfoniya.az\/ru\/wp-json\/wp\/v2\/brand?post=18972"},{"taxonomy":"category_2","embeddable":true,"href":"https:\/\/simfoniya.az\/ru\/wp-json\/wp\/v2\/category_2?post=18972"},{"taxonomy":"catergory_brand","embeddable":true,"href":"https:\/\/simfoniya.az\/ru\/wp-json\/wp\/v2\/catergory_brand?post=18972"}],"curies":[{"name":"WP","href":"https:\/\/api.w.org\/{rel}","templated":true}]}}