{"id":18982,"date":"2024-06-02T05:37:02","date_gmt":"2024-06-02T05:37:02","guid":{"rendered":"https:\/\/simfoniya.az\/product\/gb-comp-sahara-08-hamam-mebeli-140x70-komplekt\/"},"modified":"2024-10-07T06:54:37","modified_gmt":"2024-10-07T06:54:37","slug":"gb-comp-sahara-08-hamam-mebeli-140x70-komplekt","status":"publish","type":"product","link":"https:\/\/simfoniya.az\/ru\/product\/gb-comp-sahara-08-hamam-mebeli-140x70-komplekt\/","title":{"rendered":"\u0413\u0411 \u041a\u043e\u043c\u043f \/ \u0413\u043e\u0440\u043e\u0434\u0441\u043a\u043e\u0439"},"content":{"rendered":"<div class=\"flex max-w-full flex-col flex-grow\">\n<div class=\"min-h-8 text-message flex w-full flex-col items-end gap-2 whitespace-normal break-words [.text-message+&amp;]:mt-5\" dir=\"auto\" data-message-author-role=\"assistant\" data-message-id=\"44fd1b07-b7df-4bf6-8247-e3db5137eed6\">\n<div class=\"flex w-full flex-col gap-1 empty:hidden first:pt-[3px]\">\n<div class=\"markdown prose w-full break-words dark:prose-invert light\">\n<p>Bu, m\u00fcasir v\u0259 parlaq dizaynl\u0131 bir vanna ota\u011f\u0131d\u0131r. A\u011f v\u0259 t\u0259miz x\u0259tl\u0259r il\u0259 b\u0259z\u0259dilmi\u015fdir, b\u00f6y\u00fck ayna v\u0259 y\u00fczer dolablar is\u0259 m\u0259kan\u0131 daha geni\u015f v\u0259 i\u015f\u0131ql\u0131 g\u00f6st\u0259rir. Q\u0131rm\u0131z\u0131 aksentli vanna v\u0259 q\u0131rm\u0131z\u0131 kreslo interyera canl\u0131 r\u0259ng qat\u0131r. Otaq, z\u0259rif v\u0259 f\u0259rqli detallarla z\u0259ngindir, h\u0259m rahat, h\u0259m d\u0259 stil sahibidir.<\/p>\n<\/div>\n<\/div>\n<\/div>\n<\/div>\n<div class=\"mb-2 flex gap-3 empty:hidden -ml-2\">\n<div class=\"items-center justify-start rounded-xl p-1 flex\">\n<div class=\"flex items-center\"><button class=\"rounded-lg text-token-text-secondary hover:bg-token-main-surface-secondary\" aria-label=\"Read aloud\" data-testid=\"voice-play-turn-action-button\"><\/button><button class=\"rounded-lg text-token-text-secondary hover:bg-token-main-surface-secondary\" aria-label=\"\u041a\u043e\u043f\u0438\u0440\u043e\u0432\u0430\u0442\u044c\" data-testid=\"copy-turn-action-button\"><\/button><\/p>\n<div class=\"flex\"><\/div>\n<div class=\"flex items-center pb-0\"><\/div>\n<\/div>\n<\/div>\n<\/div>\n","protected":false},"excerpt":{"rendered":"<p>\u042d\u0442\u043e \u0432\u0430\u043d\u043d\u0430\u044f \u043a\u043e\u043c\u043d\u0430\u0442\u0430 \u0441 \u0441\u043e\u0432\u0440\u0435\u043c\u0435\u043d\u043d\u044b\u043c \u0438 \u044f\u0440\u043a\u0438\u043c \u0434\u0438\u0437\u0430\u0439\u043d\u043e\u043c. \u041e\u043d \u043e\u0444\u043e\u0440\u043c\u043b\u0435\u043d \u0431\u0435\u043b\u044b\u043c\u0438 \u0438 \u0447\u0438\u0441\u0442\u044b\u043c\u0438 \u043b\u0438\u043d\u0438\u044f\u043c\u0438, \u0430 \u0431\u043e\u043b\u044c\u0448\u0438\u0435 \u0437\u0435\u0440\u043a\u0430\u043b\u0430 \u0438 \u043f\u043b\u0430\u0432\u0430\u044e\u0449\u0438\u0435 \u0448\u043a\u0430\u0444\u044b \u0434\u0435\u043b\u0430\u044e\u0442 \u043f\u0440\u043e\u0441\u0442\u0440\u0430\u043d\u0441\u0442\u0432\u043e \u0431\u043e\u043b\u0435\u0435 \u043f\u0440\u043e\u0441\u0442\u043e\u0440\u043d\u044b\u043c \u0438 \u0441\u0432\u0435\u0442\u043b\u044b\u043c. \u0412\u0430\u043d\u043d\u0430 \u0441 \u043a\u0440\u0430\u0441\u043d\u044b\u043c\u0438 \u0430\u043a\u0446\u0435\u043d\u0442\u0430\u043c\u0438 \u0438 \u043a\u0440\u0430\u0441\u043d\u043e\u0435 \u043a\u0440\u0435\u0441\u043b\u043e \u043f\u0440\u0438\u0434\u0430\u044e\u0442 \u0438\u043d\u0442\u0435\u0440\u044c\u0435\u0440\u0443 \u044f\u0440\u043a\u0438\u0439 \u043a\u043e\u043b\u043e\u0440\u0438\u0442. \u041d\u043e\u043c\u0435\u0440 \u0431\u043e\u0433\u0430\u0442 \u044d\u043b\u0435\u0433\u0430\u043d\u0442\u043d\u044b\u043c\u0438 \u0438 \u043e\u0442\u043b\u0438\u0447\u0438\u0442\u0435\u043b\u044c\u043d\u044b\u043c\u0438 \u0434\u0435\u0442\u0430\u043b\u044f\u043c\u0438, \u043e\u0434\u043d\u043e\u0432\u0440\u0435\u043c\u0435\u043d\u043d\u043e \u0443\u0434\u043e\u0431\u043d\u044b\u043c\u0438 \u0438 \u0441\u0442\u0438\u043b\u044c\u043d\u044b\u043c\u0438.<\/p>","protected":false},"featured_media":18981,"comment_status":"closed","ping_status":"closed","template":"","meta":[],"product_brand":[],"product_cat":[76],"product_tag":[],"collection":[],"brand":[],"category_2":[],"catergory_brand":[],"class_list":{"0":"post-18982","1":"product","2":"type-product","3":"status-publish","4":"has-post-thumbnail","6":"product_cat-all","8":"first","9":"instock","10":"shipping-taxable","11":"product-type-simple"},"_links":{"self":[{"href":"https:\/\/simfoniya.az\/ru\/wp-json\/wp\/v2\/product\/18982","targetHints":{"allow":["GET"]}}],"collection":[{"href":"https:\/\/simfoniya.az\/ru\/wp-json\/wp\/v2\/product"}],"about":[{"href":"https:\/\/simfoniya.az\/ru\/wp-json\/wp\/v2\/types\/product"}],"replies":[{"embeddable":true,"href":"https:\/\/simfoniya.az\/ru\/wp-json\/wp\/v2\/comments?post=18982"}],"wp:featuredmedia":[{"embeddable":true,"href":"https:\/\/simfoniya.az\/ru\/wp-json\/wp\/v2\/media\/18981"}],"wp:attachment":[{"href":"https:\/\/simfoniya.az\/ru\/wp-json\/wp\/v2\/media?parent=18982"}],"wp:term":[{"taxonomy":"product_brand","embeddable":true,"href":"https:\/\/simfoniya.az\/ru\/wp-json\/wp\/v2\/product_brand?post=18982"},{"taxonomy":"product_cat","embeddable":true,"href":"https:\/\/simfoniya.az\/ru\/wp-json\/wp\/v2\/product_cat?post=18982"},{"taxonomy":"product_tag","embeddable":true,"href":"https:\/\/simfoniya.az\/ru\/wp-json\/wp\/v2\/product_tag?post=18982"},{"taxonomy":"collection","embeddable":true,"href":"https:\/\/simfoniya.az\/ru\/wp-json\/wp\/v2\/collection?post=18982"},{"taxonomy":"brand","embeddable":true,"href":"https:\/\/simfoniya.az\/ru\/wp-json\/wp\/v2\/brand?post=18982"},{"taxonomy":"category_2","embeddable":true,"href":"https:\/\/simfoniya.az\/ru\/wp-json\/wp\/v2\/category_2?post=18982"},{"taxonomy":"catergory_brand","embeddable":true,"href":"https:\/\/simfoniya.az\/ru\/wp-json\/wp\/v2\/catergory_brand?post=18982"}],"curies":[{"name":"WP","href":"https:\/\/api.w.org\/{rel}","templated":true}]}}