{"id":18988,"date":"2024-06-02T05:37:08","date_gmt":"2024-06-02T05:37:08","guid":{"rendered":"https:\/\/simfoniya.az\/product\/gb-comp-way-6346-hamam-mebeli-parlaq-goy-105x15-5x53-5-komplekt\/"},"modified":"2024-10-07T06:50:27","modified_gmt":"2024-10-07T06:50:27","slug":"gb-comp-way-6346-hamam-mebeli-parlaq-goy-105x15-5x53-5-komplekt","status":"publish","type":"product","link":"https:\/\/simfoniya.az\/ru\/product\/gb-comp-way-6346-hamam-mebeli-parlaq-goy-105x15-5x53-5-komplekt\/","title":{"rendered":"\u041a\u0435\u0440\u0430\u043c\u0430 \u041c\u0430\u0440\u0430\u0446\u0446\u0438 \/ \u041c\u0435\u0431\u0435\u043b\u044c \u041c\u043e\u0439\u043a\u0430"},"content":{"rendered":"<div class=\"flex max-w-full flex-col flex-grow\">\n<div class=\"min-h-8 text-message flex w-full flex-col items-end gap-2 whitespace-normal break-words [.text-message+&amp;]:mt-5\" dir=\"auto\" data-message-author-role=\"assistant\" data-message-id=\"7408931d-2b39-4e27-afae-74456d12e333\">\n<div class=\"flex w-full flex-col gap-1 empty:hidden first:pt-[3px]\">\n<div class=\"markdown prose w-full break-words dark:prose-invert light\">\n<p>Bu, t\u00fcnd mavi r\u0259ngd\u0259 vanna ota\u011f\u0131 dolab\u0131d\u0131r, m\u00fcasir dizayna malikdir. \u00c7oxlu \u00e7\u0259km\u0259c\u0259 v\u0259 qap\u0131s\u0131 il\u0259 geni\u015f saxlama imkan\u0131 t\u0259klif edir. Parlaq metal tutacaqlar\u0131 v\u0259 a\u011f m\u0259rm\u0259r \u00fcst s\u0259thi dolab\u0131n z\u0259rif g\u00f6r\u00fcn\u00fc\u015f\u00fcn\u00fc tamamlay\u0131r. Bu dolab, h\u0259r hans\u0131 m\u00fcasir vanna ota\u011f\u0131n\u0131 g\u00f6z\u0259ll\u0259\u015fdir\u0259c\u0259k.<\/p>\n<\/div>\n<\/div>\n<\/div>\n<\/div>\n<div class=\"mb-2 flex gap-3 empty:hidden -ml-2\">\n<div class=\"items-center justify-start rounded-xl p-1 flex\">\n<div class=\"flex items-center\"><button class=\"rounded-lg text-token-text-secondary hover:bg-token-main-surface-secondary\" aria-label=\"Read aloud\" data-testid=\"voice-play-turn-action-button\"><\/button><button class=\"rounded-lg text-token-text-secondary hover:bg-token-main-surface-secondary\" aria-label=\"\u041a\u043e\u043f\u0438\u0440\u043e\u0432\u0430\u0442\u044c\" data-testid=\"copy-turn-action-button\"><\/button><\/p>\n<div class=\"flex\"><\/div>\n<div class=\"flex items-center pb-0\"><\/div>\n<\/div>\n<\/div>\n<\/div>\n","protected":false},"excerpt":{"rendered":"<p>\u042d\u0442\u043e \u0442\u0435\u043c\u043d\u043e-\u0441\u0438\u043d\u044f\u044f \u0442\u0443\u043c\u0431\u0430 \u0434\u043b\u044f \u0432\u0430\u043d\u043d\u043e\u0439 \u043a\u043e\u043c\u043d\u0430\u0442\u044b \u0441\u043e\u0432\u0440\u0435\u043c\u0435\u043d\u043d\u043e\u0433\u043e \u0434\u0438\u0437\u0430\u0439\u043d\u0430. \u041f\u0440\u0435\u0434\u043b\u0430\u0433\u0430\u0435\u0442 \u0434\u043e\u0441\u0442\u0430\u0442\u043e\u0447\u043d\u043e \u043c\u0435\u0441\u0442\u0430 \u0434\u043b\u044f \u0445\u0440\u0430\u043d\u0435\u043d\u0438\u044f \u0441 \u043d\u0435\u0441\u043a\u043e\u043b\u044c\u043a\u0438\u043c\u0438 \u044f\u0449\u0438\u043a\u0430\u043c\u0438 \u0438 \u0434\u0432\u0435\u0440\u0446\u0430\u043c\u0438. \u041f\u043e\u043b\u0438\u0440\u043e\u0432\u0430\u043d\u043d\u044b\u0435 \u043c\u0435\u0442\u0430\u043b\u043b\u0438\u0447\u0435\u0441\u043a\u0438\u0435 \u0440\u0443\u0447\u043a\u0438 \u0438 \u0441\u0442\u043e\u043b\u0435\u0448\u043d\u0438\u0446\u0430 \u0438\u0437 \u0431\u0435\u043b\u043e\u0433\u043e \u043c\u0440\u0430\u043c\u043e\u0440\u0430 \u0437\u0430\u0432\u0435\u0440\u0448\u0430\u044e\u0442 \u044d\u043b\u0435\u0433\u0430\u043d\u0442\u043d\u044b\u0439 \u0432\u0438\u0434 \u0448\u043a\u0430\u0444\u0430. \u042d\u0442\u043e\u0442 \u0448\u043a\u0430\u0444 \u0443\u043a\u0440\u0430\u0441\u0438\u0442 \u043b\u044e\u0431\u0443\u044e \u0441\u043e\u0432\u0440\u0435\u043c\u0435\u043d\u043d\u0443\u044e \u0432\u0430\u043d\u043d\u0443\u044e \u043a\u043e\u043c\u043d\u0430\u0442\u0443.<\/p>","protected":false},"featured_media":18987,"comment_status":"closed","ping_status":"closed","template":"","meta":[],"product_brand":[],"product_cat":[76],"product_tag":[],"collection":[],"brand":[],"category_2":[],"catergory_brand":[],"class_list":{"0":"post-18988","1":"product","2":"type-product","3":"status-publish","4":"has-post-thumbnail","6":"product_cat-all","8":"first","9":"instock","10":"shipping-taxable","11":"product-type-simple"},"_links":{"self":[{"href":"https:\/\/simfoniya.az\/ru\/wp-json\/wp\/v2\/product\/18988","targetHints":{"allow":["GET"]}}],"collection":[{"href":"https:\/\/simfoniya.az\/ru\/wp-json\/wp\/v2\/product"}],"about":[{"href":"https:\/\/simfoniya.az\/ru\/wp-json\/wp\/v2\/types\/product"}],"replies":[{"embeddable":true,"href":"https:\/\/simfoniya.az\/ru\/wp-json\/wp\/v2\/comments?post=18988"}],"wp:featuredmedia":[{"embeddable":true,"href":"https:\/\/simfoniya.az\/ru\/wp-json\/wp\/v2\/media\/18987"}],"wp:attachment":[{"href":"https:\/\/simfoniya.az\/ru\/wp-json\/wp\/v2\/media?parent=18988"}],"wp:term":[{"taxonomy":"product_brand","embeddable":true,"href":"https:\/\/simfoniya.az\/ru\/wp-json\/wp\/v2\/product_brand?post=18988"},{"taxonomy":"product_cat","embeddable":true,"href":"https:\/\/simfoniya.az\/ru\/wp-json\/wp\/v2\/product_cat?post=18988"},{"taxonomy":"product_tag","embeddable":true,"href":"https:\/\/simfoniya.az\/ru\/wp-json\/wp\/v2\/product_tag?post=18988"},{"taxonomy":"collection","embeddable":true,"href":"https:\/\/simfoniya.az\/ru\/wp-json\/wp\/v2\/collection?post=18988"},{"taxonomy":"brand","embeddable":true,"href":"https:\/\/simfoniya.az\/ru\/wp-json\/wp\/v2\/brand?post=18988"},{"taxonomy":"category_2","embeddable":true,"href":"https:\/\/simfoniya.az\/ru\/wp-json\/wp\/v2\/category_2?post=18988"},{"taxonomy":"catergory_brand","embeddable":true,"href":"https:\/\/simfoniya.az\/ru\/wp-json\/wp\/v2\/catergory_brand?post=18988"}],"curies":[{"name":"WP","href":"https:\/\/api.w.org\/{rel}","templated":true}]}}