{"id":18994,"date":"2024-06-02T05:37:14","date_gmt":"2024-06-02T05:37:14","guid":{"rendered":"https:\/\/simfoniya.az\/product\/il-tempo-ante-2260-hamam-mebeli-130x60x82-komplekt\/"},"modified":"2024-10-04T12:58:01","modified_gmt":"2024-10-04T12:58:01","slug":"il-tempo-ante-2260-hamam-mebeli-130x60x82-komplekt","status":"publish","type":"product","link":"https:\/\/simfoniya.az\/ru\/product\/il-tempo-ante-2260-hamam-mebeli-130x60x82-komplekt\/","title":{"rendered":"\u0422\u0435\u043c\u043f\u043e \u0410\u043d\u0442\u0435 \/ \u041c\u0435\u0431\u0435\u043b\u044c"},"content":{"rendered":"<div class=\"flex max-w-full flex-col flex-grow\">\n<div class=\"min-h-8 text-message flex w-full flex-col items-end gap-2 whitespace-normal break-words [.text-message+&amp;]:mt-5\" dir=\"auto\" data-message-author-role=\"assistant\" data-message-id=\"e26eaa00-46d3-408e-8564-3ca3ab77d7e1\">\n<div class=\"flex w-full flex-col gap-1 empty:hidden first:pt-[3px]\">\n<div class=\"markdown prose w-full break-words dark:prose-invert light\">\n<p>Bu, qara r\u0259ngd\u0259 v\u0259 qeyri-adi dizayna malik vanna ota\u011f\u0131 dolab\u0131 v\u0259 uy\u011fun aynas\u0131d\u0131r. Dolab\u0131n \u00f6n hiss\u0259si par\u0131ldayan metal t\u0259p\u0259l\u0259rl\u0259 b\u0259z\u0259dilib ki, bu ona d\u0259bli v\u0259 m\u00fcasir bir g\u00f6r\u00fcn\u00fc\u015f verir. Eyrilmi\u015f ayaqlar\u0131 v\u0259 q\u0259l\u0259vi \u00e7\u0259r\u00e7iv\u0259si il\u0259 ayna, dolab\u0131n dizayn\u0131n\u0131 tamamlay\u0131r v\u0259 interyera inc\u0259 bir z\u0259riflik \u0259lav\u0259 edir. Bu d\u0259st, h\u0259r hans\u0131 m\u00fcasir vanna ota\u011f\u0131n\u0131 g\u00f6z\u0259l v\u0259 i\u015fl\u0259k bir m\u0259kana \u00e7evirm\u0259k \u00fc\u00e7\u00fcn ideald\u0131r.<\/p>\n<\/div>\n<\/div>\n<\/div>\n<\/div>\n<div class=\"mb-2 flex gap-3 empty:hidden -ml-2\">\n<div class=\"items-center justify-start rounded-xl p-1 flex\">\n<div class=\"flex items-center\"><button class=\"rounded-lg text-token-text-secondary hover:bg-token-main-surface-secondary\" aria-label=\"Read aloud\" data-testid=\"voice-play-turn-action-button\"><\/button><button class=\"rounded-lg text-token-text-secondary hover:bg-token-main-surface-secondary\" aria-label=\"\u041a\u043e\u043f\u0438\u0440\u043e\u0432\u0430\u0442\u044c\" data-testid=\"copy-turn-action-button\"><\/button><\/p>\n<div class=\"flex\"><\/div>\n<div class=\"flex items-center pb-0\"><\/div>\n<\/div>\n<\/div>\n<\/div>\n","protected":false},"excerpt":{"rendered":"<p>Bu, qara r\u0259ngd\u0259 v\u0259 qeyri-adi dizayna malik vanna ota\u011f\u0131 dolab\u0131 v\u0259 uy\u011fun aynas\u0131d\u0131r. Dolab\u0131n \u00f6n hiss\u0259si par\u0131ldayan metal t\u0259p\u0259l\u0259rl\u0259 b\u0259z\u0259dilib ki, bu ona d\u0259bli v\u0259 m\u00fcasir bir g\u00f6r\u00fcn\u00fc\u015f verir. Eyrilmi\u015f ayaqlar\u0131 v\u0259 q\u0259l\u0259vi \u00e7\u0259r\u00e7iv\u0259si il\u0259 ayna, dolab\u0131n dizayn\u0131n\u0131 tamamlay\u0131r v\u0259 interyera inc\u0259 bir z\u0259riflik \u0259lav\u0259 edir. Bu d\u0259st, h\u0259r hans\u0131 m\u00fcasir vanna ota\u011f\u0131n\u0131 g\u00f6z\u0259l v\u0259 i\u015fl\u0259k bir m\u0259kana \u00e7evirm\u0259k \u00fc\u00e7\u00fcn\u2026<\/p>","protected":false},"featured_media":22970,"comment_status":"closed","ping_status":"closed","template":"","meta":[],"product_brand":[],"product_cat":[1506],"product_tag":[],"collection":[],"brand":[1505],"category_2":[],"catergory_brand":[],"class_list":{"0":"post-18994","1":"product","2":"type-product","3":"status-publish","4":"has-post-thumbnail","6":"product_cat-bathroom-vanity","7":"brand-il-tempo","9":"first","10":"instock","11":"shipping-taxable","12":"product-type-simple"},"_links":{"self":[{"href":"https:\/\/simfoniya.az\/ru\/wp-json\/wp\/v2\/product\/18994","targetHints":{"allow":["GET"]}}],"collection":[{"href":"https:\/\/simfoniya.az\/ru\/wp-json\/wp\/v2\/product"}],"about":[{"href":"https:\/\/simfoniya.az\/ru\/wp-json\/wp\/v2\/types\/product"}],"replies":[{"embeddable":true,"href":"https:\/\/simfoniya.az\/ru\/wp-json\/wp\/v2\/comments?post=18994"}],"wp:featuredmedia":[{"embeddable":true,"href":"https:\/\/simfoniya.az\/ru\/wp-json\/wp\/v2\/media\/22970"}],"wp:attachment":[{"href":"https:\/\/simfoniya.az\/ru\/wp-json\/wp\/v2\/media?parent=18994"}],"wp:term":[{"taxonomy":"product_brand","embeddable":true,"href":"https:\/\/simfoniya.az\/ru\/wp-json\/wp\/v2\/product_brand?post=18994"},{"taxonomy":"product_cat","embeddable":true,"href":"https:\/\/simfoniya.az\/ru\/wp-json\/wp\/v2\/product_cat?post=18994"},{"taxonomy":"product_tag","embeddable":true,"href":"https:\/\/simfoniya.az\/ru\/wp-json\/wp\/v2\/product_tag?post=18994"},{"taxonomy":"collection","embeddable":true,"href":"https:\/\/simfoniya.az\/ru\/wp-json\/wp\/v2\/collection?post=18994"},{"taxonomy":"brand","embeddable":true,"href":"https:\/\/simfoniya.az\/ru\/wp-json\/wp\/v2\/brand?post=18994"},{"taxonomy":"category_2","embeddable":true,"href":"https:\/\/simfoniya.az\/ru\/wp-json\/wp\/v2\/category_2?post=18994"},{"taxonomy":"catergory_brand","embeddable":true,"href":"https:\/\/simfoniya.az\/ru\/wp-json\/wp\/v2\/catergory_brand?post=18994"}],"curies":[{"name":"WP","href":"https:\/\/api.w.org\/{rel}","templated":true}]}}