{"id":19006,"date":"2024-06-02T05:37:39","date_gmt":"2024-06-02T05:37:39","guid":{"rendered":"https:\/\/simfoniya.az\/product\/kerama-marazzi-artbasin-sabbia-rakovina-malva-mat\/"},"modified":"2024-11-04T08:53:46","modified_gmt":"2024-11-04T08:53:46","slug":"kerama-marazzi-artbasin-sabbia-rakovina-malva-mat","status":"publish","type":"product","link":"https:\/\/simfoniya.az\/ru\/product\/kerama-marazzi-artbasin-sabbia-rakovina-malva-mat\/","title":{"rendered":"\u041a\u0435\u0440\u0430\u043c\u0430 \u041c\u0430\u0440\u0430\u0446\u0446\u0438 \/ \u041c\u043e\u0439\u043a\u0430"},"content":{"rendered":"<div class=\"flex max-w-full flex-col flex-grow\">\n<div class=\"min-h-8 text-message flex w-full flex-col items-end gap-2 whitespace-normal break-words [.text-message+&amp;]:mt-5\" dir=\"auto\" data-message-author-role=\"assistant\" data-message-id=\"c9ef2109-75fe-4ff8-8050-66531820faf1\">\n<div class=\"flex w-full flex-col gap-1 empty:hidden first:pt-[3px]\">\n<div class=\"markdown prose w-full break-words dark:prose-invert light\">\n<p>A\u00e7\u0131q boz r\u0259ngd\u0259 v\u0259 q\u0131r\u0131\u015fl\u0131 dizayna malik dair\u0259vi moyka. Bu stil ona m\u00fcasir v\u0259 unikal g\u00f6r\u00fcn\u00fc\u015f verir, m\u00fcasir hamam ota\u011f\u0131 v\u0259 ya m\u0259tb\u0259x interyerl\u0259rin\u0259 yax\u015f\u0131 uy\u011funla\u015f\u0131r. Moyka, ehtimal ki, keramika v\u0259 ya ox\u015far materialdan haz\u0131rlanm\u0131\u015fd\u0131r ki, bu da sad\u0259lik v\u0259 t\u0259mizlik estetikas\u0131n\u0131 \u0259lav\u0259 edir.<\/p>\n<\/div>\n<\/div>\n<\/div>\n<\/div>\n<div class=\"mb-2 flex gap-3 empty:hidden -ml-2\">\n<div class=\"items-center justify-start rounded-xl p-1 flex\">\n<div class=\"flex items-center\">\n<p>&nbsp;<\/p>\n<div class=\"flex\"><\/div>\n<div class=\"flex items-center pb-0\"><\/div>\n<\/div>\n<\/div>\n<\/div>\n","protected":false},"excerpt":{"rendered":"<p>\u041a\u0440\u0443\u0433\u043b\u0430\u044f \u043c\u043e\u0447\u0430\u043b\u043a\u0430 \u0441\u0432\u0435\u0442\u043b\u043e-\u0441\u0435\u0440\u043e\u0433\u043e \u0446\u0432\u0435\u0442\u0430 \u0441\u043e \u0441\u043a\u043b\u0430\u0434\u043a\u0430\u043c\u0438. \u042d\u0442\u043e\u0442 \u0441\u0442\u0438\u043b\u044c \u043f\u0440\u0438\u0434\u0430\u0435\u0442 \u0435\u043c\u0443 \u0441\u043e\u0432\u0440\u0435\u043c\u0435\u043d\u043d\u044b\u0439 \u0438 \u0443\u043d\u0438\u043a\u0430\u043b\u044c\u043d\u044b\u0439 \u0432\u0438\u0434, \u0445\u043e\u0440\u043e\u0448\u043e \u043f\u043e\u0434\u0445\u043e\u0434\u044f\u0449\u0438\u0439 \u0434\u043b\u044f \u0441\u043e\u0432\u0440\u0435\u043c\u0435\u043d\u043d\u043e\u0433\u043e \u0438\u043d\u0442\u0435\u0440\u044c\u0435\u0440\u0430 \u0432\u0430\u043d\u043d\u043e\u0439 \u043a\u043e\u043c\u043d\u0430\u0442\u044b \u0438\u043b\u0438 \u043a\u0443\u0445\u043d\u0438. \u0420\u0430\u043a\u043e\u0432\u0438\u043d\u0430, \u0432\u0435\u0440\u043e\u044f\u0442\u043d\u043e, \u0438\u0437\u0433\u043e\u0442\u043e\u0432\u043b\u0435\u043d\u0430 \u0438\u0437 \u043a\u0435\u0440\u0430\u043c\u0438\u043a\u0438 \u0438\u043b\u0438 \u0430\u043d\u0430\u043b\u043e\u0433\u0438\u0447\u043d\u043e\u0433\u043e \u043c\u0430\u0442\u0435\u0440\u0438\u0430\u043b\u0430, \u0447\u0442\u043e \u0434\u043e\u0431\u0430\u0432\u043b\u044f\u0435\u0442 \u044d\u0441\u0442\u0435\u0442\u0438\u043a\u0435 \u043f\u0440\u043e\u0441\u0442\u043e\u0442\u044b \u0438 \u0447\u0438\u0441\u0442\u043e\u0442\u044b. &nbsp;<\/p>","protected":false},"featured_media":19005,"comment_status":"closed","ping_status":"closed","template":"","meta":[],"product_brand":[],"product_cat":[1461],"product_tag":[],"collection":[],"brand":[79],"category_2":[],"catergory_brand":[],"class_list":{"0":"post-19006","1":"product","2":"type-product","3":"status-publish","4":"has-post-thumbnail","6":"product_cat-wash-basins","7":"brand-kerama-marazzi","9":"first","10":"instock","11":"shipping-taxable","12":"product-type-simple"},"_links":{"self":[{"href":"https:\/\/simfoniya.az\/ru\/wp-json\/wp\/v2\/product\/19006","targetHints":{"allow":["GET"]}}],"collection":[{"href":"https:\/\/simfoniya.az\/ru\/wp-json\/wp\/v2\/product"}],"about":[{"href":"https:\/\/simfoniya.az\/ru\/wp-json\/wp\/v2\/types\/product"}],"replies":[{"embeddable":true,"href":"https:\/\/simfoniya.az\/ru\/wp-json\/wp\/v2\/comments?post=19006"}],"wp:featuredmedia":[{"embeddable":true,"href":"https:\/\/simfoniya.az\/ru\/wp-json\/wp\/v2\/media\/19005"}],"wp:attachment":[{"href":"https:\/\/simfoniya.az\/ru\/wp-json\/wp\/v2\/media?parent=19006"}],"wp:term":[{"taxonomy":"product_brand","embeddable":true,"href":"https:\/\/simfoniya.az\/ru\/wp-json\/wp\/v2\/product_brand?post=19006"},{"taxonomy":"product_cat","embeddable":true,"href":"https:\/\/simfoniya.az\/ru\/wp-json\/wp\/v2\/product_cat?post=19006"},{"taxonomy":"product_tag","embeddable":true,"href":"https:\/\/simfoniya.az\/ru\/wp-json\/wp\/v2\/product_tag?post=19006"},{"taxonomy":"collection","embeddable":true,"href":"https:\/\/simfoniya.az\/ru\/wp-json\/wp\/v2\/collection?post=19006"},{"taxonomy":"brand","embeddable":true,"href":"https:\/\/simfoniya.az\/ru\/wp-json\/wp\/v2\/brand?post=19006"},{"taxonomy":"category_2","embeddable":true,"href":"https:\/\/simfoniya.az\/ru\/wp-json\/wp\/v2\/category_2?post=19006"},{"taxonomy":"catergory_brand","embeddable":true,"href":"https:\/\/simfoniya.az\/ru\/wp-json\/wp\/v2\/catergory_brand?post=19006"}],"curies":[{"name":"WP","href":"https:\/\/api.w.org\/{rel}","templated":true}]}}